{"id":986,"date":"2022-07-16T09:04:12","date_gmt":"2022-07-16T09:04:12","guid":{"rendered":"https:\/\/lucijatomicic.com\/?page_id=986"},"modified":"2024-06-25T10:39:52","modified_gmt":"2024-06-25T10:39:52","slug":"drop","status":"publish","type":"page","link":"https:\/\/lucijatomicic.com\/sr\/drop\/","title":{"rendered":"kap"},"content":{"rendered":"<div data-elementor-type=\"wp-page\" data-elementor-id=\"986\" class=\"elementor elementor-986\">\n\t\t\t\t\t\t<section class=\"elementor-section elementor-top-section elementor-element elementor-element-e19d01d elementor-section-boxed elementor-section-height-default elementor-section-height-default\" data-id=\"e19d01d\" data-element_type=\"section\">\n\t\t\t\t\t\t<div class=\"elementor-container elementor-column-gap-default\">\n\t\t\t\t\t<div class=\"elementor-column elementor-col-100 elementor-top-column elementor-element elementor-element-7e69924\" data-id=\"7e69924\" data-element_type=\"column\">\n\t\t\t<div class=\"elementor-widget-wrap elementor-element-populated\">\n\t\t\t\t\t\t<div class=\"elementor-element elementor-element-98a6419 elementor-widget elementor-widget-text-editor\" data-id=\"98a6419\" data-element_type=\"widget\" data-widget_type=\"text-editor.default\">\n\t\t\t\t<div class=\"elementor-widget-container\">\n\t\t\t\t\t\t\t\t\t<p><strong>luster KAP 2008<\/strong><\/p>\t\t\t\t\t\t\t\t<\/div>\n\t\t\t\t<\/div>\n\t\t\t\t\t<\/div>\n\t\t<\/div>\n\t\t\t\t\t<\/div>\n\t\t<\/section>\n\t\t\t\t<section class=\"elementor-section elementor-top-section elementor-element elementor-element-58326f7 elementor-section-boxed elementor-section-height-default elementor-section-height-default\" data-id=\"58326f7\" data-element_type=\"section\">\n\t\t\t\t\t\t<div class=\"elementor-container elementor-column-gap-default\">\n\t\t\t\t\t<div class=\"elementor-column elementor-col-50 elementor-top-column elementor-element elementor-element-2cc7d9b\" data-id=\"2cc7d9b\" data-element_type=\"column\">\n\t\t\t<div class=\"elementor-widget-wrap elementor-element-populated\">\n\t\t\t\t\t\t<div class=\"elementor-element elementor-element-b944426 elementor-widget elementor-widget-text-editor\" data-id=\"b944426\" data-element_type=\"widget\" data-widget_type=\"text-editor.default\">\n\t\t\t\t<div class=\"elementor-widget-container\">\n\t\t\t\t\t\t\t\t\t<h5 style=\"margin-bottom: .0001pt; background: white;\"><span lang=\"EN-US\" style=\"font-family: 'Segoe UI',sans-serif; color: black;\">Ovaj luster se sastoji od stakala koja  se ka\u010de na vise\u0107e lance, \u0161to omogu\u0107ava pravljenje razli\u010ditih kompozicija tj. oblika lustera. Sam oblik stakla me asocirao na kapljicu vode. Grupisanjem stakala u jednu nepravilnu skupinu stvara se utisak  da kapljice vode kapaju sa plafona.<\/span><\/h5>\t\t\t\t\t\t\t\t<\/div>\n\t\t\t\t<\/div>\n\t\t\t\t<div class=\"elementor-element elementor-element-8ccf7e0 elementor-widget elementor-widget-text-editor\" data-id=\"8ccf7e0\" data-element_type=\"widget\" data-widget_type=\"text-editor.default\">\n\t\t\t\t<div class=\"elementor-widget-container\">\n\t\t\t\t\t\t\t\t\t<p style=\"background: white;\"><span lang=\"EN-US\" style=\"font-family: 'Segoe UI',sans-serif; color: black;\">Material: metal, ogledalo, stakleni delovi, metalni lanci<\/span><\/p><p style=\"background: white;\"><span lang=\"EN-US\" style=\"font-family: 'Segoe UI',sans-serif; color: black;\">Dimenzje:  V 54cm    \u0160  42cm \/ <\/span><span lang=\"EN-US\" style=\"font-family: 'Segoe UI',sans-serif; color: black;\">V 56cm    \u0160  42cm<\/span><\/p><p style=\"background: white;\"><span lang=\"EN-US\" style=\"font-family: 'Segoe UI',sans-serif; color: black;\">Du\u017eina stakala 16cm<\/span><\/p><p style=\"background: white;\"><span lang=\"EN-US\" style=\"font-family: 'Segoe UI',sans-serif; color: black;\">ru\u010dno ra\u0111eno<\/span><\/p><p style=\"margin-bottom: .0001pt; background: white;\"><span lang=\"EN-US\" style=\"font-family: 'Segoe UI',sans-serif; color: black;\">Fotografije  Vladimir Popovi\u0107<\/span><\/p>\t\t\t\t\t\t\t\t<\/div>\n\t\t\t\t<\/div>\n\t\t\t\t\t<\/div>\n\t\t<\/div>\n\t\t\t\t<div class=\"elementor-column elementor-col-50 elementor-top-column elementor-element elementor-element-718aee0\" data-id=\"718aee0\" data-element_type=\"column\">\n\t\t\t<div class=\"elementor-widget-wrap elementor-element-populated\">\n\t\t\t\t\t\t<div class=\"elementor-element elementor-element-0ccfc0c elementor-widget elementor-widget-image\" data-id=\"0ccfc0c\" data-element_type=\"widget\" data-widget_type=\"image.default\">\n\t\t\t\t<div class=\"elementor-widget-container\">\n\t\t\t\t\t\t\t\t\t\t\t\t\t\t\t<img fetchpriority=\"high\" decoding=\"async\" width=\"800\" height=\"534\" src=\"https:\/\/lucijatomicic.com\/wp-content\/uploads\/2022\/07\/VPP4584-1-1.jpg\" class=\"attachment-large size-large wp-image-989\" alt=\"\" srcset=\"https:\/\/lucijatomicic.com\/wp-content\/uploads\/2022\/07\/VPP4584-1-1.jpg 1000w, https:\/\/lucijatomicic.com\/wp-content\/uploads\/2022\/07\/VPP4584-1-1-300x200.jpg 300w, https:\/\/lucijatomicic.com\/wp-content\/uploads\/2022\/07\/VPP4584-1-1-768x512.jpg 768w\" sizes=\"(max-width: 800px) 100vw, 800px\" \/>\t\t\t\t\t\t\t\t\t\t\t\t\t\t\t<\/div>\n\t\t\t\t<\/div>\n\t\t\t\t\t<\/div>\n\t\t<\/div>\n\t\t\t\t\t<\/div>\n\t\t<\/section>\n\t\t\t\t<section class=\"elementor-section elementor-top-section elementor-element elementor-element-2ffe662 elementor-section-boxed elementor-section-height-default elementor-section-height-default\" data-id=\"2ffe662\" data-element_type=\"section\">\n\t\t\t\t\t\t<div class=\"elementor-container elementor-column-gap-default\">\n\t\t\t\t\t<div class=\"elementor-column elementor-col-100 elementor-top-column elementor-element elementor-element-04f8c29\" data-id=\"04f8c29\" data-element_type=\"column\">\n\t\t\t<div class=\"elementor-widget-wrap elementor-element-populated\">\n\t\t\t\t\t\t<div class=\"elementor-element elementor-element-175939d gallery-spacing-custom elementor-widget elementor-widget-image-gallery\" data-id=\"175939d\" data-element_type=\"widget\" data-widget_type=\"image-gallery.default\">\n\t\t\t\t<div class=\"elementor-widget-container\">\n\t\t\t\t\t\t\t<div class=\"elementor-image-gallery\">\n\t\t\t<div id='gallery-1' class='gallery galleryid-986 gallery-columns-3 gallery-size-medium_large'><figure class='gallery-item'>\n\t\t\t<div class='gallery-icon portrait'>\n\t\t\t\t<a data-elementor-open-lightbox=\"yes\" data-elementor-lightbox-slideshow=\"175939d\" data-e-action-hash=\"#elementor-action%3Aaction%3Dlightbox%26settings%3DeyJpZCI6OTk1LCJ1cmwiOiJodHRwczpcL1wvbHVjaWphdG9taWNpYy5jb21cL3dwLWNvbnRlbnRcL3VwbG9hZHNcLzIwMjJcLzA3XC9WUFA0NTgwMTEtMS5qcGciLCJzbGlkZXNob3ciOiIxNzU5MzlkIn0%3D\" href='https:\/\/lucijatomicic.com\/wp-content\/uploads\/2022\/07\/VPP458011-1.jpg'><img decoding=\"async\" width=\"667\" height=\"949\" src=\"https:\/\/lucijatomicic.com\/wp-content\/uploads\/2022\/07\/VPP458011-1.jpg\" class=\"attachment-medium_large size-medium_large\" alt=\"\" srcset=\"https:\/\/lucijatomicic.com\/wp-content\/uploads\/2022\/07\/VPP458011-1.jpg 667w, https:\/\/lucijatomicic.com\/wp-content\/uploads\/2022\/07\/VPP458011-1-211x300.jpg 211w\" sizes=\"(max-width: 667px) 100vw, 667px\" \/><\/a>\n\t\t\t<\/div><\/figure><figure class='gallery-item'>\n\t\t\t<div class='gallery-icon portrait'>\n\t\t\t\t<a data-elementor-open-lightbox=\"yes\" data-elementor-lightbox-slideshow=\"175939d\" data-e-action-hash=\"#elementor-action%3Aaction%3Dlightbox%26settings%3DeyJpZCI6OTk0LCJ1cmwiOiJodHRwczpcL1wvbHVjaWphdG9taWNpYy5jb21cL3dwLWNvbnRlbnRcL3VwbG9hZHNcLzIwMjJcLzA3XC9WUFA0NTc5MTEtMS5qcGciLCJzbGlkZXNob3ciOiIxNzU5MzlkIn0%3D\" href='https:\/\/lucijatomicic.com\/wp-content\/uploads\/2022\/07\/VPP457911-1.jpg'><img decoding=\"async\" width=\"668\" height=\"947\" src=\"https:\/\/lucijatomicic.com\/wp-content\/uploads\/2022\/07\/VPP457911-1.jpg\" class=\"attachment-medium_large size-medium_large\" alt=\"\" srcset=\"https:\/\/lucijatomicic.com\/wp-content\/uploads\/2022\/07\/VPP457911-1.jpg 668w, https:\/\/lucijatomicic.com\/wp-content\/uploads\/2022\/07\/VPP457911-1-212x300.jpg 212w\" sizes=\"(max-width: 668px) 100vw, 668px\" \/><\/a>\n\t\t\t<\/div><\/figure><figure class='gallery-item'>\n\t\t\t<div class='gallery-icon portrait'>\n\t\t\t\t<a data-elementor-open-lightbox=\"yes\" data-elementor-lightbox-slideshow=\"175939d\" data-e-action-hash=\"#elementor-action%3Aaction%3Dlightbox%26settings%3DeyJpZCI6OTkzLCJ1cmwiOiJodHRwczpcL1wvbHVjaWphdG9taWNpYy5jb21cL3dwLWNvbnRlbnRcL3VwbG9hZHNcLzIwMjJcLzA3XC9WUFA0NTczLmpwZyIsInNsaWRlc2hvdyI6IjE3NTkzOWQifQ%3D%3D\" href='https:\/\/lucijatomicic.com\/wp-content\/uploads\/2022\/07\/VPP4573.jpg'><img loading=\"lazy\" decoding=\"async\" width=\"768\" height=\"960\" src=\"https:\/\/lucijatomicic.com\/wp-content\/uploads\/2022\/07\/VPP4573.jpg\" class=\"attachment-medium_large size-medium_large\" alt=\"\" srcset=\"https:\/\/lucijatomicic.com\/wp-content\/uploads\/2022\/07\/VPP4573.jpg 768w, https:\/\/lucijatomicic.com\/wp-content\/uploads\/2022\/07\/VPP4573-240x300.jpg 240w\" sizes=\"(max-width: 768px) 100vw, 768px\" \/><\/a>\n\t\t\t<\/div><\/figure>\n\t\t<\/div>\n\t\t<\/div>\n\t\t\t\t\t\t<\/div>\n\t\t\t\t<\/div>\n\t\t\t\t\t<\/div>\n\t\t<\/div>\n\t\t\t\t\t<\/div>\n\t\t<\/section>\n\t\t\t\t<\/div>","protected":false},"excerpt":{"rendered":"<p>chandelier DROP 2008 This chandelier consists of glass pieces hooked on hanging chains which makes it possible to make different compositions, i.e. shapes of the chandelier. The shape of the glass pieces resembles a drop of water. By positioning the glass pieces into an irregular group I created an impression that the droplets are dripping [&hellip;]<\/p>","protected":false},"author":1,"featured_media":0,"parent":0,"menu_order":0,"comment_status":"closed","ping_status":"closed","template":"","meta":{"footnotes":""},"class_list":["post-986","page","type-page","status-publish","hentry"],"_links":{"self":[{"href":"https:\/\/lucijatomicic.com\/sr\/wp-json\/wp\/v2\/pages\/986","targetHints":{"allow":["GET"]}}],"collection":[{"href":"https:\/\/lucijatomicic.com\/sr\/wp-json\/wp\/v2\/pages"}],"about":[{"href":"https:\/\/lucijatomicic.com\/sr\/wp-json\/wp\/v2\/types\/page"}],"author":[{"embeddable":true,"href":"https:\/\/lucijatomicic.com\/sr\/wp-json\/wp\/v2\/users\/1"}],"replies":[{"embeddable":true,"href":"https:\/\/lucijatomicic.com\/sr\/wp-json\/wp\/v2\/comments?post=986"}],"version-history":[{"count":28,"href":"https:\/\/lucijatomicic.com\/sr\/wp-json\/wp\/v2\/pages\/986\/revisions"}],"predecessor-version":[{"id":2910,"href":"https:\/\/lucijatomicic.com\/sr\/wp-json\/wp\/v2\/pages\/986\/revisions\/2910"}],"wp:attachment":[{"href":"https:\/\/lucijatomicic.com\/sr\/wp-json\/wp\/v2\/media?parent=986"}],"curies":[{"name":"wp","href":"https:\/\/api.w.org\/{rel}","templated":true}]}}