{"id":974,"date":"2022-07-16T08:54:51","date_gmt":"2022-07-16T08:54:51","guid":{"rendered":"https:\/\/lucijatomicic.com\/?page_id=974"},"modified":"2025-03-05T02:05:52","modified_gmt":"2025-03-05T02:05:52","slug":"word","status":"publish","type":"page","link":"https:\/\/lucijatomicic.com\/sr\/word\/","title":{"rendered":"re\u010d"},"content":{"rendered":"<div data-elementor-type=\"wp-page\" data-elementor-id=\"974\" class=\"elementor elementor-974\">\n\t\t\t\t\t\t<section class=\"elementor-section elementor-top-section elementor-element elementor-element-4cdbba5 elementor-section-boxed elementor-section-height-default elementor-section-height-default\" data-id=\"4cdbba5\" data-element_type=\"section\">\n\t\t\t\t\t\t<div class=\"elementor-container elementor-column-gap-default\">\n\t\t\t\t\t<div class=\"elementor-column elementor-col-100 elementor-top-column elementor-element elementor-element-1f0e5aa\" data-id=\"1f0e5aa\" data-element_type=\"column\">\n\t\t\t<div class=\"elementor-widget-wrap elementor-element-populated\">\n\t\t\t\t\t\t<div class=\"elementor-element elementor-element-24633fa elementor-widget elementor-widget-text-editor\" data-id=\"24633fa\" data-element_type=\"widget\" data-widget_type=\"text-editor.default\">\n\t\t\t\t<div class=\"elementor-widget-container\">\n\t\t\t\t\t\t\t\t\t<p><strong>Luster RE\u010c<\/strong> <strong>2015<\/strong><\/p>\t\t\t\t\t\t\t\t<\/div>\n\t\t\t\t<\/div>\n\t\t\t\t\t<\/div>\n\t\t<\/div>\n\t\t\t\t\t<\/div>\n\t\t<\/section>\n\t\t\t\t<section class=\"elementor-section elementor-top-section elementor-element elementor-element-61856b5 elementor-section-boxed elementor-section-height-default elementor-section-height-default\" data-id=\"61856b5\" data-element_type=\"section\">\n\t\t\t\t\t\t<div class=\"elementor-container elementor-column-gap-default\">\n\t\t\t\t\t<div class=\"elementor-column elementor-col-100 elementor-top-column elementor-element elementor-element-0c7a329\" data-id=\"0c7a329\" data-element_type=\"column\">\n\t\t\t<div class=\"elementor-widget-wrap elementor-element-populated\">\n\t\t\t\t\t\t<div class=\"elementor-element elementor-element-7638696 elementor-widget elementor-widget-text-editor\" data-id=\"7638696\" data-element_type=\"widget\" data-widget_type=\"text-editor.default\">\n\t\t\t\t<div class=\"elementor-widget-container\">\n\t\t\t\t\t\t\t\t\t<h5>Luster je napravljen za izlo\u017ebu RE\u010c.<\/h5><p>Na belu, metalnu konstrukciju se stavlja aba\u017eur od belog pergamenta, na \u010dijem je donjem rubu, \n crnim tu\u0161em, ru\u010dno ispisana izjava slikara Leonarda da Vin\u010dija: \u201eUmetnost nije nikada zavr\u0161ena - samo napu\u0161tena.\u201c<\/p><p>Tri slova A, R, T su ispisana crvenim tu\u0161em.<\/p>\t\t\t\t\t\t\t\t<\/div>\n\t\t\t\t<\/div>\n\t\t\t\t\t<\/div>\n\t\t<\/div>\n\t\t\t\t\t<\/div>\n\t\t<\/section>\n\t\t\t\t<section class=\"elementor-section elementor-top-section elementor-element elementor-element-454a0e6 elementor-section-boxed elementor-section-height-default elementor-section-height-default\" data-id=\"454a0e6\" data-element_type=\"section\">\n\t\t\t\t\t\t<div class=\"elementor-container elementor-column-gap-default\">\n\t\t\t\t\t<div class=\"elementor-column elementor-col-100 elementor-top-column elementor-element elementor-element-c3a53e3\" data-id=\"c3a53e3\" data-element_type=\"column\">\n\t\t\t<div class=\"elementor-widget-wrap elementor-element-populated\">\n\t\t\t\t\t\t<div class=\"elementor-element elementor-element-8afaf8a gallery-spacing-custom elementor-widget elementor-widget-image-gallery\" data-id=\"8afaf8a\" data-element_type=\"widget\" data-widget_type=\"image-gallery.default\">\n\t\t\t\t<div class=\"elementor-widget-container\">\n\t\t\t\t\t\t\t<div class=\"elementor-image-gallery\">\n\t\t\t<div id='gallery-1' class='gallery galleryid-974 gallery-columns-2 gallery-size-large'><figure class='gallery-item'>\n\t\t\t<div class='gallery-icon portrait'>\n\t\t\t\t<a data-elementor-open-lightbox=\"yes\" data-elementor-lightbox-slideshow=\"8afaf8a\" data-e-action-hash=\"#elementor-action%3Aaction%3Dlightbox%26settings%3DeyJpZCI6MTMyNiwidXJsIjoiaHR0cHM6XC9cL2x1Y2lqYXRvbWljaWMuY29tXC93cC1jb250ZW50XC91cGxvYWRzXC8yMDIyXC8wN1wvTHVzdGVyLVJFQy1iZXotc3ZldGxhLXNjYWxlZC5qcGciLCJzbGlkZXNob3ciOiI4YWZhZjhhIn0%3D\" href='https:\/\/lucijatomicic.com\/wp-content\/uploads\/2022\/07\/Luster-REC-bez-svetla-scaled.jpg'><img fetchpriority=\"high\" decoding=\"async\" width=\"683\" height=\"1024\" src=\"https:\/\/lucijatomicic.com\/wp-content\/uploads\/2022\/07\/Luster-REC-bez-svetla-683x1024.jpg\" class=\"attachment-large size-large\" alt=\"\" srcset=\"https:\/\/lucijatomicic.com\/wp-content\/uploads\/2022\/07\/Luster-REC-bez-svetla-683x1024.jpg 683w, https:\/\/lucijatomicic.com\/wp-content\/uploads\/2022\/07\/Luster-REC-bez-svetla-200x300.jpg 200w, https:\/\/lucijatomicic.com\/wp-content\/uploads\/2022\/07\/Luster-REC-bez-svetla-768x1151.jpg 768w, https:\/\/lucijatomicic.com\/wp-content\/uploads\/2022\/07\/Luster-REC-bez-svetla-1025x1536.jpg 1025w, https:\/\/lucijatomicic.com\/wp-content\/uploads\/2022\/07\/Luster-REC-bez-svetla-1367x2048.jpg 1367w, https:\/\/lucijatomicic.com\/wp-content\/uploads\/2022\/07\/Luster-REC-bez-svetla-8x12.jpg 8w, https:\/\/lucijatomicic.com\/wp-content\/uploads\/2022\/07\/Luster-REC-bez-svetla-scaled.jpg 1709w\" sizes=\"(max-width: 683px) 100vw, 683px\" \/><\/a>\n\t\t\t<\/div><\/figure><figure class='gallery-item'>\n\t\t\t<div class='gallery-icon portrait'>\n\t\t\t\t<a data-elementor-open-lightbox=\"yes\" data-elementor-lightbox-slideshow=\"8afaf8a\" data-e-action-hash=\"#elementor-action%3Aaction%3Dlightbox%26settings%3DeyJpZCI6MTMzNiwidXJsIjoiaHR0cHM6XC9cL2x1Y2lqYXRvbWljaWMuY29tXC93cC1jb250ZW50XC91cGxvYWRzXC8yMDIyXC8wN1wvTHVzdGVyLVJFQy1zdmV0bG8tc2NhbGVkLmpwZyIsInNsaWRlc2hvdyI6IjhhZmFmOGEifQ%3D%3D\" href='https:\/\/lucijatomicic.com\/wp-content\/uploads\/2022\/07\/Luster-REC-svetlo-scaled.jpg'><img decoding=\"async\" width=\"683\" height=\"1024\" src=\"https:\/\/lucijatomicic.com\/wp-content\/uploads\/2022\/07\/Luster-REC-svetlo-683x1024.jpg\" class=\"attachment-large size-large\" alt=\"\" srcset=\"https:\/\/lucijatomicic.com\/wp-content\/uploads\/2022\/07\/Luster-REC-svetlo-683x1024.jpg 683w, https:\/\/lucijatomicic.com\/wp-content\/uploads\/2022\/07\/Luster-REC-svetlo-200x300.jpg 200w, https:\/\/lucijatomicic.com\/wp-content\/uploads\/2022\/07\/Luster-REC-svetlo-768x1151.jpg 768w, https:\/\/lucijatomicic.com\/wp-content\/uploads\/2022\/07\/Luster-REC-svetlo-1025x1536.jpg 1025w, https:\/\/lucijatomicic.com\/wp-content\/uploads\/2022\/07\/Luster-REC-svetlo-1367x2048.jpg 1367w, https:\/\/lucijatomicic.com\/wp-content\/uploads\/2022\/07\/Luster-REC-svetlo-8x12.jpg 8w, https:\/\/lucijatomicic.com\/wp-content\/uploads\/2022\/07\/Luster-REC-svetlo-scaled.jpg 1709w\" sizes=\"(max-width: 683px) 100vw, 683px\" \/><\/a>\n\t\t\t<\/div><\/figure>\n\t\t<\/div>\n\t\t<\/div>\n\t\t\t\t\t\t<\/div>\n\t\t\t\t<\/div>\n\t\t\t\t\t<\/div>\n\t\t<\/div>\n\t\t\t\t\t<\/div>\n\t\t<\/section>\n\t\t\t\t<section class=\"elementor-section elementor-top-section elementor-element elementor-element-b2e7c5c elementor-section-boxed elementor-section-height-default elementor-section-height-default\" data-id=\"b2e7c5c\" data-element_type=\"section\">\n\t\t\t\t\t\t<div class=\"elementor-container elementor-column-gap-default\">\n\t\t\t\t\t<div class=\"elementor-column elementor-col-100 elementor-top-column elementor-element elementor-element-8bc8b54\" data-id=\"8bc8b54\" data-element_type=\"column\">\n\t\t\t<div class=\"elementor-widget-wrap elementor-element-populated\">\n\t\t\t\t\t\t<div class=\"elementor-element elementor-element-7d607e2 elementor-widget elementor-widget-text-editor\" data-id=\"7d607e2\" data-element_type=\"widget\" data-widget_type=\"text-editor.default\">\n\t\t\t\t<div class=\"elementor-widget-container\">\n\t\t\t\t\t\t\t\t\t<p>Dimenzije:  V 50cm   \u0160 51cm<\/p><p>Materijal: metalna konstukcija, bojena u belo, beli pergament.<\/p><p>Sve je ru\u010dno ra\u0111eno.<\/p><p>Fotografije  Vladimir Popovi\u0107<\/p><p><strong>Luster \"RE\u010c\" u\u010destvovao na godi\u010dnjoj izlo\u017ebi ULUPUDSa, 2015., Beograd<\/strong><\/p><p><strong>\u00a0<\/strong><\/p>\t\t\t\t\t\t\t\t<\/div>\n\t\t\t\t<\/div>\n\t\t\t\t\t<\/div>\n\t\t<\/div>\n\t\t\t\t\t<\/div>\n\t\t<\/section>\n\t\t\t\t<\/div>","protected":false},"excerpt":{"rendered":"<p>Chandelier THE WORD 2015 The chandelier was created on the occasion of the exhibition dubbed THE WORD. Placed on a white metal construction is a lampshade made of white parchment whose lower edge renders a statement by artist Leonardo da Vinci, handwritten in black ink: Art is never finished \u2013 only abandoned. The three letters: [&hellip;]<\/p>","protected":false},"author":1,"featured_media":0,"parent":0,"menu_order":0,"comment_status":"closed","ping_status":"closed","template":"","meta":{"footnotes":""},"class_list":["post-974","page","type-page","status-publish","hentry"],"_links":{"self":[{"href":"https:\/\/lucijatomicic.com\/sr\/wp-json\/wp\/v2\/pages\/974","targetHints":{"allow":["GET"]}}],"collection":[{"href":"https:\/\/lucijatomicic.com\/sr\/wp-json\/wp\/v2\/pages"}],"about":[{"href":"https:\/\/lucijatomicic.com\/sr\/wp-json\/wp\/v2\/types\/page"}],"author":[{"embeddable":true,"href":"https:\/\/lucijatomicic.com\/sr\/wp-json\/wp\/v2\/users\/1"}],"replies":[{"embeddable":true,"href":"https:\/\/lucijatomicic.com\/sr\/wp-json\/wp\/v2\/comments?post=974"}],"version-history":[{"count":44,"href":"https:\/\/lucijatomicic.com\/sr\/wp-json\/wp\/v2\/pages\/974\/revisions"}],"predecessor-version":[{"id":3193,"href":"https:\/\/lucijatomicic.com\/sr\/wp-json\/wp\/v2\/pages\/974\/revisions\/3193"}],"wp:attachment":[{"href":"https:\/\/lucijatomicic.com\/sr\/wp-json\/wp\/v2\/media?parent=974"}],"curies":[{"name":"wp","href":"https:\/\/api.w.org\/{rel}","templated":true}]}}