{"id":876,"date":"2022-07-15T12:05:33","date_gmt":"2022-07-15T12:05:33","guid":{"rendered":"https:\/\/lucijatomicic.com\/?page_id=876"},"modified":"2024-07-04T06:05:58","modified_gmt":"2024-07-04T06:05:58","slug":"tuball","status":"publish","type":"page","link":"https:\/\/lucijatomicic.com\/sr\/tuball\/","title":{"rendered":"tuball"},"content":{"rendered":"<div data-elementor-type=\"wp-page\" data-elementor-id=\"876\" class=\"elementor elementor-876\">\n\t\t\t\t\t\t<section class=\"elementor-section elementor-top-section elementor-element elementor-element-88bc96d elementor-section-boxed elementor-section-height-default elementor-section-height-default\" data-id=\"88bc96d\" data-element_type=\"section\">\n\t\t\t\t\t\t<div class=\"elementor-container elementor-column-gap-default\">\n\t\t\t\t\t<div class=\"elementor-column elementor-col-100 elementor-top-column elementor-element elementor-element-c09ef16\" data-id=\"c09ef16\" data-element_type=\"column\">\n\t\t\t<div class=\"elementor-widget-wrap elementor-element-populated\">\n\t\t\t\t\t\t<div class=\"elementor-element elementor-element-13cb739 elementor-widget elementor-widget-text-editor\" data-id=\"13cb739\" data-element_type=\"widget\" data-widget_type=\"text-editor.default\">\n\t\t\t\t<div class=\"elementor-widget-container\">\n\t\t\t\t\t\t\t\t\t<p><strong>\u00a0Rasvetno telo - TUBALL 2015<\/strong><\/p>\t\t\t\t\t\t\t\t<\/div>\n\t\t\t\t<\/div>\n\t\t\t\t\t<\/div>\n\t\t<\/div>\n\t\t\t\t\t<\/div>\n\t\t<\/section>\n\t\t\t\t<section class=\"elementor-section elementor-top-section elementor-element elementor-element-80027ec elementor-section-content-middle elementor-section-boxed elementor-section-height-default elementor-section-height-default\" data-id=\"80027ec\" data-element_type=\"section\">\n\t\t\t\t\t\t<div class=\"elementor-container elementor-column-gap-default\">\n\t\t\t\t\t<div class=\"elementor-column elementor-col-33 elementor-top-column elementor-element elementor-element-0fbd30f\" data-id=\"0fbd30f\" data-element_type=\"column\">\n\t\t\t<div class=\"elementor-widget-wrap elementor-element-populated\">\n\t\t\t\t\t\t<div class=\"elementor-element elementor-element-f904188 elementor-widget elementor-widget-image-gallery\" data-id=\"f904188\" data-element_type=\"widget\" data-widget_type=\"image-gallery.default\">\n\t\t\t\t<div class=\"elementor-widget-container\">\n\t\t\t\t\t\t\t<div class=\"elementor-image-gallery\">\n\t\t\t<div id='gallery-1' class='gallery galleryid-876 gallery-columns-1 gallery-size-large'><figure class='gallery-item'>\n\t\t\t<div class='gallery-icon landscape'>\n\t\t\t\t<a data-elementor-open-lightbox=\"yes\" data-elementor-lightbox-slideshow=\"f904188\" data-e-action-hash=\"#elementor-action%3Aaction%3Dlightbox%26settings%3DeyJpZCI6ODgyLCJ1cmwiOiJodHRwczpcL1wvbHVjaWphdG9taWNpYy5jb21cL3dwLWNvbnRlbnRcL3VwbG9hZHNcLzIwMjJcLzA3XC9JbWcyNjkyOC0yLTIuanBnIiwic2xpZGVzaG93IjoiZjkwNDE4OCJ9\" href='https:\/\/lucijatomicic.com\/wp-content\/uploads\/2022\/07\/Img26928-2-2.jpg'><img fetchpriority=\"high\" decoding=\"async\" width=\"768\" height=\"768\" src=\"https:\/\/lucijatomicic.com\/wp-content\/uploads\/2022\/07\/Img26928-2-2.jpg\" class=\"attachment-large size-large\" alt=\"\" srcset=\"https:\/\/lucijatomicic.com\/wp-content\/uploads\/2022\/07\/Img26928-2-2.jpg 768w, https:\/\/lucijatomicic.com\/wp-content\/uploads\/2022\/07\/Img26928-2-2-300x300.jpg 300w, https:\/\/lucijatomicic.com\/wp-content\/uploads\/2022\/07\/Img26928-2-2-150x150.jpg 150w\" sizes=\"(max-width: 768px) 100vw, 768px\" \/><\/a>\n\t\t\t<\/div><\/figure>\n\t\t<\/div>\n\t\t<\/div>\n\t\t\t\t\t\t<\/div>\n\t\t\t\t<\/div>\n\t\t\t\t\t<\/div>\n\t\t<\/div>\n\t\t\t\t<div class=\"elementor-column elementor-col-66 elementor-top-column elementor-element elementor-element-abf81c4\" data-id=\"abf81c4\" data-element_type=\"column\">\n\t\t\t<div class=\"elementor-widget-wrap elementor-element-populated\">\n\t\t\t\t\t\t<div class=\"elementor-element elementor-element-fe27417 elementor-widget elementor-widget-text-editor\" data-id=\"fe27417\" data-element_type=\"widget\" data-widget_type=\"text-editor.default\">\n\t\t\t\t<div class=\"elementor-widget-container\">\n\t\t\t\t\t\t\t\t\t<h5>Klupko mo\u017eemo motati od raznih savitljivih materijala. Raznih oblika, veli\u010dina i raznih boja. Sama led traka ima mogu\u0107nost uvijanja pa me inspirisala da napravim savitljivu, nepravilnu formu unutar koje bi se ona nalazila i svojim nepravilnim polo\u017eajem stvarala razli\u010dit spektar boja tj nijansi. Materijal sam odabrala  u odnosu na led traku, plasti\u010dno crevo, narand\u017easte boje, koje je savitljivo i sa velikom propustljivos\u0107u svetla. Mogu\u0107e je upotrebiti i druge boje plasti\u010dnog creva. Sama njegova rebrasta struktura pove\u0107ava  igru svetlosti i na jedan na\u010din o\u017eivljavaju klupko, stvara utisak dinamike, kretanja. \u017delela sam posti\u0107i simulaciju kretanja plasti\u010dnog creva a tome svetlo jo\u0161 vi\u0161e doprinosi. Imamo ose\u0107aj da se klupko zakotrljalo i  udarilo u zid. Tada dolazi do prola\u017eenja plasti\u010dnog creva kroz rupe u ,,zidu,, i motanjem  oko samog zida pravi formu klupka. Polo\u017eaj creva se mo\u017ee menjati tj na jednom modelu se mogu praviti, savijati razli\u010diti oblici klupka.<\/h5>\t\t\t\t\t\t\t\t<\/div>\n\t\t\t\t<\/div>\n\t\t\t\t\t<\/div>\n\t\t<\/div>\n\t\t\t\t\t<\/div>\n\t\t<\/section>\n\t\t\t\t<section class=\"elementor-section elementor-top-section elementor-element elementor-element-e5e2f39 elementor-section-boxed elementor-section-height-default elementor-section-height-default\" data-id=\"e5e2f39\" data-element_type=\"section\">\n\t\t\t\t\t\t<div class=\"elementor-container elementor-column-gap-default\">\n\t\t\t\t\t<div class=\"elementor-column elementor-col-100 elementor-top-column elementor-element elementor-element-5e3f22a\" data-id=\"5e3f22a\" data-element_type=\"column\">\n\t\t\t<div class=\"elementor-widget-wrap elementor-element-populated\">\n\t\t\t\t\t\t<div class=\"elementor-element elementor-element-30eb31c elementor-widget-divider--view-line elementor-widget elementor-widget-divider\" data-id=\"30eb31c\" data-element_type=\"widget\" data-widget_type=\"divider.default\">\n\t\t\t\t<div class=\"elementor-widget-container\">\n\t\t\t\t\t\t\t<div class=\"elementor-divider\">\n\t\t\t<span class=\"elementor-divider-separator\">\n\t\t\t\t\t\t<\/span>\n\t\t<\/div>\n\t\t\t\t\t\t<\/div>\n\t\t\t\t<\/div>\n\t\t\t\t\t<\/div>\n\t\t<\/div>\n\t\t\t\t\t<\/div>\n\t\t<\/section>\n\t\t\t\t<section class=\"elementor-section elementor-top-section elementor-element elementor-element-9e1240b elementor-section-content-middle elementor-section-boxed elementor-section-height-default elementor-section-height-default\" data-id=\"9e1240b\" data-element_type=\"section\">\n\t\t\t\t\t\t<div class=\"elementor-container elementor-column-gap-default\">\n\t\t\t\t\t<div class=\"elementor-column elementor-col-33 elementor-top-column elementor-element elementor-element-d2961ee\" data-id=\"d2961ee\" data-element_type=\"column\">\n\t\t\t<div class=\"elementor-widget-wrap elementor-element-populated\">\n\t\t\t\t\t\t<div class=\"elementor-element elementor-element-0c71d21 elementor-widget elementor-widget-image-gallery\" data-id=\"0c71d21\" data-element_type=\"widget\" data-widget_type=\"image-gallery.default\">\n\t\t\t\t<div class=\"elementor-widget-container\">\n\t\t\t\t\t\t\t<div class=\"elementor-image-gallery\">\n\t\t\t<div id='gallery-2' class='gallery galleryid-876 gallery-columns-1 gallery-size-large'><figure class='gallery-item'>\n\t\t\t<div class='gallery-icon landscape'>\n\t\t\t\t<a data-elementor-open-lightbox=\"yes\" data-elementor-lightbox-slideshow=\"0c71d21\" data-e-action-hash=\"#elementor-action%3Aaction%3Dlightbox%26settings%3DeyJpZCI6ODg2LCJ1cmwiOiJodHRwczpcL1wvbHVjaWphdG9taWNpYy5jb21cL3dwLWNvbnRlbnRcL3VwbG9hZHNcLzIwMjJcLzA3XC9JbWcyNjg4Mi0xLTEuanBnIiwic2xpZGVzaG93IjoiMGM3MWQyMSJ9\" href='https:\/\/lucijatomicic.com\/wp-content\/uploads\/2022\/07\/Img26882-1-1.jpg'><img decoding=\"async\" width=\"768\" height=\"768\" src=\"https:\/\/lucijatomicic.com\/wp-content\/uploads\/2022\/07\/Img26882-1-1.jpg\" class=\"attachment-large size-large\" alt=\"\" srcset=\"https:\/\/lucijatomicic.com\/wp-content\/uploads\/2022\/07\/Img26882-1-1.jpg 768w, https:\/\/lucijatomicic.com\/wp-content\/uploads\/2022\/07\/Img26882-1-1-300x300.jpg 300w, https:\/\/lucijatomicic.com\/wp-content\/uploads\/2022\/07\/Img26882-1-1-150x150.jpg 150w\" sizes=\"(max-width: 768px) 100vw, 768px\" \/><\/a>\n\t\t\t<\/div><\/figure>\n\t\t<\/div>\n\t\t<\/div>\n\t\t\t\t\t\t<\/div>\n\t\t\t\t<\/div>\n\t\t\t\t\t<\/div>\n\t\t<\/div>\n\t\t\t\t<div class=\"elementor-column elementor-col-33 elementor-top-column elementor-element elementor-element-9d689fa\" data-id=\"9d689fa\" data-element_type=\"column\">\n\t\t\t<div class=\"elementor-widget-wrap elementor-element-populated\">\n\t\t\t\t\t\t<div class=\"elementor-element elementor-element-4aad14f elementor-widget elementor-widget-text-editor\" data-id=\"4aad14f\" data-element_type=\"widget\" data-widget_type=\"text-editor.default\">\n\t\t\t\t<div class=\"elementor-widget-container\">\n\t\t\t\t\t\t\t\t\t<p>Dimenzije : V 38cm  \u0160 41cm  D 30 cm<\/p><p>Materijal: kliritna plo\u010da, bu\u017eir crevo , LED traka, napajanje<\/p><p>Sve ru\u010dno ra\u0111eno u ograni\u010denoj ediciji od 50 komada<\/p><p>Fotografije  Vladimir Popovi\u0107<\/p><p>Rad u\u010destvovao na internacionalnom takmi\u010denju Design Award Artzept 2015  u Milanu-LET US ILLUMINATE THE WORLD.                                                                  \nrad se mo\u017ee videti na sajtu <a href=\"http:\/\/www.artzept.com\">www.artzept.com<\/a><\/p><p><strong>,,PREKO CRTE,, godi\u0161nja izlo\u017eba\u00a0 ULUPUDS-a, 2017, Beograd <\/strong><\/p><p><strong>\u00a0<\/strong><\/p>\t\t\t\t\t\t\t\t<\/div>\n\t\t\t\t<\/div>\n\t\t\t\t\t<\/div>\n\t\t<\/div>\n\t\t\t\t<div class=\"elementor-column elementor-col-33 elementor-top-column elementor-element elementor-element-09c1a28\" data-id=\"09c1a28\" data-element_type=\"column\">\n\t\t\t<div class=\"elementor-widget-wrap elementor-element-populated\">\n\t\t\t\t\t\t<div class=\"elementor-element elementor-element-dfe1c5f elementor-widget elementor-widget-image-gallery\" data-id=\"dfe1c5f\" data-element_type=\"widget\" data-widget_type=\"image-gallery.default\">\n\t\t\t\t<div class=\"elementor-widget-container\">\n\t\t\t\t\t\t\t<div class=\"elementor-image-gallery\">\n\t\t\t<div id='gallery-3' class='gallery galleryid-876 gallery-columns-1 gallery-size-large'><figure class='gallery-item'>\n\t\t\t<div class='gallery-icon portrait'>\n\t\t\t\t<a data-elementor-open-lightbox=\"yes\" data-elementor-lightbox-slideshow=\"dfe1c5f\" data-e-action-hash=\"#elementor-action%3Aaction%3Dlightbox%26settings%3DeyJpZCI6ODg4LCJ1cmwiOiJodHRwczpcL1wvbHVjaWphdG9taWNpYy5jb21cL3dwLWNvbnRlbnRcL3VwbG9hZHNcLzIwMjJcLzA3XC9JbWcyNjkxMS5qcGciLCJzbGlkZXNob3ciOiJkZmUxYzVmIn0%3D\" href='https:\/\/lucijatomicic.com\/wp-content\/uploads\/2022\/07\/Img26911.jpg'><img decoding=\"async\" width=\"668\" height=\"1000\" src=\"https:\/\/lucijatomicic.com\/wp-content\/uploads\/2022\/07\/Img26911.jpg\" class=\"attachment-large size-large\" alt=\"\" srcset=\"https:\/\/lucijatomicic.com\/wp-content\/uploads\/2022\/07\/Img26911.jpg 668w, https:\/\/lucijatomicic.com\/wp-content\/uploads\/2022\/07\/Img26911-200x300.jpg 200w\" sizes=\"(max-width: 668px) 100vw, 668px\" \/><\/a>\n\t\t\t<\/div><\/figure>\n\t\t<\/div>\n\t\t<\/div>\n\t\t\t\t\t\t<\/div>\n\t\t\t\t<\/div>\n\t\t\t\t\t<\/div>\n\t\t<\/div>\n\t\t\t\t\t<\/div>\n\t\t<\/section>\n\t\t\t\t<section class=\"elementor-section elementor-top-section elementor-element elementor-element-6a09a42 elementor-section-boxed elementor-section-height-default elementor-section-height-default\" data-id=\"6a09a42\" data-element_type=\"section\">\n\t\t\t\t\t\t<div class=\"elementor-container elementor-column-gap-default\">\n\t\t\t\t\t<div class=\"elementor-column elementor-col-100 elementor-top-column elementor-element elementor-element-9cc0f97\" data-id=\"9cc0f97\" data-element_type=\"column\">\n\t\t\t<div class=\"elementor-widget-wrap elementor-element-populated\">\n\t\t\t\t\t\t<div class=\"elementor-element elementor-element-4e76f41 elementor-widget-divider--view-line elementor-widget elementor-widget-divider\" data-id=\"4e76f41\" data-element_type=\"widget\" data-widget_type=\"divider.default\">\n\t\t\t\t<div class=\"elementor-widget-container\">\n\t\t\t\t\t\t\t<div class=\"elementor-divider\">\n\t\t\t<span class=\"elementor-divider-separator\">\n\t\t\t\t\t\t<\/span>\n\t\t<\/div>\n\t\t\t\t\t\t<\/div>\n\t\t\t\t<\/div>\n\t\t\t\t\t<\/div>\n\t\t<\/div>\n\t\t\t\t\t<\/div>\n\t\t<\/section>\n\t\t\t\t<section class=\"elementor-section elementor-top-section elementor-element elementor-element-e68f848 elementor-section-boxed elementor-section-height-default elementor-section-height-default\" data-id=\"e68f848\" data-element_type=\"section\">\n\t\t\t\t\t\t<div class=\"elementor-container elementor-column-gap-default\">\n\t\t\t\t\t<div class=\"elementor-column elementor-col-50 elementor-top-column elementor-element elementor-element-fe6d765\" data-id=\"fe6d765\" data-element_type=\"column\">\n\t\t\t<div class=\"elementor-widget-wrap elementor-element-populated\">\n\t\t\t\t\t\t<div class=\"elementor-element elementor-element-d8f3923 elementor-widget elementor-widget-image-gallery\" data-id=\"d8f3923\" data-element_type=\"widget\" data-widget_type=\"image-gallery.default\">\n\t\t\t\t<div class=\"elementor-widget-container\">\n\t\t\t\t\t\t\t<div class=\"elementor-image-gallery\">\n\t\t\t<div id='gallery-4' class='gallery galleryid-876 gallery-columns-1 gallery-size-large'><figure class='gallery-item'>\n\t\t\t<div class='gallery-icon landscape'>\n\t\t\t\t<a data-elementor-open-lightbox=\"yes\" data-elementor-lightbox-slideshow=\"d8f3923\" data-e-action-hash=\"#elementor-action%3Aaction%3Dlightbox%26settings%3DeyJpZCI6ODkyLCJ1cmwiOiJodHRwczpcL1wvbHVjaWphdG9taWNpYy5jb21cL3dwLWNvbnRlbnRcL3VwbG9hZHNcLzIwMjJcLzA3XC9EZWtpLXR1YmFsbC5qcGVnIiwic2xpZGVzaG93IjoiZDhmMzkyMyJ9\" href='https:\/\/lucijatomicic.com\/wp-content\/uploads\/2022\/07\/Deki-tuball.jpeg'><img loading=\"lazy\" decoding=\"async\" width=\"800\" height=\"450\" src=\"https:\/\/lucijatomicic.com\/wp-content\/uploads\/2022\/07\/Deki-tuball.jpeg\" class=\"attachment-large size-large\" alt=\"\" srcset=\"https:\/\/lucijatomicic.com\/wp-content\/uploads\/2022\/07\/Deki-tuball.jpeg 1000w, https:\/\/lucijatomicic.com\/wp-content\/uploads\/2022\/07\/Deki-tuball-300x169.jpeg 300w, https:\/\/lucijatomicic.com\/wp-content\/uploads\/2022\/07\/Deki-tuball-768x432.jpeg 768w\" sizes=\"(max-width: 800px) 100vw, 800px\" \/><\/a>\n\t\t\t<\/div><\/figure>\n\t\t<\/div>\n\t\t<\/div>\n\t\t\t\t\t\t<\/div>\n\t\t\t\t<\/div>\n\t\t\t\t\t<\/div>\n\t\t<\/div>\n\t\t\t\t<div class=\"elementor-column elementor-col-25 elementor-top-column elementor-element elementor-element-b0e08b5\" data-id=\"b0e08b5\" data-element_type=\"column\">\n\t\t\t<div class=\"elementor-widget-wrap elementor-element-populated\">\n\t\t\t\t\t\t<div class=\"elementor-element elementor-element-e1b297b elementor-widget elementor-widget-image-gallery\" data-id=\"e1b297b\" data-element_type=\"widget\" data-widget_type=\"image-gallery.default\">\n\t\t\t\t<div class=\"elementor-widget-container\">\n\t\t\t\t\t\t\t<div class=\"elementor-image-gallery\">\n\t\t\t<div id='gallery-5' class='gallery galleryid-876 gallery-columns-1 gallery-size-large'><figure class='gallery-item'>\n\t\t\t<div class='gallery-icon landscape'>\n\t\t\t\t<a data-elementor-open-lightbox=\"yes\" data-elementor-lightbox-slideshow=\"e1b297b\" data-e-action-hash=\"#elementor-action%3Aaction%3Dlightbox%26settings%3DeyJpZCI6ODkzLCJ1cmwiOiJodHRwczpcL1wvbHVjaWphdG9taWNpYy5jb21cL3dwLWNvbnRlbnRcL3VwbG9hZHNcLzIwMjJcLzA3XC9JbWcyNjg5OC5qcGciLCJzbGlkZXNob3ciOiJlMWIyOTdiIn0%3D\" href='https:\/\/lucijatomicic.com\/wp-content\/uploads\/2022\/07\/Img26898.jpg'><img loading=\"lazy\" decoding=\"async\" width=\"768\" height=\"768\" src=\"https:\/\/lucijatomicic.com\/wp-content\/uploads\/2022\/07\/Img26898.jpg\" class=\"attachment-large size-large\" alt=\"\" srcset=\"https:\/\/lucijatomicic.com\/wp-content\/uploads\/2022\/07\/Img26898.jpg 768w, https:\/\/lucijatomicic.com\/wp-content\/uploads\/2022\/07\/Img26898-300x300.jpg 300w, https:\/\/lucijatomicic.com\/wp-content\/uploads\/2022\/07\/Img26898-150x150.jpg 150w\" sizes=\"(max-width: 768px) 100vw, 768px\" \/><\/a>\n\t\t\t<\/div><\/figure>\n\t\t<\/div>\n\t\t<\/div>\n\t\t\t\t\t\t<\/div>\n\t\t\t\t<\/div>\n\t\t\t\t\t<\/div>\n\t\t<\/div>\n\t\t\t\t<div class=\"elementor-column elementor-col-25 elementor-top-column elementor-element elementor-element-506de83\" data-id=\"506de83\" data-element_type=\"column\">\n\t\t\t<div class=\"elementor-widget-wrap elementor-element-populated\">\n\t\t\t\t\t\t<div class=\"elementor-element elementor-element-b8a17f4 elementor-widget elementor-widget-image-gallery\" data-id=\"b8a17f4\" data-element_type=\"widget\" data-widget_type=\"image-gallery.default\">\n\t\t\t\t<div class=\"elementor-widget-container\">\n\t\t\t\t\t\t\t<div class=\"elementor-image-gallery\">\n\t\t\t<div id='gallery-6' class='gallery galleryid-876 gallery-columns-1 gallery-size-large'><figure class='gallery-item'>\n\t\t\t<div class='gallery-icon portrait'>\n\t\t\t\t<a data-elementor-open-lightbox=\"yes\" data-elementor-lightbox-slideshow=\"b8a17f4\" data-e-action-hash=\"#elementor-action%3Aaction%3Dlightbox%26settings%3DeyJpZCI6ODk0LCJ1cmwiOiJodHRwczpcL1wvbHVjaWphdG9taWNpYy5jb21cL3dwLWNvbnRlbnRcL3VwbG9hZHNcLzIwMjJcLzA3XC9JbWcyNjkwMC5qcGciLCJzbGlkZXNob3ciOiJiOGExN2Y0In0%3D\" href='https:\/\/lucijatomicic.com\/wp-content\/uploads\/2022\/07\/Img26900.jpg'><img loading=\"lazy\" decoding=\"async\" width=\"768\" height=\"960\" src=\"https:\/\/lucijatomicic.com\/wp-content\/uploads\/2022\/07\/Img26900.jpg\" class=\"attachment-large size-large\" alt=\"\" srcset=\"https:\/\/lucijatomicic.com\/wp-content\/uploads\/2022\/07\/Img26900.jpg 768w, https:\/\/lucijatomicic.com\/wp-content\/uploads\/2022\/07\/Img26900-240x300.jpg 240w\" sizes=\"(max-width: 768px) 100vw, 768px\" \/><\/a>\n\t\t\t<\/div><\/figure>\n\t\t<\/div>\n\t\t<\/div>\n\t\t\t\t\t\t<\/div>\n\t\t\t\t<\/div>\n\t\t\t\t\t<\/div>\n\t\t<\/div>\n\t\t\t\t\t<\/div>\n\t\t<\/section>\n\t\t\t\t<\/div>","protected":false},"excerpt":{"rendered":"<p>\u00a0Lighting object\u00a0 TUBALL \u00a02015 A variety of flexible materials can be wound in a tangle of hoses, in different shapes, sizes and colours. LED strip light itself has a quality of pliability, which inspired me to create a flexible, irregular shape and place Led strip light inside. With its curved position it creates different specter [&hellip;]<\/p>","protected":false},"author":1,"featured_media":0,"parent":0,"menu_order":0,"comment_status":"closed","ping_status":"closed","template":"","meta":{"footnotes":""},"class_list":["post-876","page","type-page","status-publish","hentry"],"_links":{"self":[{"href":"https:\/\/lucijatomicic.com\/sr\/wp-json\/wp\/v2\/pages\/876","targetHints":{"allow":["GET"]}}],"collection":[{"href":"https:\/\/lucijatomicic.com\/sr\/wp-json\/wp\/v2\/pages"}],"about":[{"href":"https:\/\/lucijatomicic.com\/sr\/wp-json\/wp\/v2\/types\/page"}],"author":[{"embeddable":true,"href":"https:\/\/lucijatomicic.com\/sr\/wp-json\/wp\/v2\/users\/1"}],"replies":[{"embeddable":true,"href":"https:\/\/lucijatomicic.com\/sr\/wp-json\/wp\/v2\/comments?post=876"}],"version-history":[{"count":40,"href":"https:\/\/lucijatomicic.com\/sr\/wp-json\/wp\/v2\/pages\/876\/revisions"}],"predecessor-version":[{"id":2965,"href":"https:\/\/lucijatomicic.com\/sr\/wp-json\/wp\/v2\/pages\/876\/revisions\/2965"}],"wp:attachment":[{"href":"https:\/\/lucijatomicic.com\/sr\/wp-json\/wp\/v2\/media?parent=876"}],"curies":[{"name":"wp","href":"https:\/\/api.w.org\/{rel}","templated":true}]}}