{"id":860,"date":"2022-07-15T11:50:11","date_gmt":"2022-07-15T11:50:11","guid":{"rendered":"https:\/\/lucijatomicic.com\/?page_id=860"},"modified":"2024-06-24T13:59:48","modified_gmt":"2024-06-24T13:59:48","slug":"coil","status":"publish","type":"page","link":"https:\/\/lucijatomicic.com\/sr\/coil\/","title":{"rendered":"klupko"},"content":{"rendered":"<div data-elementor-type=\"wp-page\" data-elementor-id=\"860\" class=\"elementor elementor-860\">\n\t\t\t\t\t\t<section class=\"elementor-section elementor-top-section elementor-element elementor-element-a0eee78 elementor-section-boxed elementor-section-height-default elementor-section-height-default\" data-id=\"a0eee78\" data-element_type=\"section\">\n\t\t\t\t\t\t<div class=\"elementor-container elementor-column-gap-default\">\n\t\t\t\t\t<div class=\"elementor-column elementor-col-100 elementor-top-column elementor-element elementor-element-ab5043e\" data-id=\"ab5043e\" data-element_type=\"column\">\n\t\t\t<div class=\"elementor-widget-wrap elementor-element-populated\">\n\t\t\t\t\t\t<div class=\"elementor-element elementor-element-5f52cbf elementor-widget elementor-widget-text-editor\" data-id=\"5f52cbf\" data-element_type=\"widget\" data-widget_type=\"text-editor.default\">\n\t\t\t\t<div class=\"elementor-widget-container\">\n\t\t\t\t\t\t\t\t\t<p><strong>Rasvetno telo  KLUPKO 2015<\/strong><\/p>\t\t\t\t\t\t\t\t<\/div>\n\t\t\t\t<\/div>\n\t\t\t\t\t<\/div>\n\t\t<\/div>\n\t\t\t\t\t<\/div>\n\t\t<\/section>\n\t\t\t\t<section class=\"elementor-section elementor-top-section elementor-element elementor-element-eb4d8d7 elementor-section-content-middle elementor-section-boxed elementor-section-height-default elementor-section-height-default\" data-id=\"eb4d8d7\" data-element_type=\"section\">\n\t\t\t\t\t\t<div class=\"elementor-container elementor-column-gap-default\">\n\t\t\t\t\t<div class=\"elementor-column elementor-col-50 elementor-top-column elementor-element elementor-element-d498b4c\" data-id=\"d498b4c\" data-element_type=\"column\">\n\t\t\t<div class=\"elementor-widget-wrap elementor-element-populated\">\n\t\t\t\t\t\t<div class=\"elementor-element elementor-element-3699e46 elementor-widget elementor-widget-image-gallery\" data-id=\"3699e46\" data-element_type=\"widget\" data-widget_type=\"image-gallery.default\">\n\t\t\t\t<div class=\"elementor-widget-container\">\n\t\t\t\t\t\t\t<div class=\"elementor-image-gallery\">\n\t\t\t<div id='gallery-1' class='gallery galleryid-860 gallery-columns-1 gallery-size-large'><figure class='gallery-item'>\n\t\t\t<div class='gallery-icon landscape'>\n\t\t\t\t<a data-elementor-open-lightbox=\"yes\" data-elementor-lightbox-slideshow=\"3699e46\" data-e-action-hash=\"#elementor-action%3Aaction%3Dlightbox%26settings%3DeyJpZCI6ODYzLCJ1cmwiOiJodHRwczpcL1wvbHVjaWphdG9taWNpYy5jb21cL3dwLWNvbnRlbnRcL3VwbG9hZHNcLzIwMjJcLzA3XC81LTQtMS5qcGciLCJzbGlkZXNob3ciOiIzNjk5ZTQ2In0%3D\" href='https:\/\/lucijatomicic.com\/wp-content\/uploads\/2022\/07\/5-4-1.jpg'><img fetchpriority=\"high\" decoding=\"async\" width=\"800\" height=\"534\" src=\"https:\/\/lucijatomicic.com\/wp-content\/uploads\/2022\/07\/5-4-1.jpg\" class=\"attachment-large size-large\" alt=\"\" srcset=\"https:\/\/lucijatomicic.com\/wp-content\/uploads\/2022\/07\/5-4-1.jpg 1000w, https:\/\/lucijatomicic.com\/wp-content\/uploads\/2022\/07\/5-4-1-300x200.jpg 300w, https:\/\/lucijatomicic.com\/wp-content\/uploads\/2022\/07\/5-4-1-768x513.jpg 768w\" sizes=\"(max-width: 800px) 100vw, 800px\" \/><\/a>\n\t\t\t<\/div><\/figure>\n\t\t<\/div>\n\t\t<\/div>\n\t\t\t\t\t\t<\/div>\n\t\t\t\t<\/div>\n\t\t\t\t\t<\/div>\n\t\t<\/div>\n\t\t\t\t<div class=\"elementor-column elementor-col-50 elementor-top-column elementor-element elementor-element-36d0021\" data-id=\"36d0021\" data-element_type=\"column\">\n\t\t\t<div class=\"elementor-widget-wrap elementor-element-populated\">\n\t\t\t\t\t\t<div class=\"elementor-element elementor-element-19d9c5b elementor-widget elementor-widget-text-editor\" data-id=\"19d9c5b\" data-element_type=\"widget\" data-widget_type=\"text-editor.default\">\n\t\t\t\t<div class=\"elementor-widget-container\">\n\t\t\t\t\t\t\t\t\t<p>Klupko mo\u017eemo motati od raznih savitljivih materijala. Raznih oblika, veli\u010dina i raznih boja. Sama led traka ima mogu\u0107nost uvijanja pa me inspirisala da napravim savitljivu, nepravilnu formu unutar koje bi se ona nalazila i svojim nepravilnim polo\u017eajem stvarala razli\u010dit spektar boja tj nijansi. Materijal sam odabrala  u odnosu na led traku, plasti\u010dno crevo, narand\u017easte boje, koje je savitljivo i sa velikom propustljivos\u0107u svetla. Mogu\u0107e je upotrebiti i druge boje plasti\u010dnog creva. Sama njegova rebrasta struktura pove\u0107ava  igru svetlosti i na jedan na\u010din o\u017eivljavaju klupko, stvara utisak dinamike, kretanja. \u017delela sam posti\u0107i simulaciju kretanja plasti\u010dnog creva a tome svetlo jo\u0161 vi\u0161e doprinosi. Imamo ose\u0107aj da se klupko zakotrljalo i  udarilo u zid. Tada dolazi do prola\u017eenja plasti\u010dnog creva kroz rupe u ,,zidu,, i motanjem  oko samog zida pravi formu klupka. Polo\u017eaj creva se mo\u017ee menjati tj na jednom modelu se mogu praviti, savijati razli\u010diti oblici klupka.<\/p>\t\t\t\t\t\t\t\t<\/div>\n\t\t\t\t<\/div>\n\t\t\t\t\t<\/div>\n\t\t<\/div>\n\t\t\t\t\t<\/div>\n\t\t<\/section>\n\t\t\t\t<section class=\"elementor-section elementor-top-section elementor-element elementor-element-3bc19fe elementor-section-content-middle elementor-section-boxed elementor-section-height-default elementor-section-height-default\" data-id=\"3bc19fe\" data-element_type=\"section\">\n\t\t\t\t\t\t<div class=\"elementor-container elementor-column-gap-default\">\n\t\t\t\t\t<div class=\"elementor-column elementor-col-50 elementor-top-column elementor-element elementor-element-cacc3db\" data-id=\"cacc3db\" data-element_type=\"column\">\n\t\t\t<div class=\"elementor-widget-wrap elementor-element-populated\">\n\t\t\t\t\t\t<div class=\"elementor-element elementor-element-001f5a6 elementor-widget elementor-widget-text-editor\" data-id=\"001f5a6\" data-element_type=\"widget\" data-widget_type=\"text-editor.default\">\n\t\t\t\t<div class=\"elementor-widget-container\">\n\t\t\t\t\t\t\t\t\t<p>Materijal: medijapan bojen u mat belu boju, bu\u017eir crevo<\/p><p>led traka, napajanje, dimer<\/p><p>Dimenzije: V 41cm   \u0160 41cm   D 35cm<\/p><p>Lampa je ru\u010dno ra\u0111ena<\/p><p>Fotografije  Vladimir Popovi\u0107<\/p><p><strong>Lampa je u\u010destvovala na\u00a0 <\/strong><strong>,,BOJA,, godi\u0161nja izlo\u017eba Dizajn sekcije ULUPUDS-a\u00a0<\/strong><strong>2015., Beograd<\/strong><\/p>\t\t\t\t\t\t\t\t<\/div>\n\t\t\t\t<\/div>\n\t\t\t\t\t<\/div>\n\t\t<\/div>\n\t\t\t\t<div class=\"elementor-column elementor-col-50 elementor-top-column elementor-element elementor-element-8ff3aaf\" data-id=\"8ff3aaf\" data-element_type=\"column\">\n\t\t\t<div class=\"elementor-widget-wrap elementor-element-populated\">\n\t\t\t\t\t\t<div class=\"elementor-element elementor-element-1ad6502 elementor-widget elementor-widget-image-gallery\" data-id=\"1ad6502\" data-element_type=\"widget\" data-widget_type=\"image-gallery.default\">\n\t\t\t\t<div class=\"elementor-widget-container\">\n\t\t\t\t\t\t\t<div class=\"elementor-image-gallery\">\n\t\t\t<div id='gallery-2' class='gallery galleryid-860 gallery-columns-1 gallery-size-large'><figure class='gallery-item'>\n\t\t\t<div class='gallery-icon landscape'>\n\t\t\t\t<a data-elementor-open-lightbox=\"yes\" data-elementor-lightbox-slideshow=\"1ad6502\" data-e-action-hash=\"#elementor-action%3Aaction%3Dlightbox%26settings%3DeyJpZCI6ODY1LCJ1cmwiOiJodHRwczpcL1wvbHVjaWphdG9taWNpYy5jb21cL3dwLWNvbnRlbnRcL3VwbG9hZHNcLzIwMjJcLzA3XC84LmpwZyIsInNsaWRlc2hvdyI6IjFhZDY1MDIifQ%3D%3D\" href='https:\/\/lucijatomicic.com\/wp-content\/uploads\/2022\/07\/8.jpg'><img decoding=\"async\" width=\"800\" height=\"534\" src=\"https:\/\/lucijatomicic.com\/wp-content\/uploads\/2022\/07\/8.jpg\" class=\"attachment-large size-large\" alt=\"\" srcset=\"https:\/\/lucijatomicic.com\/wp-content\/uploads\/2022\/07\/8.jpg 1000w, https:\/\/lucijatomicic.com\/wp-content\/uploads\/2022\/07\/8-300x200.jpg 300w, https:\/\/lucijatomicic.com\/wp-content\/uploads\/2022\/07\/8-768x513.jpg 768w\" sizes=\"(max-width: 800px) 100vw, 800px\" \/><\/a>\n\t\t\t<\/div><\/figure>\n\t\t<\/div>\n\t\t<\/div>\n\t\t\t\t\t\t<\/div>\n\t\t\t\t<\/div>\n\t\t\t\t\t<\/div>\n\t\t<\/div>\n\t\t\t\t\t<\/div>\n\t\t<\/section>\n\t\t\t\t<section class=\"elementor-section elementor-top-section elementor-element elementor-element-9de1b65 elementor-section-boxed elementor-section-height-default elementor-section-height-default\" data-id=\"9de1b65\" data-element_type=\"section\">\n\t\t\t\t\t\t<div class=\"elementor-container elementor-column-gap-default\">\n\t\t\t\t\t<div class=\"elementor-column elementor-col-100 elementor-top-column elementor-element elementor-element-5191edb\" data-id=\"5191edb\" data-element_type=\"column\">\n\t\t\t<div class=\"elementor-widget-wrap elementor-element-populated\">\n\t\t\t\t\t\t<div class=\"elementor-element elementor-element-3cc33ee gallery-spacing-custom elementor-widget elementor-widget-image-gallery\" data-id=\"3cc33ee\" data-element_type=\"widget\" data-widget_type=\"image-gallery.default\">\n\t\t\t\t<div class=\"elementor-widget-container\">\n\t\t\t\t\t\t\t<div class=\"elementor-image-gallery\">\n\t\t\t<div id='gallery-3' class='gallery galleryid-860 gallery-columns-4 gallery-size-medium_large'><figure class='gallery-item'>\n\t\t\t<div class='gallery-icon landscape'>\n\t\t\t\t<a data-elementor-open-lightbox=\"yes\" data-elementor-lightbox-slideshow=\"3cc33ee\" data-e-action-hash=\"#elementor-action%3Aaction%3Dlightbox%26settings%3DeyJpZCI6ODY2LCJ1cmwiOiJodHRwczpcL1wvbHVjaWphdG9taWNpYy5jb21cL3dwLWNvbnRlbnRcL3VwbG9hZHNcLzIwMjJcLzA3XC8zLTMuanBnIiwic2xpZGVzaG93IjoiM2NjMzNlZSJ9\" href='https:\/\/lucijatomicic.com\/wp-content\/uploads\/2022\/07\/3-3.jpg'><img decoding=\"async\" width=\"768\" height=\"513\" src=\"https:\/\/lucijatomicic.com\/wp-content\/uploads\/2022\/07\/3-3-768x513.jpg\" class=\"attachment-medium_large size-medium_large\" alt=\"\" srcset=\"https:\/\/lucijatomicic.com\/wp-content\/uploads\/2022\/07\/3-3-768x513.jpg 768w, https:\/\/lucijatomicic.com\/wp-content\/uploads\/2022\/07\/3-3-300x200.jpg 300w, https:\/\/lucijatomicic.com\/wp-content\/uploads\/2022\/07\/3-3.jpg 1000w\" sizes=\"(max-width: 768px) 100vw, 768px\" \/><\/a>\n\t\t\t<\/div><\/figure><figure class='gallery-item'>\n\t\t\t<div class='gallery-icon landscape'>\n\t\t\t\t<a data-elementor-open-lightbox=\"yes\" data-elementor-lightbox-slideshow=\"3cc33ee\" data-e-action-hash=\"#elementor-action%3Aaction%3Dlightbox%26settings%3DeyJpZCI6ODY3LCJ1cmwiOiJodHRwczpcL1wvbHVjaWphdG9taWNpYy5jb21cL3dwLWNvbnRlbnRcL3VwbG9hZHNcLzIwMjJcLzA3XC80LTMtMS5qcGciLCJzbGlkZXNob3ciOiIzY2MzM2VlIn0%3D\" href='https:\/\/lucijatomicic.com\/wp-content\/uploads\/2022\/07\/4-3-1.jpg'><img loading=\"lazy\" decoding=\"async\" width=\"768\" height=\"513\" src=\"https:\/\/lucijatomicic.com\/wp-content\/uploads\/2022\/07\/4-3-1-768x513.jpg\" class=\"attachment-medium_large size-medium_large\" alt=\"\" srcset=\"https:\/\/lucijatomicic.com\/wp-content\/uploads\/2022\/07\/4-3-1-768x513.jpg 768w, https:\/\/lucijatomicic.com\/wp-content\/uploads\/2022\/07\/4-3-1-300x200.jpg 300w, https:\/\/lucijatomicic.com\/wp-content\/uploads\/2022\/07\/4-3-1.jpg 1000w\" sizes=\"(max-width: 768px) 100vw, 768px\" \/><\/a>\n\t\t\t<\/div><\/figure><figure class='gallery-item'>\n\t\t\t<div class='gallery-icon landscape'>\n\t\t\t\t<a data-elementor-open-lightbox=\"yes\" data-elementor-lightbox-slideshow=\"3cc33ee\" data-e-action-hash=\"#elementor-action%3Aaction%3Dlightbox%26settings%3DeyJpZCI6ODY4LCJ1cmwiOiJodHRwczpcL1wvbHVjaWphdG9taWNpYy5jb21cL3dwLWNvbnRlbnRcL3VwbG9hZHNcLzIwMjJcLzA3XC82LTEuanBnIiwic2xpZGVzaG93IjoiM2NjMzNlZSJ9\" href='https:\/\/lucijatomicic.com\/wp-content\/uploads\/2022\/07\/6-1.jpg'><img loading=\"lazy\" decoding=\"async\" width=\"768\" height=\"513\" src=\"https:\/\/lucijatomicic.com\/wp-content\/uploads\/2022\/07\/6-1-768x513.jpg\" class=\"attachment-medium_large size-medium_large\" alt=\"\" srcset=\"https:\/\/lucijatomicic.com\/wp-content\/uploads\/2022\/07\/6-1-768x513.jpg 768w, https:\/\/lucijatomicic.com\/wp-content\/uploads\/2022\/07\/6-1-300x200.jpg 300w, https:\/\/lucijatomicic.com\/wp-content\/uploads\/2022\/07\/6-1.jpg 1000w\" sizes=\"(max-width: 768px) 100vw, 768px\" \/><\/a>\n\t\t\t<\/div><\/figure><figure class='gallery-item'>\n\t\t\t<div class='gallery-icon landscape'>\n\t\t\t\t<a data-elementor-open-lightbox=\"yes\" data-elementor-lightbox-slideshow=\"3cc33ee\" data-e-action-hash=\"#elementor-action%3Aaction%3Dlightbox%26settings%3DeyJpZCI6ODY5LCJ1cmwiOiJodHRwczpcL1wvbHVjaWphdG9taWNpYy5jb21cL3dwLWNvbnRlbnRcL3VwbG9hZHNcLzIwMjJcLzA3XC83LTEuanBnIiwic2xpZGVzaG93IjoiM2NjMzNlZSJ9\" href='https:\/\/lucijatomicic.com\/wp-content\/uploads\/2022\/07\/7-1.jpg'><img loading=\"lazy\" decoding=\"async\" width=\"768\" height=\"513\" src=\"https:\/\/lucijatomicic.com\/wp-content\/uploads\/2022\/07\/7-1-768x513.jpg\" class=\"attachment-medium_large size-medium_large\" alt=\"\" srcset=\"https:\/\/lucijatomicic.com\/wp-content\/uploads\/2022\/07\/7-1-768x513.jpg 768w, https:\/\/lucijatomicic.com\/wp-content\/uploads\/2022\/07\/7-1-300x200.jpg 300w, https:\/\/lucijatomicic.com\/wp-content\/uploads\/2022\/07\/7-1.jpg 1000w\" sizes=\"(max-width: 768px) 100vw, 768px\" \/><\/a>\n\t\t\t<\/div><\/figure>\n\t\t<\/div>\n\t\t<\/div>\n\t\t\t\t\t\t<\/div>\n\t\t\t\t<\/div>\n\t\t\t\t\t<\/div>\n\t\t<\/div>\n\t\t\t\t\t<\/div>\n\t\t<\/section>\n\t\t\t\t<\/div>","protected":false},"excerpt":{"rendered":"<p>Lighting \u00a0object\u00a0 COIL 2015 A variety of flexible materials can be wound in a tangle of hoses, in different shapes, sizes and colours. LED strip light itself has a quality of pliability, which inspired me to create a flexible, irregular shape and place Led strip light inside. With its curved position it creates different specter [&hellip;]<\/p>","protected":false},"author":1,"featured_media":0,"parent":0,"menu_order":0,"comment_status":"closed","ping_status":"closed","template":"","meta":{"footnotes":""},"class_list":["post-860","page","type-page","status-publish","hentry"],"_links":{"self":[{"href":"https:\/\/lucijatomicic.com\/sr\/wp-json\/wp\/v2\/pages\/860","targetHints":{"allow":["GET"]}}],"collection":[{"href":"https:\/\/lucijatomicic.com\/sr\/wp-json\/wp\/v2\/pages"}],"about":[{"href":"https:\/\/lucijatomicic.com\/sr\/wp-json\/wp\/v2\/types\/page"}],"author":[{"embeddable":true,"href":"https:\/\/lucijatomicic.com\/sr\/wp-json\/wp\/v2\/users\/1"}],"replies":[{"embeddable":true,"href":"https:\/\/lucijatomicic.com\/sr\/wp-json\/wp\/v2\/comments?post=860"}],"version-history":[{"count":31,"href":"https:\/\/lucijatomicic.com\/sr\/wp-json\/wp\/v2\/pages\/860\/revisions"}],"predecessor-version":[{"id":2772,"href":"https:\/\/lucijatomicic.com\/sr\/wp-json\/wp\/v2\/pages\/860\/revisions\/2772"}],"wp:attachment":[{"href":"https:\/\/lucijatomicic.com\/sr\/wp-json\/wp\/v2\/media?parent=860"}],"curies":[{"name":"wp","href":"https:\/\/api.w.org\/{rel}","templated":true}]}}