{"id":840,"date":"2022-07-15T11:24:33","date_gmt":"2022-07-15T11:24:33","guid":{"rendered":"https:\/\/lucijatomicic.com\/?page_id=840"},"modified":"2024-06-24T13:59:13","modified_gmt":"2024-06-24T13:59:13","slug":"orbital","status":"publish","type":"page","link":"https:\/\/lucijatomicic.com\/sr\/orbital\/","title":{"rendered":"orbital"},"content":{"rendered":"<div data-elementor-type=\"wp-page\" data-elementor-id=\"840\" class=\"elementor elementor-840\">\n\t\t\t\t\t\t<section class=\"elementor-section elementor-top-section elementor-element elementor-element-06f461f elementor-section-boxed elementor-section-height-default elementor-section-height-default\" data-id=\"06f461f\" data-element_type=\"section\">\n\t\t\t\t\t\t<div class=\"elementor-container elementor-column-gap-default\">\n\t\t\t\t\t<div class=\"elementor-column elementor-col-100 elementor-top-column elementor-element elementor-element-4bbd38f\" data-id=\"4bbd38f\" data-element_type=\"column\">\n\t\t\t<div class=\"elementor-widget-wrap elementor-element-populated\">\n\t\t\t\t\t\t<div class=\"elementor-element elementor-element-720409b elementor-widget elementor-widget-text-editor\" data-id=\"720409b\" data-element_type=\"widget\" data-widget_type=\"text-editor.default\">\n\t\t\t\t<div class=\"elementor-widget-container\">\n\t\t\t\t\t\t\t\t\t<p><strong>ORBITAL 2015<\/strong><\/p>\t\t\t\t\t\t\t\t<\/div>\n\t\t\t\t<\/div>\n\t\t\t\t\t<\/div>\n\t\t<\/div>\n\t\t\t\t\t<\/div>\n\t\t<\/section>\n\t\t\t\t<section class=\"elementor-section elementor-top-section elementor-element elementor-element-d8e9ffd elementor-section-boxed elementor-section-height-default elementor-section-height-default\" data-id=\"d8e9ffd\" data-element_type=\"section\">\n\t\t\t\t\t\t<div class=\"elementor-container elementor-column-gap-default\">\n\t\t\t\t\t<div class=\"elementor-column elementor-col-100 elementor-top-column elementor-element elementor-element-e1027ce\" data-id=\"e1027ce\" data-element_type=\"column\">\n\t\t\t<div class=\"elementor-widget-wrap elementor-element-populated\">\n\t\t\t\t\t\t<div class=\"elementor-element elementor-element-fe49c4f elementor-widget elementor-widget-text-editor\" data-id=\"fe49c4f\" data-element_type=\"widget\" data-widget_type=\"text-editor.default\">\n\t\t\t\t<div class=\"elementor-widget-container\">\n\t\t\t\t\t\t\t\t\t<h6 style=\"margin-bottom: .0001pt; background: white;\"><span lang=\"EN-US\" style=\"font-family: 'Segoe UI',sans-serif; color: black;\">Namera mi je bila da dizajniram svetle\u0107i objekat koji ima skupturalnu, mobinu formu a koji se posebno menja sa upaljenim svetlom unutar njega. Zamislila sam okruglu formu koja se pokre\u0107e u smeru kazaljke na satu, da se otvara i zatvara. Simulacija dana i no\u0107i. Oblik  kruga sam pretvorila u osmouganu formu koja se ponavlja, odnosno smanjuje ka unutra\u0161njosti. Prvi segment je fiksan, slede\u0107i se otvara maksimalno 60 stepeni u odnosu na prvi. Tre\u0107i, unutra\u0161nji, se isto tako otvara za 60stepeni u odnosu na drugi. Kada su slo\u017eeni vidimo jednu ravan koja ima male razmake izme\u0111u svakog segmenta. Ti razmaci bivaju vrlo istaknuti kada je svetlo upaljeno i stvara se utisak dinamike, ose\u0107aj bu\u0111enja. Pomeranjem drugog segmenta svetlo po\u010dinje da se \u0161iri i obasjava jednu stranu objekta. Otvaranjem  tre\u0107eg ponavljamo predhodnu situaciju i pove\u0107avamo koli\u010dinu svetla unutar  samoga objekta i oko njega. Led trake se nalaze u unutra\u0161njosti svakog segmenta tako da posti\u017eemo usmerenije svetlo i ujedno led traka postaje manje uo\u010dljiva, gubi ta\u010dkasto svetlosnu strukturu. Tako\u0111e  sam \u017eelela kontrolisati smer svetla, te time posti\u0107i igru unutar objekta i oko njega. Materijal sam uzela neutralan, belo drvo da bih postigla jasan efekat svetla. Mo\u017ee se napraviti u drugom materijalu, transparentnom i u boji. Tako\u0111e  postoji mogu\u0107nost pode\u0161avanja ja\u010dine svetla pa time posti\u017eemo razli\u010dite efekte. Kompletna instalacija i mehanizam su nevidljivi. Oni su sme\u0161teni u sredini objekta i u postament, tako da imamo \u010distu skulpturalnu formu.<\/span><\/h6>\t\t\t\t\t\t\t\t<\/div>\n\t\t\t\t<\/div>\n\t\t\t\t\t<\/div>\n\t\t<\/div>\n\t\t\t\t\t<\/div>\n\t\t<\/section>\n\t\t\t\t<section class=\"elementor-section elementor-top-section elementor-element elementor-element-2fb8b37 elementor-section-boxed elementor-section-height-default elementor-section-height-default\" data-id=\"2fb8b37\" data-element_type=\"section\">\n\t\t\t\t\t\t<div class=\"elementor-container elementor-column-gap-default\">\n\t\t\t\t\t<div class=\"elementor-column elementor-col-50 elementor-top-column elementor-element elementor-element-6c2e526\" data-id=\"6c2e526\" data-element_type=\"column\">\n\t\t\t<div class=\"elementor-widget-wrap elementor-element-populated\">\n\t\t\t\t\t\t<div class=\"elementor-element elementor-element-f6a3da2 elementor-widget elementor-widget-image\" data-id=\"f6a3da2\" data-element_type=\"widget\" data-widget_type=\"image.default\">\n\t\t\t\t<div class=\"elementor-widget-container\">\n\t\t\t\t\t\t\t\t\t\t\t\t\t\t\t<img fetchpriority=\"high\" decoding=\"async\" width=\"800\" height=\"352\" src=\"https:\/\/lucijatomicic.com\/wp-content\/uploads\/2022\/07\/collage-1024x451.jpg\" class=\"attachment-large size-large wp-image-62\" alt=\"\" srcset=\"https:\/\/lucijatomicic.com\/wp-content\/uploads\/2022\/07\/collage-1024x451.jpg 1024w, https:\/\/lucijatomicic.com\/wp-content\/uploads\/2022\/07\/collage-300x132.jpg 300w, https:\/\/lucijatomicic.com\/wp-content\/uploads\/2022\/07\/collage-768x338.jpg 768w, https:\/\/lucijatomicic.com\/wp-content\/uploads\/2022\/07\/collage.jpg 1200w\" sizes=\"(max-width: 800px) 100vw, 800px\" \/>\t\t\t\t\t\t\t\t\t\t\t\t\t\t\t<\/div>\n\t\t\t\t<\/div>\n\t\t\t\t\t<\/div>\n\t\t<\/div>\n\t\t\t\t<div class=\"elementor-column elementor-col-50 elementor-top-column elementor-element elementor-element-9e6fef2\" data-id=\"9e6fef2\" data-element_type=\"column\">\n\t\t\t<div class=\"elementor-widget-wrap elementor-element-populated\">\n\t\t\t\t\t\t<div class=\"elementor-element elementor-element-b36f0ca elementor-widget elementor-widget-text-editor\" data-id=\"b36f0ca\" data-element_type=\"widget\" data-widget_type=\"text-editor.default\">\n\t\t\t\t<div class=\"elementor-widget-container\">\n\t\t\t\t\t\t\t\t\t<p style=\"background: white;\"><span lang=\"EN-US\" style=\"font-family: 'Segoe UI',sans-serif; color: black;\">Dimenzije<\/span><em><span lang=\"EN-US\" style=\"font-family: 'Segoe UI',sans-serif; color: black;\">:<\/span><\/em><\/p><p style=\"background: white;\"><span lang=\"EN-US\" style=\"font-family: 'Segoe UI',sans-serif; color: black;\">H\u00a0 72 cm <\/span><span lang=\"EN-US\" style=\"font-family: 'Segoe UI',sans-serif; color: black;\">\u0160 60 cm <\/span><span lang=\"EN-US\" style=\"font-family: 'Segoe UI',sans-serif; color: black;\">D\u00a0 \u00a020 cm<\/span><\/p><p style=\"background: white;\"><span lang=\"EN-US\" style=\"font-family: 'Segoe UI',sans-serif; color: black;\">Materijal: medijapan bojen u mat belu boju<\/span><\/p><p style=\"background: white;\"><span lang=\"EN-US\" style=\"font-family: 'Segoe UI',sans-serif; color: black;\">Ru\u010dno ra\u0111eno<\/span><\/p><p style=\"background: white;\"><span lang=\"EN-US\" style=\"font-family: 'Segoe UI',sans-serif; color: black;\">Fotografije  Vladimir Popovi\u0107<\/span><\/p><p style=\"background: white;\"><strong><span lang=\"EN-US\" style=\"font-family: 'Segoe UI',sans-serif; color: gray;\">Rad u\u010destvovao na internacionalnom takmi\u010denju Design Award Artzept 2015. U Milanu-LET US ILLUMINATE THE WORLD<\/span><\/strong><\/p><p style=\"margin-bottom: .0001pt; background: white;\"><strong><span lang=\"EN-US\" style=\"font-family: 'Segoe UI',sans-serif; color: gray;\">Nalazi se na sajtu sa ostalim radovima\u00a0<\/span><\/strong><span lang=\"EN-US\"><a href=\"http:\/\/www.artzept.com\/\"><span style=\"font-family: 'Segoe UI',sans-serif; color: #3366ff;\">www.artzept.com<\/span><\/a><\/span><\/p>\t\t\t\t\t\t\t\t<\/div>\n\t\t\t\t<\/div>\n\t\t\t\t\t<\/div>\n\t\t<\/div>\n\t\t\t\t\t<\/div>\n\t\t<\/section>\n\t\t\t\t<section class=\"elementor-section elementor-top-section elementor-element elementor-element-914694d elementor-section-boxed elementor-section-height-default elementor-section-height-default\" data-id=\"914694d\" data-element_type=\"section\">\n\t\t\t\t\t\t<div class=\"elementor-container elementor-column-gap-default\">\n\t\t\t\t\t<div class=\"elementor-column elementor-col-100 elementor-top-column elementor-element elementor-element-c3ffcd4\" data-id=\"c3ffcd4\" data-element_type=\"column\">\n\t\t\t<div class=\"elementor-widget-wrap elementor-element-populated\">\n\t\t\t\t\t\t\t<\/div>\n\t\t<\/div>\n\t\t\t\t\t<\/div>\n\t\t<\/section>\n\t\t\t\t<section class=\"elementor-section elementor-top-section elementor-element elementor-element-87036cc elementor-section-boxed elementor-section-height-default elementor-section-height-default\" data-id=\"87036cc\" data-element_type=\"section\">\n\t\t\t\t\t\t<div class=\"elementor-container elementor-column-gap-default\">\n\t\t\t\t\t<div class=\"elementor-column elementor-col-100 elementor-top-column elementor-element elementor-element-09fa825\" data-id=\"09fa825\" data-element_type=\"column\">\n\t\t\t<div class=\"elementor-widget-wrap elementor-element-populated\">\n\t\t\t\t\t\t<div class=\"elementor-element elementor-element-a233c42 gallery-spacing-custom elementor-widget elementor-widget-image-gallery\" data-id=\"a233c42\" data-element_type=\"widget\" data-widget_type=\"image-gallery.default\">\n\t\t\t\t<div class=\"elementor-widget-container\">\n\t\t\t\t\t\t\t<div class=\"elementor-image-gallery\">\n\t\t\t<div id='gallery-1' class='gallery galleryid-840 gallery-columns-5 gallery-size-large'><figure class='gallery-item'>\n\t\t\t<div class='gallery-icon portrait'>\n\t\t\t\t<a data-elementor-open-lightbox=\"yes\" data-elementor-lightbox-slideshow=\"a233c42\" data-e-action-hash=\"#elementor-action%3Aaction%3Dlightbox%26settings%3DeyJpZCI6ODQ0LCJ1cmwiOiJodHRwczpcL1wvbHVjaWphdG9taWNpYy5jb21cL3dwLWNvbnRlbnRcL3VwbG9hZHNcLzIwMjJcLzA3XC9JbWcyNjM0NC5qcGciLCJzbGlkZXNob3ciOiJhMjMzYzQyIn0%3D\" href='https:\/\/lucijatomicic.com\/wp-content\/uploads\/2022\/07\/Img26344.jpg'><img decoding=\"async\" width=\"668\" height=\"1000\" src=\"https:\/\/lucijatomicic.com\/wp-content\/uploads\/2022\/07\/Img26344.jpg\" class=\"attachment-large size-large\" alt=\"\" srcset=\"https:\/\/lucijatomicic.com\/wp-content\/uploads\/2022\/07\/Img26344.jpg 668w, https:\/\/lucijatomicic.com\/wp-content\/uploads\/2022\/07\/Img26344-200x300.jpg 200w\" sizes=\"(max-width: 668px) 100vw, 668px\" \/><\/a>\n\t\t\t<\/div><\/figure><figure class='gallery-item'>\n\t\t\t<div class='gallery-icon portrait'>\n\t\t\t\t<a data-elementor-open-lightbox=\"yes\" data-elementor-lightbox-slideshow=\"a233c42\" data-e-action-hash=\"#elementor-action%3Aaction%3Dlightbox%26settings%3DeyJpZCI6ODQ1LCJ1cmwiOiJodHRwczpcL1wvbHVjaWphdG9taWNpYy5jb21cL3dwLWNvbnRlbnRcL3VwbG9hZHNcLzIwMjJcLzA3XC9JbWcyNjM1MC5qcGciLCJzbGlkZXNob3ciOiJhMjMzYzQyIn0%3D\" href='https:\/\/lucijatomicic.com\/wp-content\/uploads\/2022\/07\/Img26350.jpg'><img decoding=\"async\" width=\"668\" height=\"1000\" src=\"https:\/\/lucijatomicic.com\/wp-content\/uploads\/2022\/07\/Img26350.jpg\" class=\"attachment-large size-large\" alt=\"\" srcset=\"https:\/\/lucijatomicic.com\/wp-content\/uploads\/2022\/07\/Img26350.jpg 668w, https:\/\/lucijatomicic.com\/wp-content\/uploads\/2022\/07\/Img26350-200x300.jpg 200w\" sizes=\"(max-width: 668px) 100vw, 668px\" \/><\/a>\n\t\t\t<\/div><\/figure><figure class='gallery-item'>\n\t\t\t<div class='gallery-icon portrait'>\n\t\t\t\t<a data-elementor-open-lightbox=\"yes\" data-elementor-lightbox-slideshow=\"a233c42\" data-e-action-hash=\"#elementor-action%3Aaction%3Dlightbox%26settings%3DeyJpZCI6ODQ2LCJ1cmwiOiJodHRwczpcL1wvbHVjaWphdG9taWNpYy5jb21cL3dwLWNvbnRlbnRcL3VwbG9hZHNcLzIwMjJcLzA3XC9JbWcyNjM1Ni0xLmpwZyIsInNsaWRlc2hvdyI6ImEyMzNjNDIifQ%3D%3D\" href='https:\/\/lucijatomicic.com\/wp-content\/uploads\/2022\/07\/Img26356-1.jpg'><img loading=\"lazy\" decoding=\"async\" width=\"668\" height=\"1000\" src=\"https:\/\/lucijatomicic.com\/wp-content\/uploads\/2022\/07\/Img26356-1.jpg\" class=\"attachment-large size-large\" alt=\"\" srcset=\"https:\/\/lucijatomicic.com\/wp-content\/uploads\/2022\/07\/Img26356-1.jpg 668w, https:\/\/lucijatomicic.com\/wp-content\/uploads\/2022\/07\/Img26356-1-200x300.jpg 200w\" sizes=\"(max-width: 668px) 100vw, 668px\" \/><\/a>\n\t\t\t<\/div><\/figure><figure class='gallery-item'>\n\t\t\t<div class='gallery-icon portrait'>\n\t\t\t\t<a data-elementor-open-lightbox=\"yes\" data-elementor-lightbox-slideshow=\"a233c42\" data-e-action-hash=\"#elementor-action%3Aaction%3Dlightbox%26settings%3DeyJpZCI6ODQ3LCJ1cmwiOiJodHRwczpcL1wvbHVjaWphdG9taWNpYy5jb21cL3dwLWNvbnRlbnRcL3VwbG9hZHNcLzIwMjJcLzA3XC9JbWcyNjM2MC5qcGciLCJzbGlkZXNob3ciOiJhMjMzYzQyIn0%3D\" href='https:\/\/lucijatomicic.com\/wp-content\/uploads\/2022\/07\/Img26360.jpg'><img loading=\"lazy\" decoding=\"async\" width=\"668\" height=\"1000\" src=\"https:\/\/lucijatomicic.com\/wp-content\/uploads\/2022\/07\/Img26360.jpg\" class=\"attachment-large size-large\" alt=\"\" srcset=\"https:\/\/lucijatomicic.com\/wp-content\/uploads\/2022\/07\/Img26360.jpg 668w, https:\/\/lucijatomicic.com\/wp-content\/uploads\/2022\/07\/Img26360-200x300.jpg 200w\" sizes=\"(max-width: 668px) 100vw, 668px\" \/><\/a>\n\t\t\t<\/div><\/figure><figure class='gallery-item'>\n\t\t\t<div class='gallery-icon portrait'>\n\t\t\t\t<a data-elementor-open-lightbox=\"yes\" data-elementor-lightbox-slideshow=\"a233c42\" data-e-action-hash=\"#elementor-action%3Aaction%3Dlightbox%26settings%3DeyJpZCI6ODQ4LCJ1cmwiOiJodHRwczpcL1wvbHVjaWphdG9taWNpYy5jb21cL3dwLWNvbnRlbnRcL3VwbG9hZHNcLzIwMjJcLzA3XC9JbWcyNjM2MS5qcGciLCJzbGlkZXNob3ciOiJhMjMzYzQyIn0%3D\" href='https:\/\/lucijatomicic.com\/wp-content\/uploads\/2022\/07\/Img26361.jpg'><img loading=\"lazy\" decoding=\"async\" width=\"668\" height=\"1000\" src=\"https:\/\/lucijatomicic.com\/wp-content\/uploads\/2022\/07\/Img26361.jpg\" class=\"attachment-large size-large\" alt=\"\" srcset=\"https:\/\/lucijatomicic.com\/wp-content\/uploads\/2022\/07\/Img26361.jpg 668w, https:\/\/lucijatomicic.com\/wp-content\/uploads\/2022\/07\/Img26361-200x300.jpg 200w\" sizes=\"(max-width: 668px) 100vw, 668px\" \/><\/a>\n\t\t\t<\/div><\/figure><figure class='gallery-item'>\n\t\t\t<div class='gallery-icon portrait'>\n\t\t\t\t<a data-elementor-open-lightbox=\"yes\" data-elementor-lightbox-slideshow=\"a233c42\" data-e-action-hash=\"#elementor-action%3Aaction%3Dlightbox%26settings%3DeyJpZCI6ODQ5LCJ1cmwiOiJodHRwczpcL1wvbHVjaWphdG9taWNpYy5jb21cL3dwLWNvbnRlbnRcL3VwbG9hZHNcLzIwMjJcLzA3XC9JbWcyNjM2Ny5qcGciLCJzbGlkZXNob3ciOiJhMjMzYzQyIn0%3D\" href='https:\/\/lucijatomicic.com\/wp-content\/uploads\/2022\/07\/Img26367.jpg'><img loading=\"lazy\" decoding=\"async\" width=\"668\" height=\"1000\" src=\"https:\/\/lucijatomicic.com\/wp-content\/uploads\/2022\/07\/Img26367.jpg\" class=\"attachment-large size-large\" alt=\"\" srcset=\"https:\/\/lucijatomicic.com\/wp-content\/uploads\/2022\/07\/Img26367.jpg 668w, https:\/\/lucijatomicic.com\/wp-content\/uploads\/2022\/07\/Img26367-200x300.jpg 200w\" sizes=\"(max-width: 668px) 100vw, 668px\" \/><\/a>\n\t\t\t<\/div><\/figure><figure class='gallery-item'>\n\t\t\t<div class='gallery-icon portrait'>\n\t\t\t\t<a data-elementor-open-lightbox=\"yes\" data-elementor-lightbox-slideshow=\"a233c42\" data-e-action-hash=\"#elementor-action%3Aaction%3Dlightbox%26settings%3DeyJpZCI6ODUwLCJ1cmwiOiJodHRwczpcL1wvbHVjaWphdG9taWNpYy5jb21cL3dwLWNvbnRlbnRcL3VwbG9hZHNcLzIwMjJcLzA3XC9JbWcyNjM2OC0xLmpwZyIsInNsaWRlc2hvdyI6ImEyMzNjNDIifQ%3D%3D\" href='https:\/\/lucijatomicic.com\/wp-content\/uploads\/2022\/07\/Img26368-1.jpg'><img loading=\"lazy\" decoding=\"async\" width=\"668\" height=\"1000\" src=\"https:\/\/lucijatomicic.com\/wp-content\/uploads\/2022\/07\/Img26368-1.jpg\" class=\"attachment-large size-large\" alt=\"\" srcset=\"https:\/\/lucijatomicic.com\/wp-content\/uploads\/2022\/07\/Img26368-1.jpg 668w, https:\/\/lucijatomicic.com\/wp-content\/uploads\/2022\/07\/Img26368-1-200x300.jpg 200w\" sizes=\"(max-width: 668px) 100vw, 668px\" \/><\/a>\n\t\t\t<\/div><\/figure><figure class='gallery-item'>\n\t\t\t<div class='gallery-icon portrait'>\n\t\t\t\t<a data-elementor-open-lightbox=\"yes\" data-elementor-lightbox-slideshow=\"a233c42\" data-e-action-hash=\"#elementor-action%3Aaction%3Dlightbox%26settings%3DeyJpZCI6ODUxLCJ1cmwiOiJodHRwczpcL1wvbHVjaWphdG9taWNpYy5jb21cL3dwLWNvbnRlbnRcL3VwbG9hZHNcLzIwMjJcLzA3XC9JbWcyNjM4My5qcGciLCJzbGlkZXNob3ciOiJhMjMzYzQyIn0%3D\" href='https:\/\/lucijatomicic.com\/wp-content\/uploads\/2022\/07\/Img26383.jpg'><img loading=\"lazy\" decoding=\"async\" width=\"668\" height=\"1000\" src=\"https:\/\/lucijatomicic.com\/wp-content\/uploads\/2022\/07\/Img26383.jpg\" class=\"attachment-large size-large\" alt=\"\" srcset=\"https:\/\/lucijatomicic.com\/wp-content\/uploads\/2022\/07\/Img26383.jpg 668w, https:\/\/lucijatomicic.com\/wp-content\/uploads\/2022\/07\/Img26383-200x300.jpg 200w\" sizes=\"(max-width: 668px) 100vw, 668px\" \/><\/a>\n\t\t\t<\/div><\/figure><figure class='gallery-item'>\n\t\t\t<div class='gallery-icon portrait'>\n\t\t\t\t<a data-elementor-open-lightbox=\"yes\" data-elementor-lightbox-slideshow=\"a233c42\" data-e-action-hash=\"#elementor-action%3Aaction%3Dlightbox%26settings%3DeyJpZCI6ODUyLCJ1cmwiOiJodHRwczpcL1wvbHVjaWphdG9taWNpYy5jb21cL3dwLWNvbnRlbnRcL3VwbG9hZHNcLzIwMjJcLzA3XC9JbWcyNjM5MC5qcGciLCJzbGlkZXNob3ciOiJhMjMzYzQyIn0%3D\" href='https:\/\/lucijatomicic.com\/wp-content\/uploads\/2022\/07\/Img26390.jpg'><img loading=\"lazy\" decoding=\"async\" width=\"668\" height=\"1000\" src=\"https:\/\/lucijatomicic.com\/wp-content\/uploads\/2022\/07\/Img26390.jpg\" class=\"attachment-large size-large\" alt=\"\" srcset=\"https:\/\/lucijatomicic.com\/wp-content\/uploads\/2022\/07\/Img26390.jpg 668w, https:\/\/lucijatomicic.com\/wp-content\/uploads\/2022\/07\/Img26390-200x300.jpg 200w\" sizes=\"(max-width: 668px) 100vw, 668px\" \/><\/a>\n\t\t\t<\/div><\/figure><figure class='gallery-item'>\n\t\t\t<div class='gallery-icon portrait'>\n\t\t\t\t<a data-elementor-open-lightbox=\"yes\" data-elementor-lightbox-slideshow=\"a233c42\" data-e-action-hash=\"#elementor-action%3Aaction%3Dlightbox%26settings%3DeyJpZCI6ODUzLCJ1cmwiOiJodHRwczpcL1wvbHVjaWphdG9taWNpYy5jb21cL3dwLWNvbnRlbnRcL3VwbG9hZHNcLzIwMjJcLzA3XC9JbWcyNjM5M2EtMS5qcGciLCJzbGlkZXNob3ciOiJhMjMzYzQyIn0%3D\" href='https:\/\/lucijatomicic.com\/wp-content\/uploads\/2022\/07\/Img26393a-1.jpg'><img loading=\"lazy\" decoding=\"async\" width=\"668\" height=\"1000\" src=\"https:\/\/lucijatomicic.com\/wp-content\/uploads\/2022\/07\/Img26393a-1.jpg\" class=\"attachment-large size-large\" alt=\"\" srcset=\"https:\/\/lucijatomicic.com\/wp-content\/uploads\/2022\/07\/Img26393a-1.jpg 668w, https:\/\/lucijatomicic.com\/wp-content\/uploads\/2022\/07\/Img26393a-1-200x300.jpg 200w\" sizes=\"(max-width: 668px) 100vw, 668px\" \/><\/a>\n\t\t\t<\/div><\/figure>\n\t\t<\/div>\n\t\t<\/div>\n\t\t\t\t\t\t<\/div>\n\t\t\t\t<\/div>\n\t\t\t\t\t<\/div>\n\t\t<\/div>\n\t\t\t\t\t<\/div>\n\t\t<\/section>\n\t\t\t\t<\/div>","protected":false},"excerpt":{"rendered":"<p>ORBITAL 2015 The intention was to design a light object with sculptural, mobile form, changing with turning on the light within it. I pictured a round shape rotating clockwise, which could open and close, as a simulation of day and night. To emphasize the effect, I turned the circle into a octagonal shape which is [&hellip;]<\/p>","protected":false},"author":1,"featured_media":0,"parent":0,"menu_order":0,"comment_status":"closed","ping_status":"closed","template":"","meta":{"footnotes":""},"class_list":["post-840","page","type-page","status-publish","hentry"],"_links":{"self":[{"href":"https:\/\/lucijatomicic.com\/sr\/wp-json\/wp\/v2\/pages\/840","targetHints":{"allow":["GET"]}}],"collection":[{"href":"https:\/\/lucijatomicic.com\/sr\/wp-json\/wp\/v2\/pages"}],"about":[{"href":"https:\/\/lucijatomicic.com\/sr\/wp-json\/wp\/v2\/types\/page"}],"author":[{"embeddable":true,"href":"https:\/\/lucijatomicic.com\/sr\/wp-json\/wp\/v2\/users\/1"}],"replies":[{"embeddable":true,"href":"https:\/\/lucijatomicic.com\/sr\/wp-json\/wp\/v2\/comments?post=840"}],"version-history":[{"count":22,"href":"https:\/\/lucijatomicic.com\/sr\/wp-json\/wp\/v2\/pages\/840\/revisions"}],"predecessor-version":[{"id":2769,"href":"https:\/\/lucijatomicic.com\/sr\/wp-json\/wp\/v2\/pages\/840\/revisions\/2769"}],"wp:attachment":[{"href":"https:\/\/lucijatomicic.com\/sr\/wp-json\/wp\/v2\/media?parent=840"}],"curies":[{"name":"wp","href":"https:\/\/api.w.org\/{rel}","templated":true}]}}