{"id":604,"date":"2022-07-14T13:08:15","date_gmt":"2022-07-14T13:08:15","guid":{"rendered":"https:\/\/lucijatomicic.com\/?page_id=604"},"modified":"2024-06-24T13:54:26","modified_gmt":"2024-06-24T13:54:26","slug":"east-west","status":"publish","type":"page","link":"https:\/\/lucijatomicic.com\/sr\/east-west\/","title":{"rendered":"istok zapad"},"content":{"rendered":"<div data-elementor-type=\"wp-page\" data-elementor-id=\"604\" class=\"elementor elementor-604\">\n\t\t\t\t\t\t<section class=\"elementor-section elementor-top-section elementor-element elementor-element-804ab5b elementor-section-boxed elementor-section-height-default elementor-section-height-default\" data-id=\"804ab5b\" data-element_type=\"section\">\n\t\t\t\t\t\t<div class=\"elementor-container elementor-column-gap-default\">\n\t\t\t\t\t<div class=\"elementor-column elementor-col-100 elementor-top-column elementor-element elementor-element-c5ba54e\" data-id=\"c5ba54e\" data-element_type=\"column\">\n\t\t\t<div class=\"elementor-widget-wrap elementor-element-populated\">\n\t\t\t\t\t\t<div class=\"elementor-element elementor-element-2047bc0 elementor-widget elementor-widget-text-editor\" data-id=\"2047bc0\" data-element_type=\"widget\" data-widget_type=\"text-editor.default\">\n\t\t\t\t<div class=\"elementor-widget-container\">\n\t\t\t\t\t\t\t\t\t<p><strong>\u00a0ISTOK-ZAPAD 2018<\/strong><\/p>\t\t\t\t\t\t\t\t<\/div>\n\t\t\t\t<\/div>\n\t\t\t\t\t<\/div>\n\t\t<\/div>\n\t\t\t\t\t<\/div>\n\t\t<\/section>\n\t\t\t\t<section class=\"elementor-section elementor-top-section elementor-element elementor-element-a2ac3ac elementor-section-content-middle elementor-section-boxed elementor-section-height-default elementor-section-height-default\" data-id=\"a2ac3ac\" data-element_type=\"section\">\n\t\t\t\t\t\t<div class=\"elementor-container elementor-column-gap-default\">\n\t\t\t\t\t<div class=\"elementor-column elementor-col-50 elementor-top-column elementor-element elementor-element-fb5eb8f\" data-id=\"fb5eb8f\" data-element_type=\"column\">\n\t\t\t<div class=\"elementor-widget-wrap elementor-element-populated\">\n\t\t\t\t\t\t<div class=\"elementor-element elementor-element-9017b9c elementor-widget elementor-widget-image\" data-id=\"9017b9c\" data-element_type=\"widget\" data-widget_type=\"image.default\">\n\t\t\t\t<div class=\"elementor-widget-container\">\n\t\t\t\t\t\t\t\t\t\t\t\t\t\t\t<img fetchpriority=\"high\" decoding=\"async\" width=\"768\" height=\"839\" src=\"https:\/\/lucijatomicic.com\/wp-content\/uploads\/2022\/07\/ISTOK-ZAPAD-naslovna-768x839.jpg\" class=\"attachment-medium_large size-medium_large wp-image-618\" alt=\"\" srcset=\"https:\/\/lucijatomicic.com\/wp-content\/uploads\/2022\/07\/ISTOK-ZAPAD-naslovna-768x839.jpg 768w, https:\/\/lucijatomicic.com\/wp-content\/uploads\/2022\/07\/ISTOK-ZAPAD-naslovna-275x300.jpg 275w, https:\/\/lucijatomicic.com\/wp-content\/uploads\/2022\/07\/ISTOK-ZAPAD-naslovna-938x1024.jpg 938w, https:\/\/lucijatomicic.com\/wp-content\/uploads\/2022\/07\/ISTOK-ZAPAD-naslovna.jpg 1000w\" sizes=\"(max-width: 768px) 100vw, 768px\" \/>\t\t\t\t\t\t\t\t\t\t\t\t\t\t\t<\/div>\n\t\t\t\t<\/div>\n\t\t\t\t\t<\/div>\n\t\t<\/div>\n\t\t\t\t<div class=\"elementor-column elementor-col-50 elementor-top-column elementor-element elementor-element-947ead6\" data-id=\"947ead6\" data-element_type=\"column\">\n\t\t\t<div class=\"elementor-widget-wrap elementor-element-populated\">\n\t\t\t\t\t\t<div class=\"elementor-element elementor-element-55f8709 elementor-widget elementor-widget-text-editor\" data-id=\"55f8709\" data-element_type=\"widget\" data-widget_type=\"text-editor.default\">\n\t\t\t\t<div class=\"elementor-widget-container\">\n\t\t\t\t\t\t\t\t\t<h5>\u00a0<\/h5><h5>Granica izme\u0111u dve strane sveta, svetlost na jednoj, drugoj ili obe  - izbor je Va\u0161.<\/h5><h5>Lampa Istok Zapad se sastoji od drvenog stuba u obliku jednakostrani\u010dnog trougla postavljenog u metalno postolje.<\/h5><h5>Stub pravi granicu \u2013 ka nama je uvek okrenuta jedna strana, a u pozadini se odvija misti\u010dna igra svetlosti koja dolazi iz druge dve strane trougla.<\/h5>\t\t\t\t\t\t\t\t<\/div>\n\t\t\t\t<\/div>\n\t\t\t\t\t<\/div>\n\t\t<\/div>\n\t\t\t\t\t<\/div>\n\t\t<\/section>\n\t\t\t\t<section class=\"elementor-section elementor-top-section elementor-element elementor-element-b8ed210 elementor-section-boxed elementor-section-height-default elementor-section-height-default\" data-id=\"b8ed210\" data-element_type=\"section\">\n\t\t\t\t\t\t<div class=\"elementor-container elementor-column-gap-default\">\n\t\t\t\t\t<div class=\"elementor-column elementor-col-100 elementor-top-column elementor-element elementor-element-082f044\" data-id=\"082f044\" data-element_type=\"column\">\n\t\t\t<div class=\"elementor-widget-wrap elementor-element-populated\">\n\t\t\t\t\t\t<div class=\"elementor-element elementor-element-8d03395 elementor-widget elementor-widget-text-editor\" data-id=\"8d03395\" data-element_type=\"widget\" data-widget_type=\"text-editor.default\">\n\t\t\t\t<div class=\"elementor-widget-container\">\n\t\t\t\t\t\t\t\t\t<p><strong>Kako funkcioni\u0161e:<\/strong><\/p><p>Pojavom svetla na levoj strain lampe osvetljena je samo ta strana dok desna strana lampe ostaje potpuno zamra\u010dena I suprotno: pojavom svetla na desnoj strain lampe, samo ta strana svetli dok leva strana ostaje potpuno zamra\u010dena.<\/p><p>Tre\u0107a mogu\u0107nost je da u isto vreme mogu biti osvetljene obe strane, dok drveni stub ostaje potpuno zamra\u010den.<\/p><p>Lampa je dimabilna: intenzitet svetla mo\u017ee biti promenljiv od najslabijeg do naja\u010deg, bez obzira da li je upaljena jedna strana lampe ili obe.<\/p><p>Kada svetlo potpuno nestane ispred nas ostaje topla, jednostavna I \u010dista forma drveta. S vojim elegantnim oblikom lampa zauzima vrlo malo prostora pa se lako uklapa u razli\u010dite vrste enterijera.<\/p>\t\t\t\t\t\t\t\t<\/div>\n\t\t\t\t<\/div>\n\t\t\t\t\t<\/div>\n\t\t<\/div>\n\t\t\t\t\t<\/div>\n\t\t<\/section>\n\t\t\t\t<section class=\"elementor-section elementor-top-section elementor-element elementor-element-9567852 elementor-section-boxed elementor-section-height-default elementor-section-height-default\" data-id=\"9567852\" data-element_type=\"section\">\n\t\t\t\t\t\t<div class=\"elementor-container elementor-column-gap-default\">\n\t\t\t\t\t<div class=\"elementor-column elementor-col-100 elementor-top-column elementor-element elementor-element-97c3c55\" data-id=\"97c3c55\" data-element_type=\"column\">\n\t\t\t<div class=\"elementor-widget-wrap elementor-element-populated\">\n\t\t\t\t\t\t<div class=\"elementor-element elementor-element-0169903 gallery-spacing-custom elementor-widget elementor-widget-image-gallery\" data-id=\"0169903\" data-element_type=\"widget\" data-widget_type=\"image-gallery.default\">\n\t\t\t\t<div class=\"elementor-widget-container\">\n\t\t\t\t\t\t\t<div class=\"elementor-image-gallery\">\n\t\t\t<div id='gallery-1' class='gallery galleryid-604 gallery-columns-5 gallery-size-full'><figure class='gallery-item'>\n\t\t\t<div class='gallery-icon portrait'>\n\t\t\t\t<a data-elementor-open-lightbox=\"yes\" data-elementor-lightbox-slideshow=\"0169903\" data-elementor-lightbox-title=\"east west\" data-e-action-hash=\"#elementor-action%3Aaction%3Dlightbox%26settings%3DeyJpZCI6NjEyLCJ1cmwiOiJodHRwczpcL1wvbHVjaWphdG9taWNpYy5jb21cL3dwLWNvbnRlbnRcL3VwbG9hZHNcLzIwMjJcLzA3XC9pem4uanBnIiwic2xpZGVzaG93IjoiMDE2OTkwMyJ9\" href='https:\/\/lucijatomicic.com\/wp-content\/uploads\/2022\/07\/izn.jpg'><img decoding=\"async\" width=\"500\" height=\"750\" src=\"https:\/\/lucijatomicic.com\/wp-content\/uploads\/2022\/07\/izn.jpg\" class=\"attachment-full size-full\" alt=\"\" srcset=\"https:\/\/lucijatomicic.com\/wp-content\/uploads\/2022\/07\/izn.jpg 500w, https:\/\/lucijatomicic.com\/wp-content\/uploads\/2022\/07\/izn-200x300.jpg 200w\" sizes=\"(max-width: 500px) 100vw, 500px\" \/><\/a>\n\t\t\t<\/div><\/figure><figure class='gallery-item'>\n\t\t\t<div class='gallery-icon portrait'>\n\t\t\t\t<a data-elementor-open-lightbox=\"yes\" data-elementor-lightbox-slideshow=\"0169903\" data-elementor-lightbox-title=\"ew\" data-e-action-hash=\"#elementor-action%3Aaction%3Dlightbox%26settings%3DeyJpZCI6NjE0LCJ1cmwiOiJodHRwczpcL1wvbHVjaWphdG9taWNpYy5jb21cL3dwLWNvbnRlbnRcL3VwbG9hZHNcLzIwMjJcLzA3XC8yLTItc2NhbGVkLmpwZyIsInNsaWRlc2hvdyI6IjAxNjk5MDMifQ%3D%3D\" href='https:\/\/lucijatomicic.com\/wp-content\/uploads\/2022\/07\/2-2-scaled.jpg'><img decoding=\"async\" width=\"1707\" height=\"2560\" src=\"https:\/\/lucijatomicic.com\/wp-content\/uploads\/2022\/07\/2-2-scaled.jpg\" class=\"attachment-full size-full\" alt=\"\" srcset=\"https:\/\/lucijatomicic.com\/wp-content\/uploads\/2022\/07\/2-2-scaled.jpg 1707w, https:\/\/lucijatomicic.com\/wp-content\/uploads\/2022\/07\/2-2-200x300.jpg 200w, https:\/\/lucijatomicic.com\/wp-content\/uploads\/2022\/07\/2-2-683x1024.jpg 683w, https:\/\/lucijatomicic.com\/wp-content\/uploads\/2022\/07\/2-2-768x1152.jpg 768w, https:\/\/lucijatomicic.com\/wp-content\/uploads\/2022\/07\/2-2-1024x1536.jpg 1024w, https:\/\/lucijatomicic.com\/wp-content\/uploads\/2022\/07\/2-2-1365x2048.jpg 1365w\" sizes=\"(max-width: 1707px) 100vw, 1707px\" \/><\/a>\n\t\t\t<\/div><\/figure><figure class='gallery-item'>\n\t\t\t<div class='gallery-icon portrait'>\n\t\t\t\t<a data-elementor-open-lightbox=\"yes\" data-elementor-lightbox-slideshow=\"0169903\" data-elementor-lightbox-title=\"ew\" data-e-action-hash=\"#elementor-action%3Aaction%3Dlightbox%26settings%3DeyJpZCI6NjE2LCJ1cmwiOiJodHRwczpcL1wvbHVjaWphdG9taWNpYy5jb21cL3dwLWNvbnRlbnRcL3VwbG9hZHNcLzIwMjJcLzA3XC9pem40LmpwZyIsInNsaWRlc2hvdyI6IjAxNjk5MDMifQ%3D%3D\" href='https:\/\/lucijatomicic.com\/wp-content\/uploads\/2022\/07\/izn4.jpg'><img loading=\"lazy\" decoding=\"async\" width=\"500\" height=\"750\" src=\"https:\/\/lucijatomicic.com\/wp-content\/uploads\/2022\/07\/izn4.jpg\" class=\"attachment-full size-full\" alt=\"\" srcset=\"https:\/\/lucijatomicic.com\/wp-content\/uploads\/2022\/07\/izn4.jpg 500w, https:\/\/lucijatomicic.com\/wp-content\/uploads\/2022\/07\/izn4-200x300.jpg 200w\" sizes=\"(max-width: 500px) 100vw, 500px\" \/><\/a>\n\t\t\t<\/div><\/figure><figure class='gallery-item'>\n\t\t\t<div class='gallery-icon portrait'>\n\t\t\t\t<a data-elementor-open-lightbox=\"yes\" data-elementor-lightbox-slideshow=\"0169903\" data-elementor-lightbox-title=\"ew\" data-e-action-hash=\"#elementor-action%3Aaction%3Dlightbox%26settings%3DeyJpZCI6NjE3LCJ1cmwiOiJodHRwczpcL1wvbHVjaWphdG9taWNpYy5jb21cL3dwLWNvbnRlbnRcL3VwbG9hZHNcLzIwMjJcLzA3XC9pem41LmpwZyIsInNsaWRlc2hvdyI6IjAxNjk5MDMifQ%3D%3D\" href='https:\/\/lucijatomicic.com\/wp-content\/uploads\/2022\/07\/izn5.jpg'><img loading=\"lazy\" decoding=\"async\" width=\"500\" height=\"750\" src=\"https:\/\/lucijatomicic.com\/wp-content\/uploads\/2022\/07\/izn5.jpg\" class=\"attachment-full size-full\" alt=\"\" srcset=\"https:\/\/lucijatomicic.com\/wp-content\/uploads\/2022\/07\/izn5.jpg 500w, https:\/\/lucijatomicic.com\/wp-content\/uploads\/2022\/07\/izn5-200x300.jpg 200w\" sizes=\"(max-width: 500px) 100vw, 500px\" \/><\/a>\n\t\t\t<\/div><\/figure><figure class='gallery-item'>\n\t\t\t<div class='gallery-icon portrait'>\n\t\t\t\t<a data-elementor-open-lightbox=\"yes\" data-elementor-lightbox-slideshow=\"0169903\" data-elementor-lightbox-title=\"ew\" data-e-action-hash=\"#elementor-action%3Aaction%3Dlightbox%26settings%3DeyJpZCI6MjIyOSwidXJsIjoiaHR0cHM6XC9cL2x1Y2lqYXRvbWljaWMuY29tXC93cC1jb250ZW50XC91cGxvYWRzXC8yMDIzXC8wNVwvVlAxMDI2ODYtc2NhbGVkLmpwZyIsInNsaWRlc2hvdyI6IjAxNjk5MDMifQ%3D%3D\" href='https:\/\/lucijatomicic.com\/wp-content\/uploads\/2023\/05\/VP102686-scaled.jpg'><img loading=\"lazy\" decoding=\"async\" width=\"1707\" height=\"2560\" src=\"https:\/\/lucijatomicic.com\/wp-content\/uploads\/2023\/05\/VP102686-scaled.jpg\" class=\"attachment-full size-full\" alt=\"\" srcset=\"https:\/\/lucijatomicic.com\/wp-content\/uploads\/2023\/05\/VP102686-scaled.jpg 1707w, https:\/\/lucijatomicic.com\/wp-content\/uploads\/2023\/05\/VP102686-200x300.jpg 200w, https:\/\/lucijatomicic.com\/wp-content\/uploads\/2023\/05\/VP102686-683x1024.jpg 683w, https:\/\/lucijatomicic.com\/wp-content\/uploads\/2023\/05\/VP102686-768x1152.jpg 768w, https:\/\/lucijatomicic.com\/wp-content\/uploads\/2023\/05\/VP102686-1024x1536.jpg 1024w, https:\/\/lucijatomicic.com\/wp-content\/uploads\/2023\/05\/VP102686-1365x2048.jpg 1365w, https:\/\/lucijatomicic.com\/wp-content\/uploads\/2023\/05\/VP102686-8x12.jpg 8w\" sizes=\"(max-width: 1707px) 100vw, 1707px\" \/><\/a>\n\t\t\t<\/div><\/figure>\n\t\t<\/div>\n\t\t<\/div>\n\t\t\t\t\t\t<\/div>\n\t\t\t\t<\/div>\n\t\t\t\t\t<\/div>\n\t\t<\/div>\n\t\t\t\t\t<\/div>\n\t\t<\/section>\n\t\t\t\t<section class=\"elementor-section elementor-top-section elementor-element elementor-element-fd2feca elementor-section-boxed elementor-section-height-default elementor-section-height-default\" data-id=\"fd2feca\" data-element_type=\"section\">\n\t\t\t\t\t\t<div class=\"elementor-container elementor-column-gap-default\">\n\t\t\t\t\t<div class=\"elementor-column elementor-col-50 elementor-top-column elementor-element elementor-element-6dca19e\" data-id=\"6dca19e\" data-element_type=\"column\">\n\t\t\t<div class=\"elementor-widget-wrap elementor-element-populated\">\n\t\t\t\t\t\t<div class=\"elementor-element elementor-element-b6d51f2 elementor-widget elementor-widget-text-editor\" data-id=\"b6d51f2\" data-element_type=\"widget\" data-widget_type=\"text-editor.default\">\n\t\t\t\t<div class=\"elementor-widget-container\">\n\t\t\t\t\t\t\t\t\t<p>Dimenzije:<\/p><p>visina lampe 135cm,<\/p><p>\u0161irina jedne stranice trougla 11cm,<\/p><p>visina metalnog postolja 20cm, \u0161irina 25cm<\/p><p>Materijal: crni ameri\u010dki orah, metalno postolje plastificirano u mat crnu boju.<\/p>\t\t\t\t\t\t\t\t<\/div>\n\t\t\t\t<\/div>\n\t\t\t\t<div class=\"elementor-element elementor-element-8e41754 elementor-widget elementor-widget-text-editor\" data-id=\"8e41754\" data-element_type=\"widget\" data-widget_type=\"text-editor.default\">\n\t\t\t\t<div class=\"elementor-widget-container\">\n\t\t\t\t\t\t\t\t\t<p><strong>\u00a0Lampa u\u010destvovala na grupnoj izlo\u017ebi \"UDAH\" ULUPUDS 2019. Beograd<\/strong><\/p><p>\u00a0<\/p><p>\u00a0<\/p><p>\u00a0<\/p><p>\u00a0<\/p>\t\t\t\t\t\t\t\t<\/div>\n\t\t\t\t<\/div>\n\t\t\t\t\t<\/div>\n\t\t<\/div>\n\t\t\t\t<div class=\"elementor-column elementor-col-50 elementor-top-column elementor-element elementor-element-5dee0b9\" data-id=\"5dee0b9\" data-element_type=\"column\">\n\t\t\t<div class=\"elementor-widget-wrap elementor-element-populated\">\n\t\t\t\t\t\t<div class=\"elementor-element elementor-element-6d21d1d elementor-widget elementor-widget-text-editor\" data-id=\"6d21d1d\" data-element_type=\"widget\" data-widget_type=\"text-editor.default\">\n\t\t\t\t<div class=\"elementor-widget-container\">\n\t\t\t\t\t\t\t\t\t<p>Lampa je dimabilna, LED traka, kontrolor za LED traku, daljinski upravlja\u010d i zidni adapter<\/p><p>\u00a0<\/p>\t\t\t\t\t\t\t\t<\/div>\n\t\t\t\t<\/div>\n\t\t\t\t<div class=\"elementor-element elementor-element-08cea2c elementor-widget elementor-widget-text-editor\" data-id=\"08cea2c\" data-element_type=\"widget\" data-widget_type=\"text-editor.default\">\n\t\t\t\t<div class=\"elementor-widget-container\">\n\t\t\t\t\t\t\t\t\t<p>Lampa je ru\u010dno ra\u0111ena\u00a0<\/p><p>\u00a0Dizajnirana 2018\u00a0 \u00a0<\/p><p>\u00a0Fotografije  Vladimir Popovi\u0107<\/p><p><em>\u00a0<\/em><\/p>\t\t\t\t\t\t\t\t<\/div>\n\t\t\t\t<\/div>\n\t\t\t\t\t<\/div>\n\t\t<\/div>\n\t\t\t\t\t<\/div>\n\t\t<\/section>\n\t\t\t\t<section class=\"elementor-section elementor-top-section elementor-element elementor-element-4dcc584 elementor-section-boxed elementor-section-height-default elementor-section-height-default\" data-id=\"4dcc584\" data-element_type=\"section\">\n\t\t\t\t\t\t<div class=\"elementor-container elementor-column-gap-default\">\n\t\t\t\t\t<div class=\"elementor-column elementor-col-100 elementor-top-column elementor-element elementor-element-a170780\" data-id=\"a170780\" data-element_type=\"column\">\n\t\t\t<div class=\"elementor-widget-wrap elementor-element-populated\">\n\t\t\t\t\t\t<div class=\"elementor-element elementor-element-f094f73 gallery-spacing-custom elementor-widget elementor-widget-image-gallery\" data-id=\"f094f73\" data-element_type=\"widget\" data-widget_type=\"image-gallery.default\">\n\t\t\t\t<div class=\"elementor-widget-container\">\n\t\t\t\t\t\t\t<div class=\"elementor-image-gallery\">\n\t\t\t<div id='gallery-2' class='gallery galleryid-604 gallery-columns-5 gallery-size-full'><figure class='gallery-item'>\n\t\t\t<div class='gallery-icon portrait'>\n\t\t\t\t<a data-elementor-open-lightbox=\"yes\" data-elementor-lightbox-slideshow=\"f094f73\" data-elementor-lightbox-title=\"ew\" data-e-action-hash=\"#elementor-action%3Aaction%3Dlightbox%26settings%3DeyJpZCI6NjIyLCJ1cmwiOiJodHRwczpcL1wvbHVjaWphdG9taWNpYy5jb21cL3dwLWNvbnRlbnRcL3VwbG9hZHNcLzIwMjJcLzA3XC9WUDgyNTUzLXNjYWxlZC5qcGciLCJzbGlkZXNob3ciOiJmMDk0ZjczIn0%3D\" href='https:\/\/lucijatomicic.com\/wp-content\/uploads\/2022\/07\/VP82553-scaled.jpg'><img loading=\"lazy\" decoding=\"async\" width=\"1707\" height=\"2560\" src=\"https:\/\/lucijatomicic.com\/wp-content\/uploads\/2022\/07\/VP82553-scaled.jpg\" class=\"attachment-full size-full\" alt=\"\" srcset=\"https:\/\/lucijatomicic.com\/wp-content\/uploads\/2022\/07\/VP82553-scaled.jpg 1707w, https:\/\/lucijatomicic.com\/wp-content\/uploads\/2022\/07\/VP82553-200x300.jpg 200w, https:\/\/lucijatomicic.com\/wp-content\/uploads\/2022\/07\/VP82553-683x1024.jpg 683w, https:\/\/lucijatomicic.com\/wp-content\/uploads\/2022\/07\/VP82553-768x1152.jpg 768w, https:\/\/lucijatomicic.com\/wp-content\/uploads\/2022\/07\/VP82553-1024x1536.jpg 1024w, https:\/\/lucijatomicic.com\/wp-content\/uploads\/2022\/07\/VP82553-1365x2048.jpg 1365w\" sizes=\"(max-width: 1707px) 100vw, 1707px\" \/><\/a>\n\t\t\t<\/div><\/figure><figure class='gallery-item'>\n\t\t\t<div class='gallery-icon portrait'>\n\t\t\t\t<a data-elementor-open-lightbox=\"yes\" data-elementor-lightbox-slideshow=\"f094f73\" data-elementor-lightbox-title=\"ew\" data-e-action-hash=\"#elementor-action%3Aaction%3Dlightbox%26settings%3DeyJpZCI6NjIzLCJ1cmwiOiJodHRwczpcL1wvbHVjaWphdG9taWNpYy5jb21cL3dwLWNvbnRlbnRcL3VwbG9hZHNcLzIwMjJcLzA3XC9WUDgyNTU1LXNjYWxlZC5qcGciLCJzbGlkZXNob3ciOiJmMDk0ZjczIn0%3D\" href='https:\/\/lucijatomicic.com\/wp-content\/uploads\/2022\/07\/VP82555-scaled.jpg'><img loading=\"lazy\" decoding=\"async\" width=\"1707\" height=\"2560\" src=\"https:\/\/lucijatomicic.com\/wp-content\/uploads\/2022\/07\/VP82555-scaled.jpg\" class=\"attachment-full size-full\" alt=\"\" srcset=\"https:\/\/lucijatomicic.com\/wp-content\/uploads\/2022\/07\/VP82555-scaled.jpg 1707w, https:\/\/lucijatomicic.com\/wp-content\/uploads\/2022\/07\/VP82555-200x300.jpg 200w, https:\/\/lucijatomicic.com\/wp-content\/uploads\/2022\/07\/VP82555-683x1024.jpg 683w, https:\/\/lucijatomicic.com\/wp-content\/uploads\/2022\/07\/VP82555-768x1152.jpg 768w, https:\/\/lucijatomicic.com\/wp-content\/uploads\/2022\/07\/VP82555-1024x1536.jpg 1024w, https:\/\/lucijatomicic.com\/wp-content\/uploads\/2022\/07\/VP82555-1365x2048.jpg 1365w\" sizes=\"(max-width: 1707px) 100vw, 1707px\" \/><\/a>\n\t\t\t<\/div><\/figure><figure class='gallery-item'>\n\t\t\t<div class='gallery-icon portrait'>\n\t\t\t\t<a data-elementor-open-lightbox=\"yes\" data-elementor-lightbox-slideshow=\"f094f73\" data-elementor-lightbox-title=\"ew\" data-e-action-hash=\"#elementor-action%3Aaction%3Dlightbox%26settings%3DeyJpZCI6NjI0LCJ1cmwiOiJodHRwczpcL1wvbHVjaWphdG9taWNpYy5jb21cL3dwLWNvbnRlbnRcL3VwbG9hZHNcLzIwMjJcLzA3XC9WUDgyNTU2LXNjYWxlZC5qcGciLCJzbGlkZXNob3ciOiJmMDk0ZjczIn0%3D\" href='https:\/\/lucijatomicic.com\/wp-content\/uploads\/2022\/07\/VP82556-scaled.jpg'><img loading=\"lazy\" decoding=\"async\" width=\"1707\" height=\"2560\" src=\"https:\/\/lucijatomicic.com\/wp-content\/uploads\/2022\/07\/VP82556-scaled.jpg\" class=\"attachment-full size-full\" alt=\"\" srcset=\"https:\/\/lucijatomicic.com\/wp-content\/uploads\/2022\/07\/VP82556-scaled.jpg 1707w, https:\/\/lucijatomicic.com\/wp-content\/uploads\/2022\/07\/VP82556-200x300.jpg 200w, https:\/\/lucijatomicic.com\/wp-content\/uploads\/2022\/07\/VP82556-683x1024.jpg 683w, https:\/\/lucijatomicic.com\/wp-content\/uploads\/2022\/07\/VP82556-768x1152.jpg 768w, https:\/\/lucijatomicic.com\/wp-content\/uploads\/2022\/07\/VP82556-1024x1536.jpg 1024w, https:\/\/lucijatomicic.com\/wp-content\/uploads\/2022\/07\/VP82556-1365x2048.jpg 1365w\" sizes=\"(max-width: 1707px) 100vw, 1707px\" \/><\/a>\n\t\t\t<\/div><\/figure><figure class='gallery-item'>\n\t\t\t<div class='gallery-icon portrait'>\n\t\t\t\t<a data-elementor-open-lightbox=\"yes\" data-elementor-lightbox-slideshow=\"f094f73\" data-elementor-lightbox-title=\"ew\" data-e-action-hash=\"#elementor-action%3Aaction%3Dlightbox%26settings%3DeyJpZCI6NjI3LCJ1cmwiOiJodHRwczpcL1wvbHVjaWphdG9taWNpYy5jb21cL3dwLWNvbnRlbnRcL3VwbG9hZHNcLzIwMjJcLzA3XC9WUDgyNTc5U00uanBnIiwic2xpZGVzaG93IjoiZjA5NGY3MyJ9\" href='https:\/\/lucijatomicic.com\/wp-content\/uploads\/2022\/07\/VP82579SM.jpg'><img loading=\"lazy\" decoding=\"async\" width=\"667\" height=\"1000\" src=\"https:\/\/lucijatomicic.com\/wp-content\/uploads\/2022\/07\/VP82579SM.jpg\" class=\"attachment-full size-full\" alt=\"\" srcset=\"https:\/\/lucijatomicic.com\/wp-content\/uploads\/2022\/07\/VP82579SM.jpg 667w, https:\/\/lucijatomicic.com\/wp-content\/uploads\/2022\/07\/VP82579SM-200x300.jpg 200w\" sizes=\"(max-width: 667px) 100vw, 667px\" \/><\/a>\n\t\t\t<\/div><\/figure><figure class='gallery-item'>\n\t\t\t<div class='gallery-icon portrait'>\n\t\t\t\t<a data-elementor-open-lightbox=\"yes\" data-elementor-lightbox-slideshow=\"f094f73\" data-elementor-lightbox-title=\"ew\" data-e-action-hash=\"#elementor-action%3Aaction%3Dlightbox%26settings%3DeyJpZCI6NjI2LCJ1cmwiOiJodHRwczpcL1wvbHVjaWphdG9taWNpYy5jb21cL3dwLWNvbnRlbnRcL3VwbG9hZHNcLzIwMjJcLzA3XC9WUDgyNTc2U00uanBnIiwic2xpZGVzaG93IjoiZjA5NGY3MyJ9\" href='https:\/\/lucijatomicic.com\/wp-content\/uploads\/2022\/07\/VP82576SM.jpg'><img loading=\"lazy\" decoding=\"async\" width=\"667\" height=\"1000\" src=\"https:\/\/lucijatomicic.com\/wp-content\/uploads\/2022\/07\/VP82576SM.jpg\" class=\"attachment-full size-full\" alt=\"\" srcset=\"https:\/\/lucijatomicic.com\/wp-content\/uploads\/2022\/07\/VP82576SM.jpg 667w, https:\/\/lucijatomicic.com\/wp-content\/uploads\/2022\/07\/VP82576SM-200x300.jpg 200w\" sizes=\"(max-width: 667px) 100vw, 667px\" \/><\/a>\n\t\t\t<\/div><\/figure>\n\t\t<\/div>\n\t\t<\/div>\n\t\t\t\t\t\t<\/div>\n\t\t\t\t<\/div>\n\t\t\t\t\t<\/div>\n\t\t<\/div>\n\t\t\t\t\t<\/div>\n\t\t<\/section>\n\t\t\t\t<\/div>","protected":false},"excerpt":{"rendered":"<p>\u00a0EAST-WEST 2018 \u00a0 The border between two sides of the world, illuminate one, the other or both &#8211; it is up to you! The Lamp East West consists of wooden pole in the in the form of an equilateral triangle placed in a metal stand. The pole is the dividing line &#8211; one side is [&hellip;]<\/p>","protected":false},"author":1,"featured_media":0,"parent":0,"menu_order":0,"comment_status":"closed","ping_status":"closed","template":"","meta":{"footnotes":""},"class_list":["post-604","page","type-page","status-publish","hentry"],"_links":{"self":[{"href":"https:\/\/lucijatomicic.com\/sr\/wp-json\/wp\/v2\/pages\/604","targetHints":{"allow":["GET"]}}],"collection":[{"href":"https:\/\/lucijatomicic.com\/sr\/wp-json\/wp\/v2\/pages"}],"about":[{"href":"https:\/\/lucijatomicic.com\/sr\/wp-json\/wp\/v2\/types\/page"}],"author":[{"embeddable":true,"href":"https:\/\/lucijatomicic.com\/sr\/wp-json\/wp\/v2\/users\/1"}],"replies":[{"embeddable":true,"href":"https:\/\/lucijatomicic.com\/sr\/wp-json\/wp\/v2\/comments?post=604"}],"version-history":[{"count":91,"href":"https:\/\/lucijatomicic.com\/sr\/wp-json\/wp\/v2\/pages\/604\/revisions"}],"predecessor-version":[{"id":2748,"href":"https:\/\/lucijatomicic.com\/sr\/wp-json\/wp\/v2\/pages\/604\/revisions\/2748"}],"wp:attachment":[{"href":"https:\/\/lucijatomicic.com\/sr\/wp-json\/wp\/v2\/media?parent=604"}],"curies":[{"name":"wp","href":"https:\/\/api.w.org\/{rel}","templated":true}]}}