{"id":253,"date":"2022-07-13T09:28:32","date_gmt":"2022-07-13T09:28:32","guid":{"rendered":"https:\/\/lucijatomicic.com\/?page_id=253"},"modified":"2024-06-24T13:47:37","modified_gmt":"2024-06-24T13:47:37","slug":"biography","status":"publish","type":"page","link":"https:\/\/lucijatomicic.com\/sr\/biography\/","title":{"rendered":"Biografija"},"content":{"rendered":"<div data-elementor-type=\"wp-page\" data-elementor-id=\"253\" class=\"elementor elementor-253\">\n\t\t\t\t\t\t<section class=\"elementor-section elementor-top-section elementor-element elementor-element-88d756d elementor-section-boxed elementor-section-height-default elementor-section-height-default\" data-id=\"88d756d\" data-element_type=\"section\">\n\t\t\t\t\t\t<div class=\"elementor-container elementor-column-gap-default\">\n\t\t\t\t\t<div class=\"elementor-column elementor-col-50 elementor-top-column elementor-element elementor-element-b1e9d74\" data-id=\"b1e9d74\" data-element_type=\"column\">\n\t\t\t<div class=\"elementor-widget-wrap elementor-element-populated\">\n\t\t\t\t\t\t<div class=\"elementor-element elementor-element-b8c90a0 elementor-widget elementor-widget-image\" data-id=\"b8c90a0\" data-element_type=\"widget\" data-widget_type=\"image.default\">\n\t\t\t\t<div class=\"elementor-widget-container\">\n\t\t\t\t\t\t\t\t\t\t\t\t\t\t\t<img fetchpriority=\"high\" decoding=\"async\" width=\"467\" height=\"417\" src=\"https:\/\/lucijatomicic.com\/wp-content\/uploads\/2022\/07\/Lusteri-politika.jpg\" class=\"attachment-large size-large wp-image-257\" alt=\"\" srcset=\"https:\/\/lucijatomicic.com\/wp-content\/uploads\/2022\/07\/Lusteri-politika.jpg 467w, https:\/\/lucijatomicic.com\/wp-content\/uploads\/2022\/07\/Lusteri-politika-300x268.jpg 300w\" sizes=\"(max-width: 467px) 100vw, 467px\" \/>\t\t\t\t\t\t\t\t\t\t\t\t\t\t\t<\/div>\n\t\t\t\t<\/div>\n\t\t\t\t\t<\/div>\n\t\t<\/div>\n\t\t\t\t<div class=\"elementor-column elementor-col-50 elementor-top-column elementor-element elementor-element-36e5321\" data-id=\"36e5321\" data-element_type=\"column\">\n\t\t\t<div class=\"elementor-widget-wrap elementor-element-populated\">\n\t\t\t\t\t\t<div class=\"elementor-element elementor-element-859e327 elementor-widget elementor-widget-text-editor\" data-id=\"859e327\" data-element_type=\"widget\" data-widget_type=\"text-editor.default\">\n\t\t\t\t<div class=\"elementor-widget-container\">\n\t\t\t\t\t\t\t\t\t<p><span lang=\"EN-US\">Ro\u0111ena 1967g. u Fojnici, Bosna I Hercegovina.<\/span><\/p><p><span lang=\"EN-US\">1985. Zavr\u0161ila srednju \u0160kolu primijenjenih umjetnosti, smer Dekorativno, zidno i scensko  slikarstvo u Sarajevu.<\/span><\/p><p><span lang=\"EN-US\">1991. Diplomirala na Produkt dizajnu kod prof. arhitekte Zlatka Ugljena<\/span><\/p><p><span lang=\"EN-US\">Zapo\u010dela  postidplomske studije na Likovoj akademiji kod prof. arhitekte Zlatka Ugljena  u Sarajevu.\nBila zaposlena u stalnom radnom odnosu u firmi Sport form.<\/span><\/p><p><span lang=\"EN-US\">1992. Odlazi u Beograd, gde  \u017eivi i radi u statusu slobodnog umetnika. \u010clan Ulupuds-a.<\/span><\/p><p><span lang=\"EN-US\">Radila na  ure\u0111enju   enterijera.<\/span><\/p><p><span lang=\"EN-US\">Radila grafi\u010dki dizajn.<\/span><\/p><p><span lang=\"EN-US\">Posebnu sklonost ima ka  dizajnu pojedina\u010dnih komada name\u0161taja; sto, stolica ,polica, luster, lampa\u2026<\/span><\/p>\t\t\t\t\t\t\t\t<\/div>\n\t\t\t\t<\/div>\n\t\t\t\t\t<\/div>\n\t\t<\/div>\n\t\t\t\t\t<\/div>\n\t\t<\/section>\n\t\t\t\t<section class=\"elementor-section elementor-top-section elementor-element elementor-element-d13a174 elementor-section-boxed elementor-section-height-default elementor-section-height-default\" data-id=\"d13a174\" data-element_type=\"section\">\n\t\t\t\t\t\t<div class=\"elementor-container elementor-column-gap-default\">\n\t\t\t\t\t<div class=\"elementor-column elementor-col-100 elementor-top-column elementor-element elementor-element-d6fd5a0\" data-id=\"d6fd5a0\" data-element_type=\"column\">\n\t\t\t<div class=\"elementor-widget-wrap elementor-element-populated\">\n\t\t\t\t\t\t<div class=\"elementor-element elementor-element-ee4b8a6 elementor-widget-divider--view-line elementor-widget elementor-widget-divider\" data-id=\"ee4b8a6\" data-element_type=\"widget\" data-widget_type=\"divider.default\">\n\t\t\t\t<div class=\"elementor-widget-container\">\n\t\t\t\t\t\t\t<div class=\"elementor-divider\">\n\t\t\t<span class=\"elementor-divider-separator\">\n\t\t\t\t\t\t<\/span>\n\t\t<\/div>\n\t\t\t\t\t\t<\/div>\n\t\t\t\t<\/div>\n\t\t\t\t<div class=\"elementor-element elementor-element-6f61291 elementor-widget elementor-widget-text-editor\" data-id=\"6f61291\" data-element_type=\"widget\" data-widget_type=\"text-editor.default\">\n\t\t\t\t<div class=\"elementor-widget-container\">\n\t\t\t\t\t\t\t\t\t<ol start=\"1988\"><li>Samostalna izlo\u017eba akvarela u galeriji  Zvono u Sarajevu.<\/li><li>Samostalna izlo\u017eba \u201dSje\u0107anje\u201c u Domu mladih u Sarajevo.<\/li><li>Samostalna izlo\u017eba u Crvenoj galeriji u  Sarajevo.<\/li><li>Samostalna izlo\u017eba u galeriji Zvono u Sarajevu<\/li><\/ol><p>2014. Samostalna izlo\u017eba lustera \u201dLuster\u201d u Ateljeu Otklon, u Beogradu.\nKolekcija ,,Luster,,  se sastoji od 15 lustera(model No1 -No15). Uradila dizajn za\u0161titnog znaka kolekcija \u201cLuster\u201d. Celu kolekciju otkupila gospo\u0111a Madlena Zepter.<\/p><p>2015. U\u010destvovala na internacionalnom konkursu LET US ILLUMINATE THE WORLD sa tri rada: rasvetno telo Orbita, zidno rasvetno telo Spiral i dekorativno rasvetno telo Tuball, radovi se mogu videti na sajtu\u00a0 <a href=\"http:\/\/www.artzept.com\/\">www.artzept.com<\/a><\/p><p>2017. U\u010destvovala na Balkan Architectural Biennale 2017 u Beogradu sa: podna lampa Pogled, radna lampa Pogled i stona lampa Pogled.<\/p><p>2018. U\u010destvovala na internacionalnom konkursu Design Award Artzept 2018 ANYTHING CAN GLOW, Milano, Italija <a href=\"http:\/\/www.artzept.com\/\">www.artzept.com<\/a><\/p><p>Stona lampa Pogled nagra\u0111ena specijalnom pohvalom \u017eirija.<\/p><p>2020.  Podna lampa Soliter No9  izlagana na godi\u0161njoj izlo\u017ebi Dizajn sekcije ULUPUDSa. ., Beograd   \nLampa dobila nagradu za najbolji rad na izlo\u017ebi.<\/p><p>2021. Online izlo\u017eba Savremeni dizajn Bosne i Hercegovine, Februar \u2013 Maj 2021. \u00a0<a href=\"http:\/\/www.museuminexile.com\">www.museuminexile.com<\/a><\/p><ol start=\"2022\"><li>Rad LOTOS - u\u010destvovao na internacionalnom konkursu Design Award Artzept 2021. LIGHT&amp;OPTIMISM, Milano, Italija www.artzept.com\u00a0<a href=\"http:\/\/www.artzept.com\/\">www.artzept.com<\/a><\/li><\/ol><p>U\u010destvovala na vi\u0161e grupnih  izlo\u017ebi u Srbiji.<\/p><p><a href=\"http:\/\/www.artzept.com\/artzept.aspx\">http:\/\/www.artzept.com\/artzept.aspx<\/a><\/p><p><a href=\"https:\/\/artandpopbybm.blogspot.com\/2018\/07\/lucija-tomicic-igra-svetlosti-i.html\">https:\/\/artandpopbybm.blogspot.com\/2018\/07\/lucija-tomicic-igra-svetlosti-i.html<\/a><\/p>\t\t\t\t\t\t\t\t<\/div>\n\t\t\t\t<\/div>\n\t\t\t\t\t<\/div>\n\t\t<\/div>\n\t\t\t\t\t<\/div>\n\t\t<\/section>\n\t\t\t\t<section class=\"elementor-section elementor-top-section elementor-element elementor-element-3808894 elementor-section-boxed elementor-section-height-default elementor-section-height-default\" data-id=\"3808894\" data-element_type=\"section\">\n\t\t\t\t\t\t<div class=\"elementor-container elementor-column-gap-default\">\n\t\t\t\t\t<div class=\"elementor-column elementor-col-100 elementor-top-column elementor-element elementor-element-dd02a08\" data-id=\"dd02a08\" data-element_type=\"column\">\n\t\t\t<div class=\"elementor-widget-wrap elementor-element-populated\">\n\t\t\t\t\t\t<div class=\"elementor-element elementor-element-17329a9 elementor-widget-divider--view-line elementor-widget elementor-widget-divider\" data-id=\"17329a9\" data-element_type=\"widget\" data-widget_type=\"divider.default\">\n\t\t\t\t<div class=\"elementor-widget-container\">\n\t\t\t\t\t\t\t<div class=\"elementor-divider\">\n\t\t\t<span class=\"elementor-divider-separator\">\n\t\t\t\t\t\t<\/span>\n\t\t<\/div>\n\t\t\t\t\t\t<\/div>\n\t\t\t\t<\/div>\n\t\t\t\t\t<\/div>\n\t\t<\/div>\n\t\t\t\t\t<\/div>\n\t\t<\/section>\n\t\t\t\t<section class=\"elementor-section elementor-top-section elementor-element elementor-element-82ade53 elementor-section-boxed elementor-section-height-default elementor-section-height-default\" data-id=\"82ade53\" data-element_type=\"section\">\n\t\t\t\t\t\t<div class=\"elementor-container elementor-column-gap-default\">\n\t\t\t\t\t<div class=\"elementor-column elementor-col-100 elementor-top-column elementor-element elementor-element-0686790\" data-id=\"0686790\" data-element_type=\"column\">\n\t\t\t<div class=\"elementor-widget-wrap elementor-element-populated\">\n\t\t\t\t\t\t<div class=\"elementor-element elementor-element-50f9594 elementor-widget elementor-widget-image\" data-id=\"50f9594\" data-element_type=\"widget\" data-widget_type=\"image.default\">\n\t\t\t\t<div class=\"elementor-widget-container\">\n\t\t\t\t\t\t\t\t\t\t\t\t\t\t\t<img decoding=\"async\" width=\"800\" height=\"534\" src=\"https:\/\/lucijatomicic.com\/wp-content\/uploads\/2022\/07\/Lucija-Tomicic-2-1024x683-1.jpg\" class=\"attachment-large size-large wp-image-267\" alt=\"\" srcset=\"https:\/\/lucijatomicic.com\/wp-content\/uploads\/2022\/07\/Lucija-Tomicic-2-1024x683-1.jpg 1024w, https:\/\/lucijatomicic.com\/wp-content\/uploads\/2022\/07\/Lucija-Tomicic-2-1024x683-1-300x200.jpg 300w, https:\/\/lucijatomicic.com\/wp-content\/uploads\/2022\/07\/Lucija-Tomicic-2-1024x683-1-768x512.jpg 768w\" sizes=\"(max-width: 800px) 100vw, 800px\" \/>\t\t\t\t\t\t\t\t\t\t\t\t\t\t\t<\/div>\n\t\t\t\t<\/div>\n\t\t\t\t\t<\/div>\n\t\t<\/div>\n\t\t\t\t\t<\/div>\n\t\t<\/section>\n\t\t\t\t<section class=\"elementor-section elementor-top-section elementor-element elementor-element-56ed543 elementor-section-boxed elementor-section-height-default elementor-section-height-default\" data-id=\"56ed543\" data-element_type=\"section\">\n\t\t\t\t\t\t<div class=\"elementor-container elementor-column-gap-default\">\n\t\t\t\t\t<div class=\"elementor-column elementor-col-100 elementor-top-column elementor-element elementor-element-f04969b\" data-id=\"f04969b\" data-element_type=\"column\">\n\t\t\t<div class=\"elementor-widget-wrap elementor-element-populated\">\n\t\t\t\t\t\t<div class=\"elementor-element elementor-element-4ba31c9 elementor-widget elementor-widget-text-editor\" data-id=\"4ba31c9\" data-element_type=\"widget\" data-widget_type=\"text-editor.default\">\n\t\t\t\t<div class=\"elementor-widget-container\">\n\t\t\t\t\t\t\t\t\t<p>Magazin \"Ona\" Maj 2018.<\/p>\t\t\t\t\t\t\t\t<\/div>\n\t\t\t\t<\/div>\n\t\t\t\t\t<\/div>\n\t\t<\/div>\n\t\t\t\t\t<\/div>\n\t\t<\/section>\n\t\t\t\t<\/div>","protected":false},"excerpt":{"rendered":"<p>Lucija Tomi\u010di\u0107 was born in 1967 in Fojnica, Bosnia and Herzegovina She finished the High school of Arts in Sarajevo, department of painting 1991. She graduated from the Academy, with Zlatko Ugljen, an architect, as her mentor. She was also permanently employed in Sport Form Company, Sarajevo. She started postgraduate studies at the Academy of [&hellip;]<\/p>","protected":false},"author":1,"featured_media":0,"parent":0,"menu_order":0,"comment_status":"closed","ping_status":"closed","template":"","meta":{"footnotes":""},"class_list":["post-253","page","type-page","status-publish","hentry"],"_links":{"self":[{"href":"https:\/\/lucijatomicic.com\/sr\/wp-json\/wp\/v2\/pages\/253","targetHints":{"allow":["GET"]}}],"collection":[{"href":"https:\/\/lucijatomicic.com\/sr\/wp-json\/wp\/v2\/pages"}],"about":[{"href":"https:\/\/lucijatomicic.com\/sr\/wp-json\/wp\/v2\/types\/page"}],"author":[{"embeddable":true,"href":"https:\/\/lucijatomicic.com\/sr\/wp-json\/wp\/v2\/users\/1"}],"replies":[{"embeddable":true,"href":"https:\/\/lucijatomicic.com\/sr\/wp-json\/wp\/v2\/comments?post=253"}],"version-history":[{"count":64,"href":"https:\/\/lucijatomicic.com\/sr\/wp-json\/wp\/v2\/pages\/253\/revisions"}],"predecessor-version":[{"id":2733,"href":"https:\/\/lucijatomicic.com\/sr\/wp-json\/wp\/v2\/pages\/253\/revisions\/2733"}],"wp:attachment":[{"href":"https:\/\/lucijatomicic.com\/sr\/wp-json\/wp\/v2\/media?parent=253"}],"curies":[{"name":"wp","href":"https:\/\/api.w.org\/{rel}","templated":true}]}}