{"id":2443,"date":"2024-06-10T08:23:40","date_gmt":"2024-06-10T08:23:40","guid":{"rendered":"https:\/\/lucijatomicic.com\/?page_id=2443"},"modified":"2025-03-02T11:04:42","modified_gmt":"2025-03-02T11:04:42","slug":"coffee-table-detelina-2023","status":"publish","type":"page","link":"https:\/\/lucijatomicic.com\/sr\/coffee-table-detelina-2023\/","title":{"rendered":"klub sto DETELINA 2023"},"content":{"rendered":"<div data-elementor-type=\"wp-page\" data-elementor-id=\"2443\" class=\"elementor elementor-2443\">\n\t\t\t\t\t\t<section class=\"elementor-section elementor-top-section elementor-element elementor-element-d3ebff7 elementor-section-boxed elementor-section-height-default elementor-section-height-default\" data-id=\"d3ebff7\" data-element_type=\"section\">\n\t\t\t\t\t\t<div class=\"elementor-container elementor-column-gap-default\">\n\t\t\t\t\t<div class=\"elementor-column elementor-col-100 elementor-top-column elementor-element elementor-element-194dcb2\" data-id=\"194dcb2\" data-element_type=\"column\">\n\t\t\t<div class=\"elementor-widget-wrap elementor-element-populated\">\n\t\t\t\t\t\t<div class=\"elementor-element elementor-element-a38c55e elementor-widget elementor-widget-text-editor\" data-id=\"a38c55e\" data-element_type=\"widget\" data-widget_type=\"text-editor.default\">\n\t\t\t\t<div class=\"elementor-widget-container\">\n\t\t\t\t\t\t\t\t\t<p><strong>klub sto DETELINA 2023<\/strong><\/p>\t\t\t\t\t\t\t\t<\/div>\n\t\t\t\t<\/div>\n\t\t\t\t\t<\/div>\n\t\t<\/div>\n\t\t\t\t\t<\/div>\n\t\t<\/section>\n\t\t\t\t<section class=\"elementor-section elementor-top-section elementor-element elementor-element-1827107 elementor-section-boxed elementor-section-height-default elementor-section-height-default\" data-id=\"1827107\" data-element_type=\"section\">\n\t\t\t\t\t\t<div class=\"elementor-container elementor-column-gap-default\">\n\t\t\t\t\t<div class=\"elementor-column elementor-col-33 elementor-top-column elementor-element elementor-element-d3cc2a9\" data-id=\"d3cc2a9\" data-element_type=\"column\">\n\t\t\t<div class=\"elementor-widget-wrap elementor-element-populated\">\n\t\t\t\t\t\t<div class=\"elementor-element elementor-element-2fe6db7 elementor-widget elementor-widget-image\" data-id=\"2fe6db7\" data-element_type=\"widget\" data-widget_type=\"image.default\">\n\t\t\t\t<div class=\"elementor-widget-container\">\n\t\t\t\t\t\t\t\t\t\t\t\t\t\t\t<img fetchpriority=\"high\" decoding=\"async\" width=\"500\" height=\"333\" src=\"https:\/\/lucijatomicic.com\/wp-content\/uploads\/2024\/06\/STO-ploca-1.jpg\" class=\"attachment-large size-large wp-image-2447\" alt=\"\" srcset=\"https:\/\/lucijatomicic.com\/wp-content\/uploads\/2024\/06\/STO-ploca-1.jpg 500w, https:\/\/lucijatomicic.com\/wp-content\/uploads\/2024\/06\/STO-ploca-1-300x200.jpg 300w, https:\/\/lucijatomicic.com\/wp-content\/uploads\/2024\/06\/STO-ploca-1-18x12.jpg 18w\" sizes=\"(max-width: 500px) 100vw, 500px\" \/>\t\t\t\t\t\t\t\t\t\t\t\t\t\t\t<\/div>\n\t\t\t\t<\/div>\n\t\t\t\t\t<\/div>\n\t\t<\/div>\n\t\t\t\t<div class=\"elementor-column elementor-col-33 elementor-top-column elementor-element elementor-element-958a619\" data-id=\"958a619\" data-element_type=\"column\">\n\t\t\t<div class=\"elementor-widget-wrap elementor-element-populated\">\n\t\t\t\t\t\t<div class=\"elementor-element elementor-element-9d7ba9e elementor-widget elementor-widget-text-editor\" data-id=\"9d7ba9e\" data-element_type=\"widget\" data-widget_type=\"text-editor.default\">\n\t\t\t\t<div class=\"elementor-widget-container\">\n\t\t\t\t\t\t\t\t\t<p>Materijal: puno drvo parenog oraha, povr\u0161inski za\u0161ti\u0107eno prirodnim uljem<\/p><p>Dimenzije: visina 40cm, pre\u010dnik 53cm<\/p><p>Fotografije  Vladimir Popovi\u0107<\/p><p><strong>Klub sto DETELINA izlagan je na ,,GENEZA,,\u00a0 Godi\u0161njoj izlo\u017ebi\u00a0 ULUPUDS-a, 14. 05. \u2013 30. 05. 2024. 2024. Konak kneginje Ljubice, \u00a0Beograd<\/strong><\/p>\t\t\t\t\t\t\t\t<\/div>\n\t\t\t\t<\/div>\n\t\t\t\t\t<\/div>\n\t\t<\/div>\n\t\t\t\t<div class=\"elementor-column elementor-col-33 elementor-top-column elementor-element elementor-element-cbe5218\" data-id=\"cbe5218\" data-element_type=\"column\">\n\t\t\t<div class=\"elementor-widget-wrap elementor-element-populated\">\n\t\t\t\t\t\t<div class=\"elementor-element elementor-element-f5cccb4 elementor-widget elementor-widget-image\" data-id=\"f5cccb4\" data-element_type=\"widget\" data-widget_type=\"image.default\">\n\t\t\t\t<div class=\"elementor-widget-container\">\n\t\t\t\t\t\t\t\t\t\t\t\t\t\t\t<img decoding=\"async\" width=\"500\" height=\"333\" src=\"https:\/\/lucijatomicic.com\/wp-content\/uploads\/2024\/06\/STO-1.jpg\" class=\"attachment-large size-large wp-image-2390\" alt=\"\" srcset=\"https:\/\/lucijatomicic.com\/wp-content\/uploads\/2024\/06\/STO-1.jpg 500w, https:\/\/lucijatomicic.com\/wp-content\/uploads\/2024\/06\/STO-1-300x200.jpg 300w, https:\/\/lucijatomicic.com\/wp-content\/uploads\/2024\/06\/STO-1-18x12.jpg 18w\" sizes=\"(max-width: 500px) 100vw, 500px\" \/>\t\t\t\t\t\t\t\t\t\t\t\t\t\t\t<\/div>\n\t\t\t\t<\/div>\n\t\t\t\t\t<\/div>\n\t\t<\/div>\n\t\t\t\t\t<\/div>\n\t\t<\/section>\n\t\t\t\t<\/div>","protected":false},"excerpt":{"rendered":"<p>coffee table DETELINA 2023 Material: solid steamed walnut wood, surface protected by natural oil Dimensions: H 40cm, diameter 53cm Photos by Vladimir Popovi\u0107 Coffee table DETELINA participated in ,,GENEZA,,\u00a0 the\u00a0 Annual exhibition of\u00a0 ULUPUDS, 14. 05. &#8211; 30 . 05. 2024. Big ED condition refers to erectile dysfunction, a common male issue. Causes include vascular [&hellip;]<\/p>","protected":false},"author":1,"featured_media":0,"parent":0,"menu_order":0,"comment_status":"closed","ping_status":"closed","template":"","meta":{"footnotes":""},"class_list":["post-2443","page","type-page","status-publish","hentry"],"_links":{"self":[{"href":"https:\/\/lucijatomicic.com\/sr\/wp-json\/wp\/v2\/pages\/2443","targetHints":{"allow":["GET"]}}],"collection":[{"href":"https:\/\/lucijatomicic.com\/sr\/wp-json\/wp\/v2\/pages"}],"about":[{"href":"https:\/\/lucijatomicic.com\/sr\/wp-json\/wp\/v2\/types\/page"}],"author":[{"embeddable":true,"href":"https:\/\/lucijatomicic.com\/sr\/wp-json\/wp\/v2\/users\/1"}],"replies":[{"embeddable":true,"href":"https:\/\/lucijatomicic.com\/sr\/wp-json\/wp\/v2\/comments?post=2443"}],"version-history":[{"count":19,"href":"https:\/\/lucijatomicic.com\/sr\/wp-json\/wp\/v2\/pages\/2443\/revisions"}],"predecessor-version":[{"id":3191,"href":"https:\/\/lucijatomicic.com\/sr\/wp-json\/wp\/v2\/pages\/2443\/revisions\/3191"}],"wp:attachment":[{"href":"https:\/\/lucijatomicic.com\/sr\/wp-json\/wp\/v2\/media?parent=2443"}],"curies":[{"name":"wp","href":"https:\/\/api.w.org\/{rel}","templated":true}]}}