{"id":2409,"date":"2024-06-10T07:54:08","date_gmt":"2024-06-10T07:54:08","guid":{"rendered":"https:\/\/lucijatomicic.com\/?page_id=2409"},"modified":"2025-11-12T10:34:19","modified_gmt":"2025-11-12T10:34:19","slug":"coffee-table-centar-2023","status":"publish","type":"page","link":"https:\/\/lucijatomicic.com\/sr\/coffee-table-centar-2023\/","title":{"rendered":"klub sto CENTAR 2023"},"content":{"rendered":"<div data-elementor-type=\"wp-page\" data-elementor-id=\"2409\" class=\"elementor elementor-2409\">\n\t\t\t\t\t\t<section class=\"elementor-section elementor-top-section elementor-element elementor-element-ef7c798 elementor-section-boxed elementor-section-height-default elementor-section-height-default\" data-id=\"ef7c798\" data-element_type=\"section\">\n\t\t\t\t\t\t<div class=\"elementor-container elementor-column-gap-default\">\n\t\t\t\t\t<div class=\"elementor-column elementor-col-100 elementor-top-column elementor-element elementor-element-bf61c38\" data-id=\"bf61c38\" data-element_type=\"column\">\n\t\t\t<div class=\"elementor-widget-wrap elementor-element-populated\">\n\t\t\t\t\t\t<div class=\"elementor-element elementor-element-1d6b429 elementor-widget elementor-widget-text-editor\" data-id=\"1d6b429\" data-element_type=\"widget\" data-widget_type=\"text-editor.default\">\n\t\t\t\t<div class=\"elementor-widget-container\">\n\t\t\t\t\t\t\t\t\t<p>klub sto CENTAR 2023<\/p>\t\t\t\t\t\t\t\t<\/div>\n\t\t\t\t<\/div>\n\t\t\t\t\t<\/div>\n\t\t<\/div>\n\t\t\t\t\t<\/div>\n\t\t<\/section>\n\t\t\t\t<section class=\"elementor-section elementor-top-section elementor-element elementor-element-5eb345f elementor-section-boxed elementor-section-height-default elementor-section-height-default\" data-id=\"5eb345f\" data-element_type=\"section\">\n\t\t\t\t\t\t<div class=\"elementor-container elementor-column-gap-default\">\n\t\t\t\t\t<div class=\"elementor-column elementor-col-50 elementor-top-column elementor-element elementor-element-6270ab0\" data-id=\"6270ab0\" data-element_type=\"column\">\n\t\t\t<div class=\"elementor-widget-wrap elementor-element-populated\">\n\t\t\t\t\t\t<div class=\"elementor-element elementor-element-58c3a46 elementor-widget elementor-widget-image\" data-id=\"58c3a46\" data-element_type=\"widget\" data-widget_type=\"image.default\">\n\t\t\t\t<div class=\"elementor-widget-container\">\n\t\t\t\t\t\t\t\t\t\t\t\t\t\t\t<img fetchpriority=\"high\" decoding=\"async\" width=\"500\" height=\"500\" src=\"https:\/\/lucijatomicic.com\/wp-content\/uploads\/2024\/06\/Img29362-1.jpg\" class=\"attachment-large size-large wp-image-2410\" alt=\"\" srcset=\"https:\/\/lucijatomicic.com\/wp-content\/uploads\/2024\/06\/Img29362-1.jpg 500w, https:\/\/lucijatomicic.com\/wp-content\/uploads\/2024\/06\/Img29362-1-300x300.jpg 300w, https:\/\/lucijatomicic.com\/wp-content\/uploads\/2024\/06\/Img29362-1-150x150.jpg 150w, https:\/\/lucijatomicic.com\/wp-content\/uploads\/2024\/06\/Img29362-1-12x12.jpg 12w\" sizes=\"(max-width: 500px) 100vw, 500px\" \/>\t\t\t\t\t\t\t\t\t\t\t\t\t\t\t<\/div>\n\t\t\t\t<\/div>\n\t\t\t\t\t<\/div>\n\t\t<\/div>\n\t\t\t\t<div class=\"elementor-column elementor-col-50 elementor-top-column elementor-element elementor-element-7764ee9\" data-id=\"7764ee9\" data-element_type=\"column\">\n\t\t\t<div class=\"elementor-widget-wrap elementor-element-populated\">\n\t\t\t\t\t\t<div class=\"elementor-element elementor-element-5e1cd55 elementor-widget elementor-widget-text-editor\" data-id=\"5e1cd55\" data-element_type=\"widget\" data-widget_type=\"text-editor.default\">\n\t\t\t\t<div class=\"elementor-widget-container\">\n\t\t\t\t\t\t\t\t\t<p>Materijal: puno drvo parenog oraha, povr\u0161inski za\u0161ti\u0107eno prirodnim uljem<\/p><p>Dimenzije: visina 40cm, pre\u010dnik 50cm<\/p><p>Fotografije  Vladimir Popovi\u0107<\/p><p><strong>Sto\u010di\u0107 CENTAR izlagan na  godi\u0161njoj izlo\u017ebi Dizajn sekcije ULUPUDS\u00ac-a, Galerija Studentskog kulturnog centra, Kralja Milana 48,    Beograd. 24. 11. - 07 . 12. 2023.<\/strong><\/p><p><strong>\u00a0Lampa dobila nagradu za najbolji rad na izlo\u017ebi.<\/strong><\/p>\t\t\t\t\t\t\t\t<\/div>\n\t\t\t\t<\/div>\n\t\t\t\t<div class=\"elementor-element elementor-element-7120f9d elementor-widget elementor-widget-text-editor\" data-id=\"7120f9d\" data-element_type=\"widget\" data-widget_type=\"text-editor.default\">\n\t\t\t\t<div class=\"elementor-widget-container\">\n\t\t\t\t\t\t\t\t\t<p><img decoding=\"async\" class=\"alignnone wp-image-2461\" src=\"https:\/\/lucijatomicic.com\/wp-content\/uploads\/2024\/06\/1000047391-209x300.jpg\" alt=\"\" width=\"110\" height=\"158\" srcset=\"https:\/\/lucijatomicic.com\/wp-content\/uploads\/2024\/06\/1000047391-209x300.jpg 209w, https:\/\/lucijatomicic.com\/wp-content\/uploads\/2024\/06\/1000047391-712x1024.jpg 712w, https:\/\/lucijatomicic.com\/wp-content\/uploads\/2024\/06\/1000047391-768x1104.jpg 768w, https:\/\/lucijatomicic.com\/wp-content\/uploads\/2024\/06\/1000047391-1069x1536.jpg 1069w, https:\/\/lucijatomicic.com\/wp-content\/uploads\/2024\/06\/1000047391-1425x2048.jpg 1425w, https:\/\/lucijatomicic.com\/wp-content\/uploads\/2024\/06\/1000047391-8x12.jpg 8w, https:\/\/lucijatomicic.com\/wp-content\/uploads\/2024\/06\/1000047391-scaled.jpg 1781w\" sizes=\"(max-width: 110px) 100vw, 110px\" \/><\/p>\t\t\t\t\t\t\t\t<\/div>\n\t\t\t\t<\/div>\n\t\t\t\t\t<\/div>\n\t\t<\/div>\n\t\t\t\t\t<\/div>\n\t\t<\/section>\n\t\t\t\t<section class=\"elementor-section elementor-top-section elementor-element elementor-element-f8acf74 elementor-section-boxed elementor-section-height-default elementor-section-height-default\" data-id=\"f8acf74\" data-element_type=\"section\">\n\t\t\t\t\t\t<div class=\"elementor-container elementor-column-gap-default\">\n\t\t\t\t\t<div class=\"elementor-column elementor-col-100 elementor-top-column elementor-element elementor-element-b232e52\" data-id=\"b232e52\" data-element_type=\"column\">\n\t\t\t<div class=\"elementor-widget-wrap elementor-element-populated\">\n\t\t\t\t\t\t<div class=\"elementor-element elementor-element-ba5814b elementor-widget-divider--view-line elementor-widget elementor-widget-divider\" data-id=\"ba5814b\" data-element_type=\"widget\" data-widget_type=\"divider.default\">\n\t\t\t\t<div class=\"elementor-widget-container\">\n\t\t\t\t\t\t\t<div class=\"elementor-divider\">\n\t\t\t<span class=\"elementor-divider-separator\">\n\t\t\t\t\t\t<\/span>\n\t\t<\/div>\n\t\t\t\t\t\t<\/div>\n\t\t\t\t<\/div>\n\t\t\t\t\t<\/div>\n\t\t<\/div>\n\t\t\t\t\t<\/div>\n\t\t<\/section>\n\t\t\t\t<section class=\"elementor-section elementor-top-section elementor-element elementor-element-34f7095 elementor-section-boxed elementor-section-height-default elementor-section-height-default\" data-id=\"34f7095\" data-element_type=\"section\">\n\t\t\t\t\t\t<div class=\"elementor-container elementor-column-gap-default\">\n\t\t\t\t\t<div class=\"elementor-column elementor-col-33 elementor-top-column elementor-element elementor-element-64b7d6e\" data-id=\"64b7d6e\" data-element_type=\"column\">\n\t\t\t<div class=\"elementor-widget-wrap elementor-element-populated\">\n\t\t\t\t\t\t<div class=\"elementor-element elementor-element-d3abdc1 elementor-widget elementor-widget-image\" data-id=\"d3abdc1\" data-element_type=\"widget\" data-widget_type=\"image.default\">\n\t\t\t\t<div class=\"elementor-widget-container\">\n\t\t\t\t\t\t\t\t\t\t\t\t\t\t\t<img decoding=\"async\" width=\"493\" height=\"500\" src=\"https:\/\/lucijatomicic.com\/wp-content\/uploads\/2024\/06\/Img29364-1.jpg\" class=\"attachment-large size-large wp-image-2389\" alt=\"\" srcset=\"https:\/\/lucijatomicic.com\/wp-content\/uploads\/2024\/06\/Img29364-1.jpg 493w, https:\/\/lucijatomicic.com\/wp-content\/uploads\/2024\/06\/Img29364-1-296x300.jpg 296w, https:\/\/lucijatomicic.com\/wp-content\/uploads\/2024\/06\/Img29364-1-12x12.jpg 12w\" sizes=\"(max-width: 493px) 100vw, 493px\" \/>\t\t\t\t\t\t\t\t\t\t\t\t\t\t\t<\/div>\n\t\t\t\t<\/div>\n\t\t\t\t\t<\/div>\n\t\t<\/div>\n\t\t\t\t<div class=\"elementor-column elementor-col-33 elementor-top-column elementor-element elementor-element-b225b47\" data-id=\"b225b47\" data-element_type=\"column\">\n\t\t\t<div class=\"elementor-widget-wrap elementor-element-populated\">\n\t\t\t\t\t\t<div class=\"elementor-element elementor-element-1082c1a elementor-widget elementor-widget-image\" data-id=\"1082c1a\" data-element_type=\"widget\" data-widget_type=\"image.default\">\n\t\t\t\t<div class=\"elementor-widget-container\">\n\t\t\t\t\t\t\t\t\t\t\t\t\t\t\t<img loading=\"lazy\" decoding=\"async\" width=\"500\" height=\"500\" src=\"https:\/\/lucijatomicic.com\/wp-content\/uploads\/2024\/06\/Img29363-1.jpg\" class=\"attachment-large size-large wp-image-2434\" alt=\"\" srcset=\"https:\/\/lucijatomicic.com\/wp-content\/uploads\/2024\/06\/Img29363-1.jpg 500w, https:\/\/lucijatomicic.com\/wp-content\/uploads\/2024\/06\/Img29363-1-300x300.jpg 300w, https:\/\/lucijatomicic.com\/wp-content\/uploads\/2024\/06\/Img29363-1-150x150.jpg 150w, https:\/\/lucijatomicic.com\/wp-content\/uploads\/2024\/06\/Img29363-1-12x12.jpg 12w\" sizes=\"(max-width: 500px) 100vw, 500px\" \/>\t\t\t\t\t\t\t\t\t\t\t\t\t\t\t<\/div>\n\t\t\t\t<\/div>\n\t\t\t\t\t<\/div>\n\t\t<\/div>\n\t\t\t\t<div class=\"elementor-column elementor-col-33 elementor-top-column elementor-element elementor-element-95da97d\" data-id=\"95da97d\" data-element_type=\"column\">\n\t\t\t<div class=\"elementor-widget-wrap elementor-element-populated\">\n\t\t\t\t\t\t<div class=\"elementor-element elementor-element-18b6b50 elementor-widget elementor-widget-image\" data-id=\"18b6b50\" data-element_type=\"widget\" data-widget_type=\"image.default\">\n\t\t\t\t<div class=\"elementor-widget-container\">\n\t\t\t\t\t\t\t\t\t\t\t\t\t\t\t<img loading=\"lazy\" decoding=\"async\" width=\"500\" height=\"500\" src=\"https:\/\/lucijatomicic.com\/wp-content\/uploads\/2024\/06\/Img29359-1.jpg\" class=\"attachment-large size-large wp-image-2435\" alt=\"\" srcset=\"https:\/\/lucijatomicic.com\/wp-content\/uploads\/2024\/06\/Img29359-1.jpg 500w, https:\/\/lucijatomicic.com\/wp-content\/uploads\/2024\/06\/Img29359-1-300x300.jpg 300w, https:\/\/lucijatomicic.com\/wp-content\/uploads\/2024\/06\/Img29359-1-150x150.jpg 150w, https:\/\/lucijatomicic.com\/wp-content\/uploads\/2024\/06\/Img29359-1-12x12.jpg 12w\" sizes=\"(max-width: 500px) 100vw, 500px\" \/>\t\t\t\t\t\t\t\t\t\t\t\t\t\t\t<\/div>\n\t\t\t\t<\/div>\n\t\t\t\t\t<\/div>\n\t\t<\/div>\n\t\t\t\t\t<\/div>\n\t\t<\/section>\n\t\t\t\t<\/div>","protected":false},"excerpt":{"rendered":"<p>coffee table CENTAR 2023 Material: solid steamed walnut wood, surface protected by natural oil Dimensions: H 40cm, diameter 50cm Photos by Vladimir Popovi\u0107 Coffee table CENTAR participated \u00a0in the Annual exhibition of the Design section of ULUPUDS, 24.11. &#8211; 07.12. 2023. Gallery SKC, Kralja Milana 48, Belgrade. \u00a0It received the best exhibited work award.<\/p>","protected":false},"author":1,"featured_media":0,"parent":0,"menu_order":0,"comment_status":"closed","ping_status":"closed","template":"","meta":{"footnotes":""},"class_list":["post-2409","page","type-page","status-publish","hentry"],"_links":{"self":[{"href":"https:\/\/lucijatomicic.com\/sr\/wp-json\/wp\/v2\/pages\/2409","targetHints":{"allow":["GET"]}}],"collection":[{"href":"https:\/\/lucijatomicic.com\/sr\/wp-json\/wp\/v2\/pages"}],"about":[{"href":"https:\/\/lucijatomicic.com\/sr\/wp-json\/wp\/v2\/types\/page"}],"author":[{"embeddable":true,"href":"https:\/\/lucijatomicic.com\/sr\/wp-json\/wp\/v2\/users\/1"}],"replies":[{"embeddable":true,"href":"https:\/\/lucijatomicic.com\/sr\/wp-json\/wp\/v2\/comments?post=2409"}],"version-history":[{"count":45,"href":"https:\/\/lucijatomicic.com\/sr\/wp-json\/wp\/v2\/pages\/2409\/revisions"}],"predecessor-version":[{"id":3548,"href":"https:\/\/lucijatomicic.com\/sr\/wp-json\/wp\/v2\/pages\/2409\/revisions\/3548"}],"wp:attachment":[{"href":"https:\/\/lucijatomicic.com\/sr\/wp-json\/wp\/v2\/media?parent=2409"}],"curies":[{"name":"wp","href":"https:\/\/api.w.org\/{rel}","templated":true}]}}