{"id":1208,"date":"2022-07-21T09:36:30","date_gmt":"2022-07-21T09:36:30","guid":{"rendered":"https:\/\/lucijatomicic.com\/?page_id=1208"},"modified":"2024-06-25T10:38:00","modified_gmt":"2024-06-25T10:38:00","slug":"direction","status":"publish","type":"page","link":"https:\/\/lucijatomicic.com\/sr\/direction\/","title":{"rendered":"putokaz"},"content":{"rendered":"<div data-elementor-type=\"wp-page\" data-elementor-id=\"1208\" class=\"elementor elementor-1208\">\n\t\t\t\t\t\t<section class=\"elementor-section elementor-top-section elementor-element elementor-element-1772f78 elementor-section-boxed elementor-section-height-default elementor-section-height-default\" data-id=\"1772f78\" data-element_type=\"section\">\n\t\t\t\t\t\t<div class=\"elementor-container elementor-column-gap-default\">\n\t\t\t\t\t<div class=\"elementor-column elementor-col-100 elementor-top-column elementor-element elementor-element-54ec18b\" data-id=\"54ec18b\" data-element_type=\"column\">\n\t\t\t<div class=\"elementor-widget-wrap elementor-element-populated\">\n\t\t\t\t\t\t<div class=\"elementor-element elementor-element-a0d8f14 elementor-widget elementor-widget-text-editor\" data-id=\"a0d8f14\" data-element_type=\"widget\" data-widget_type=\"text-editor.default\">\n\t\t\t\t<div class=\"elementor-widget-container\">\n\t\t\t\t\t\t\t\t\t<p><strong>kolekcija PUTOKAZ 2016<\/strong><\/p>\t\t\t\t\t\t\t\t<\/div>\n\t\t\t\t<\/div>\n\t\t\t\t\t<\/div>\n\t\t<\/div>\n\t\t\t\t\t<\/div>\n\t\t<\/section>\n\t\t\t\t<section class=\"elementor-section elementor-top-section elementor-element elementor-element-ac16d44 elementor-section-boxed elementor-section-height-default elementor-section-height-default\" data-id=\"ac16d44\" data-element_type=\"section\">\n\t\t\t\t\t\t<div class=\"elementor-container elementor-column-gap-default\">\n\t\t\t\t\t<div class=\"elementor-column elementor-col-100 elementor-top-column elementor-element elementor-element-04f19e1\" data-id=\"04f19e1\" data-element_type=\"column\">\n\t\t\t<div class=\"elementor-widget-wrap elementor-element-populated\">\n\t\t\t\t\t\t<div class=\"elementor-element elementor-element-28d1728 elementor-widget elementor-widget-text-editor\" data-id=\"28d1728\" data-element_type=\"widget\" data-widget_type=\"text-editor.default\">\n\t\t\t\t<div class=\"elementor-widget-container\">\n\t\t\t\t\t\t\t\t\t<h5><span lang=\"EN-US\">Kolekcija SPIRALA 2015.\u00a0<\/span><span lang=\"EN-US\">Kolekcija se sastoji od zidnih, podnih i stoni rasvetnih objekata.<\/span><\/h5><h5><span lang=\"EN-US\">Savijanjem forme spirale pod pravim uglovima  posti\u017ee se okvir unutar kojeg se nalazi led traka. Na taj na\u010din svetlo se ograni\u010dava unutar same forme spirale, odnosno ono izlazi iz nje u prostor. Savetlo se ina\u010de \u0161iri od svog izvora toliko daleko koliko mu snaga samog izvora dozvoljava. Sva rasvetna tela poseduju dimer koji omogu\u0107ava menjanje ja\u010dine svetla. Kada je dimer pode\u0161en na naja\u010de svetlo tada prednja strana rasvetnog tela prelazi u crnu boju a kada je svetlo slabije onda u sivu boju. Prednja strana ostaje u senci i to joj omogu\u0107ava efekat menjanja nijansi od svetlo sive do crne. Kolekcija Spirala se radi samo u beloj boji.<\/span><\/h5>\t\t\t\t\t\t\t\t<\/div>\n\t\t\t\t<\/div>\n\t\t\t\t\t<\/div>\n\t\t<\/div>\n\t\t\t\t\t<\/div>\n\t\t<\/section>\n\t\t\t\t<section class=\"elementor-section elementor-top-section elementor-element elementor-element-e1c8688 elementor-section-content-middle elementor-section-boxed elementor-section-height-default elementor-section-height-default\" data-id=\"e1c8688\" data-element_type=\"section\">\n\t\t\t\t\t\t<div class=\"elementor-container elementor-column-gap-default\">\n\t\t\t\t\t<div class=\"elementor-column elementor-col-25 elementor-top-column elementor-element elementor-element-b198f3c\" data-id=\"b198f3c\" data-element_type=\"column\">\n\t\t\t<div class=\"elementor-widget-wrap elementor-element-populated\">\n\t\t\t\t\t\t<div class=\"elementor-element elementor-element-eb9b1c0 elementor-widget elementor-widget-image-gallery\" data-id=\"eb9b1c0\" data-element_type=\"widget\" data-widget_type=\"image-gallery.default\">\n\t\t\t\t<div class=\"elementor-widget-container\">\n\t\t\t\t\t\t\t<div class=\"elementor-image-gallery\">\n\t\t\t<div id='gallery-1' class='gallery galleryid-1208 gallery-columns-1 gallery-size-medium_large'><figure class='gallery-item'>\n\t\t\t<div class='gallery-icon landscape'>\n\t\t\t\t<a data-elementor-open-lightbox=\"yes\" data-elementor-lightbox-slideshow=\"eb9b1c0\" data-e-action-hash=\"#elementor-action%3Aaction%3Dlightbox%26settings%3DeyJpZCI6ODEzLCJ1cmwiOiJodHRwczpcL1wvbHVjaWphdG9taWNpYy5jb21cL3dwLWNvbnRlbnRcL3VwbG9hZHNcLzIwMjJcLzA3XC8xLTUtMS5qcGciLCJzbGlkZXNob3ciOiJlYjliMWMwIn0%3D\" href='https:\/\/lucijatomicic.com\/wp-content\/uploads\/2022\/07\/1-5-1.jpg'><img fetchpriority=\"high\" decoding=\"async\" width=\"768\" height=\"768\" src=\"https:\/\/lucijatomicic.com\/wp-content\/uploads\/2022\/07\/1-5-1.jpg\" class=\"attachment-medium_large size-medium_large\" alt=\"\" srcset=\"https:\/\/lucijatomicic.com\/wp-content\/uploads\/2022\/07\/1-5-1.jpg 768w, https:\/\/lucijatomicic.com\/wp-content\/uploads\/2022\/07\/1-5-1-300x300.jpg 300w, https:\/\/lucijatomicic.com\/wp-content\/uploads\/2022\/07\/1-5-1-150x150.jpg 150w\" sizes=\"(max-width: 768px) 100vw, 768px\" \/><\/a>\n\t\t\t<\/div><\/figure>\n\t\t<\/div>\n\t\t<\/div>\n\t\t\t\t\t\t<\/div>\n\t\t\t\t<\/div>\n\t\t\t\t\t<\/div>\n\t\t<\/div>\n\t\t\t\t<div class=\"elementor-column elementor-col-25 elementor-top-column elementor-element elementor-element-e25ed76\" data-id=\"e25ed76\" data-element_type=\"column\">\n\t\t\t<div class=\"elementor-widget-wrap elementor-element-populated\">\n\t\t\t\t\t\t<div class=\"elementor-element elementor-element-04ce40e elementor-widget elementor-widget-text-editor\" data-id=\"04ce40e\" data-element_type=\"widget\" data-widget_type=\"text-editor.default\">\n\t\t\t\t<div class=\"elementor-widget-container\">\n\t\t\t\t\t\t\t\t\t<p><span lang=\"EN-US\">lampa\u00a0\u00a0<strong>PUTOKAZ A<\/strong> (2016)<\/span><\/p><p><span lang=\"EN-US\">Dimenzije<\/span><em><span lang=\"EN-US\">:<\/span><\/em><\/p><p><span lang=\"EN-US\">H\u00a0 51cm <\/span><span lang=\"EN-US\">\u0160 51 cm <\/span><span lang=\"EN-US\">D 7cm<\/span><span lang=\"EN-US\">\u00a0<\/span><\/p><p><span lang=\"EN-US\">medijapan bojen u mat belu boju<\/span><\/p><p><span lang=\"EN-US\">led traka, napajanje, dimer<\/span><\/p><p><span lang=\"EN-US\">Sve je ru\u010dno ra\u0111eno<\/span><\/p><p><span lang=\"EN-US\">Fotografije  Vladimir Popovi\u0107<\/span><\/p>\t\t\t\t\t\t\t\t<\/div>\n\t\t\t\t<\/div>\n\t\t\t\t\t<\/div>\n\t\t<\/div>\n\t\t\t\t<div class=\"elementor-column elementor-col-25 elementor-top-column elementor-element elementor-element-2faa7cf\" data-id=\"2faa7cf\" data-element_type=\"column\">\n\t\t\t<div class=\"elementor-widget-wrap elementor-element-populated\">\n\t\t\t\t\t\t<div class=\"elementor-element elementor-element-f861638 elementor-widget elementor-widget-image-gallery\" data-id=\"f861638\" data-element_type=\"widget\" data-widget_type=\"image-gallery.default\">\n\t\t\t\t<div class=\"elementor-widget-container\">\n\t\t\t\t\t\t\t<div class=\"elementor-image-gallery\">\n\t\t\t<div id='gallery-2' class='gallery galleryid-1208 gallery-columns-1 gallery-size-large'><figure class='gallery-item'>\n\t\t\t<div class='gallery-icon portrait'>\n\t\t\t\t<a data-elementor-open-lightbox=\"yes\" data-elementor-lightbox-slideshow=\"f861638\" data-e-action-hash=\"#elementor-action%3Aaction%3Dlightbox%26settings%3DeyJpZCI6ODE0LCJ1cmwiOiJodHRwczpcL1wvbHVjaWphdG9taWNpYy5jb21cL3dwLWNvbnRlbnRcL3VwbG9hZHNcLzIwMjJcLzA3XC8xLTYuanBnIiwic2xpZGVzaG93IjoiZjg2MTYzOCJ9\" href='https:\/\/lucijatomicic.com\/wp-content\/uploads\/2022\/07\/1-6.jpg'><img decoding=\"async\" width=\"768\" height=\"960\" src=\"https:\/\/lucijatomicic.com\/wp-content\/uploads\/2022\/07\/1-6.jpg\" class=\"attachment-large size-large\" alt=\"\" srcset=\"https:\/\/lucijatomicic.com\/wp-content\/uploads\/2022\/07\/1-6.jpg 768w, https:\/\/lucijatomicic.com\/wp-content\/uploads\/2022\/07\/1-6-240x300.jpg 240w\" sizes=\"(max-width: 768px) 100vw, 768px\" \/><\/a>\n\t\t\t<\/div><\/figure>\n\t\t<\/div>\n\t\t<\/div>\n\t\t\t\t\t\t<\/div>\n\t\t\t\t<\/div>\n\t\t\t\t\t<\/div>\n\t\t<\/div>\n\t\t\t\t<div class=\"elementor-column elementor-col-25 elementor-top-column elementor-element elementor-element-cfaa4c0\" data-id=\"cfaa4c0\" data-element_type=\"column\">\n\t\t\t<div class=\"elementor-widget-wrap elementor-element-populated\">\n\t\t\t\t\t\t<div class=\"elementor-element elementor-element-687302d elementor-widget elementor-widget-text-editor\" data-id=\"687302d\" data-element_type=\"widget\" data-widget_type=\"text-editor.default\">\n\t\t\t\t<div class=\"elementor-widget-container\">\n\t\t\t\t\t\t\t\t\t<p><span lang=\"EN-US\">lampa\u00a0<strong>PUTOKAZ B<\/strong> (2016)<\/span><\/p><p><span lang=\"EN-US\">Dimenzije<\/span><em><span lang=\"EN-US\">:<\/span><\/em><\/p><p><span lang=\"EN-US\">H 42cm <\/span><span lang=\"EN-US\">\u0160 62 cm <\/span><span lang=\"EN-US\">D 7cm<\/span><\/p><p><span lang=\"EN-US\">medijapan bojen u mat belu boju<\/span><\/p><p><span lang=\"EN-US\">led traka, napajanje, dimer<\/span><\/p><p><span lang=\"EN-US\">Sve je ru\u010dno ra\u0111eno<\/span><\/p><p><span lang=\"EN-US\">Fotografije  Vladimir Popovi\u0107<\/span><\/p>\t\t\t\t\t\t\t\t<\/div>\n\t\t\t\t<\/div>\n\t\t\t\t\t<\/div>\n\t\t<\/div>\n\t\t\t\t\t<\/div>\n\t\t<\/section>\n\t\t\t\t<section class=\"elementor-section elementor-top-section elementor-element elementor-element-ff5a8f5 elementor-section-boxed elementor-section-height-default elementor-section-height-default\" data-id=\"ff5a8f5\" data-element_type=\"section\">\n\t\t\t\t\t\t<div class=\"elementor-container elementor-column-gap-default\">\n\t\t\t\t\t<div class=\"elementor-column elementor-col-100 elementor-top-column elementor-element elementor-element-ebbd906\" data-id=\"ebbd906\" data-element_type=\"column\">\n\t\t\t<div class=\"elementor-widget-wrap elementor-element-populated\">\n\t\t\t\t\t\t<div class=\"elementor-element elementor-element-9b7a8c0 elementor-widget-divider--view-line elementor-widget elementor-widget-divider\" data-id=\"9b7a8c0\" data-element_type=\"widget\" data-widget_type=\"divider.default\">\n\t\t\t\t<div class=\"elementor-widget-container\">\n\t\t\t\t\t\t\t<div class=\"elementor-divider\">\n\t\t\t<span class=\"elementor-divider-separator\">\n\t\t\t\t\t\t<\/span>\n\t\t<\/div>\n\t\t\t\t\t\t<\/div>\n\t\t\t\t<\/div>\n\t\t\t\t<div class=\"elementor-element elementor-element-fdd2b5d gallery-spacing-custom elementor-widget elementor-widget-image-gallery\" data-id=\"fdd2b5d\" data-element_type=\"widget\" data-widget_type=\"image-gallery.default\">\n\t\t\t\t<div class=\"elementor-widget-container\">\n\t\t\t\t\t\t\t<div class=\"elementor-image-gallery\">\n\t\t\t<div id='gallery-3' class='gallery galleryid-1208 gallery-columns-3 gallery-size-medium_large'><figure class='gallery-item'>\n\t\t\t<div class='gallery-icon portrait'>\n\t\t\t\t<a data-elementor-open-lightbox=\"yes\" data-elementor-lightbox-slideshow=\"fdd2b5d\" data-e-action-hash=\"#elementor-action%3Aaction%3Dlightbox%26settings%3DeyJpZCI6ODI4LCJ1cmwiOiJodHRwczpcL1wvbHVjaWphdG9taWNpYy5jb21cL3dwLWNvbnRlbnRcL3VwbG9hZHNcLzIwMjJcLzA3XC8zLTEtMS5qcGciLCJzbGlkZXNob3ciOiJmZGQyYjVkIn0%3D\" href='https:\/\/lucijatomicic.com\/wp-content\/uploads\/2022\/07\/3-1-1.jpg'><img decoding=\"async\" width=\"668\" height=\"1000\" src=\"https:\/\/lucijatomicic.com\/wp-content\/uploads\/2022\/07\/3-1-1.jpg\" class=\"attachment-medium_large size-medium_large\" alt=\"\" aria-describedby=\"gallery-3-828\" srcset=\"https:\/\/lucijatomicic.com\/wp-content\/uploads\/2022\/07\/3-1-1.jpg 668w, https:\/\/lucijatomicic.com\/wp-content\/uploads\/2022\/07\/3-1-1-200x300.jpg 200w\" sizes=\"(max-width: 668px) 100vw, 668px\" \/><\/a>\n\t\t\t<\/div>\n\t\t\t\t<figcaption class='wp-caption-text gallery-caption' id='gallery-3-828'>\n\t\t\t\tputokaz A\n\t\t\t\t<\/figcaption><\/figure><figure class='gallery-item'>\n\t\t\t<div class='gallery-icon portrait'>\n\t\t\t\t<a data-elementor-open-lightbox=\"yes\" data-elementor-lightbox-slideshow=\"fdd2b5d\" data-e-action-hash=\"#elementor-action%3Aaction%3Dlightbox%26settings%3DeyJpZCI6ODI5LCJ1cmwiOiJodHRwczpcL1wvbHVjaWphdG9taWNpYy5jb21cL3dwLWNvbnRlbnRcL3VwbG9hZHNcLzIwMjJcLzA3XC80LTEuanBnIiwic2xpZGVzaG93IjoiZmRkMmI1ZCJ9\" href='https:\/\/lucijatomicic.com\/wp-content\/uploads\/2022\/07\/4-1.jpg'><img loading=\"lazy\" decoding=\"async\" width=\"668\" height=\"1000\" src=\"https:\/\/lucijatomicic.com\/wp-content\/uploads\/2022\/07\/4-1.jpg\" class=\"attachment-medium_large size-medium_large\" alt=\"\" aria-describedby=\"gallery-3-829\" srcset=\"https:\/\/lucijatomicic.com\/wp-content\/uploads\/2022\/07\/4-1.jpg 668w, https:\/\/lucijatomicic.com\/wp-content\/uploads\/2022\/07\/4-1-200x300.jpg 200w\" sizes=\"(max-width: 668px) 100vw, 668px\" \/><\/a>\n\t\t\t<\/div>\n\t\t\t\t<figcaption class='wp-caption-text gallery-caption' id='gallery-3-829'>\n\t\t\t\tputokaz A\n\t\t\t\t<\/figcaption><\/figure><figure class='gallery-item'>\n\t\t\t<div class='gallery-icon portrait'>\n\t\t\t\t<a data-elementor-open-lightbox=\"yes\" data-elementor-lightbox-slideshow=\"fdd2b5d\" data-e-action-hash=\"#elementor-action%3Aaction%3Dlightbox%26settings%3DeyJpZCI6ODMwLCJ1cmwiOiJodHRwczpcL1wvbHVjaWphdG9taWNpYy5jb21cL3dwLWNvbnRlbnRcL3VwbG9hZHNcLzIwMjJcLzA3XC81LTItMS5qcGciLCJzbGlkZXNob3ciOiJmZGQyYjVkIn0%3D\" href='https:\/\/lucijatomicic.com\/wp-content\/uploads\/2022\/07\/5-2-1.jpg'><img loading=\"lazy\" decoding=\"async\" width=\"668\" height=\"1000\" src=\"https:\/\/lucijatomicic.com\/wp-content\/uploads\/2022\/07\/5-2-1.jpg\" class=\"attachment-medium_large size-medium_large\" alt=\"\" aria-describedby=\"gallery-3-830\" srcset=\"https:\/\/lucijatomicic.com\/wp-content\/uploads\/2022\/07\/5-2-1.jpg 668w, https:\/\/lucijatomicic.com\/wp-content\/uploads\/2022\/07\/5-2-1-200x300.jpg 200w\" sizes=\"(max-width: 668px) 100vw, 668px\" \/><\/a>\n\t\t\t<\/div>\n\t\t\t\t<figcaption class='wp-caption-text gallery-caption' id='gallery-3-830'>\n\t\t\t\tputokaz A\n\t\t\t\t<\/figcaption><\/figure>\n\t\t<\/div>\n\t\t<\/div>\n\t\t\t\t\t\t<\/div>\n\t\t\t\t<\/div>\n\t\t\t\t\t<\/div>\n\t\t<\/div>\n\t\t\t\t\t<\/div>\n\t\t<\/section>\n\t\t\t\t<section class=\"elementor-section elementor-top-section elementor-element elementor-element-9da50fa elementor-section-boxed elementor-section-height-default elementor-section-height-default\" data-id=\"9da50fa\" data-element_type=\"section\">\n\t\t\t\t\t\t<div class=\"elementor-container elementor-column-gap-default\">\n\t\t\t\t\t<div class=\"elementor-column elementor-col-100 elementor-top-column elementor-element elementor-element-d858f07\" data-id=\"d858f07\" data-element_type=\"column\">\n\t\t\t<div class=\"elementor-widget-wrap elementor-element-populated\">\n\t\t\t\t\t\t<div class=\"elementor-element elementor-element-6e436ba elementor-widget-divider--view-line elementor-widget elementor-widget-divider\" data-id=\"6e436ba\" data-element_type=\"widget\" data-widget_type=\"divider.default\">\n\t\t\t\t<div class=\"elementor-widget-container\">\n\t\t\t\t\t\t\t<div class=\"elementor-divider\">\n\t\t\t<span class=\"elementor-divider-separator\">\n\t\t\t\t\t\t<\/span>\n\t\t<\/div>\n\t\t\t\t\t\t<\/div>\n\t\t\t\t<\/div>\n\t\t\t\t\t<\/div>\n\t\t<\/div>\n\t\t\t\t\t<\/div>\n\t\t<\/section>\n\t\t\t\t<section class=\"elementor-section elementor-top-section elementor-element elementor-element-b1c5f2d elementor-section-content-middle elementor-section-boxed elementor-section-height-default elementor-section-height-default\" data-id=\"b1c5f2d\" data-element_type=\"section\">\n\t\t\t\t\t\t<div class=\"elementor-container elementor-column-gap-default\">\n\t\t\t\t\t<div class=\"elementor-column elementor-col-100 elementor-top-column elementor-element elementor-element-93b626a\" data-id=\"93b626a\" data-element_type=\"column\">\n\t\t\t<div class=\"elementor-widget-wrap elementor-element-populated\">\n\t\t\t\t\t\t<div class=\"elementor-element elementor-element-0b3319c gallery-spacing-custom elementor-widget elementor-widget-image-gallery\" data-id=\"0b3319c\" data-element_type=\"widget\" data-widget_type=\"image-gallery.default\">\n\t\t\t\t<div class=\"elementor-widget-container\">\n\t\t\t\t\t\t\t<div class=\"elementor-image-gallery\">\n\t\t\t<div id='gallery-4' class='gallery galleryid-1208 gallery-columns-3 gallery-size-full'><figure class='gallery-item'>\n\t\t\t<div class='gallery-icon portrait'>\n\t\t\t\t<a data-elementor-open-lightbox=\"yes\" data-elementor-lightbox-slideshow=\"0b3319c\" data-e-action-hash=\"#elementor-action%3Aaction%3Dlightbox%26settings%3DeyJpZCI6ODMxLCJ1cmwiOiJodHRwczpcL1wvbHVjaWphdG9taWNpYy5jb21cL3dwLWNvbnRlbnRcL3VwbG9hZHNcLzIwMjJcLzA3XC8zLTItMi5qcGciLCJzbGlkZXNob3ciOiIwYjMzMTljIn0%3D\" href='https:\/\/lucijatomicic.com\/wp-content\/uploads\/2022\/07\/3-2-2.jpg'><img loading=\"lazy\" decoding=\"async\" width=\"668\" height=\"1000\" src=\"https:\/\/lucijatomicic.com\/wp-content\/uploads\/2022\/07\/3-2-2.jpg\" class=\"attachment-full size-full\" alt=\"\" srcset=\"https:\/\/lucijatomicic.com\/wp-content\/uploads\/2022\/07\/3-2-2.jpg 668w, https:\/\/lucijatomicic.com\/wp-content\/uploads\/2022\/07\/3-2-2-200x300.jpg 200w\" sizes=\"(max-width: 668px) 100vw, 668px\" \/><\/a>\n\t\t\t<\/div><\/figure><figure class='gallery-item'>\n\t\t\t<div class='gallery-icon portrait'>\n\t\t\t\t<a data-elementor-open-lightbox=\"yes\" data-elementor-lightbox-slideshow=\"0b3319c\" data-e-action-hash=\"#elementor-action%3Aaction%3Dlightbox%26settings%3DeyJpZCI6MTIyMSwidXJsIjoiaHR0cHM6XC9cL2x1Y2lqYXRvbWljaWMuY29tXC93cC1jb250ZW50XC91cGxvYWRzXC8yMDIyXC8wN1wvNC0yLTEtMi1Db3B5LmpwZyIsInNsaWRlc2hvdyI6IjBiMzMxOWMifQ%3D%3D\" href='https:\/\/lucijatomicic.com\/wp-content\/uploads\/2022\/07\/4-2-1-2-Copy.jpg'><img loading=\"lazy\" decoding=\"async\" width=\"463\" height=\"666\" src=\"https:\/\/lucijatomicic.com\/wp-content\/uploads\/2022\/07\/4-2-1-2-Copy.jpg\" class=\"attachment-full size-full\" alt=\"\" aria-describedby=\"gallery-4-1221\" srcset=\"https:\/\/lucijatomicic.com\/wp-content\/uploads\/2022\/07\/4-2-1-2-Copy.jpg 463w, https:\/\/lucijatomicic.com\/wp-content\/uploads\/2022\/07\/4-2-1-2-Copy-209x300.jpg 209w, https:\/\/lucijatomicic.com\/wp-content\/uploads\/2022\/07\/4-2-1-2-Copy-8x12.jpg 8w\" sizes=\"(max-width: 463px) 100vw, 463px\" \/><\/a>\n\t\t\t<\/div>\n\t\t\t\t<figcaption class='wp-caption-text gallery-caption' id='gallery-4-1221'>\n\t\t\t\tputokaz B\n\t\t\t\t<\/figcaption><\/figure><figure class='gallery-item'>\n\t\t\t<div class='gallery-icon portrait'>\n\t\t\t\t<a data-elementor-open-lightbox=\"yes\" data-elementor-lightbox-slideshow=\"0b3319c\" data-e-action-hash=\"#elementor-action%3Aaction%3Dlightbox%26settings%3DeyJpZCI6ODMzLCJ1cmwiOiJodHRwczpcL1wvbHVjaWphdG9taWNpYy5jb21cL3dwLWNvbnRlbnRcL3VwbG9hZHNcLzIwMjJcLzA3XC81Yy0xLmpwZyIsInNsaWRlc2hvdyI6IjBiMzMxOWMifQ%3D%3D\" href='https:\/\/lucijatomicic.com\/wp-content\/uploads\/2022\/07\/5c-1.jpg'><img loading=\"lazy\" decoding=\"async\" width=\"498\" height=\"762\" src=\"https:\/\/lucijatomicic.com\/wp-content\/uploads\/2022\/07\/5c-1.jpg\" class=\"attachment-full size-full\" alt=\"\" srcset=\"https:\/\/lucijatomicic.com\/wp-content\/uploads\/2022\/07\/5c-1.jpg 498w, https:\/\/lucijatomicic.com\/wp-content\/uploads\/2022\/07\/5c-1-196x300.jpg 196w\" sizes=\"(max-width: 498px) 100vw, 498px\" \/><\/a>\n\t\t\t<\/div><\/figure>\n\t\t<\/div>\n\t\t<\/div>\n\t\t\t\t\t\t<\/div>\n\t\t\t\t<\/div>\n\t\t\t\t\t<\/div>\n\t\t<\/div>\n\t\t\t\t\t<\/div>\n\t\t<\/section>\n\t\t\t\t<\/div>","protected":false},"excerpt":{"rendered":"<p>collection DIRECTION 2016 Colection SPIRAL\u00a0 2015.\u00a0The collection consists of wall, floor and table luminaries. By bending the spiral form at right angles a frame is created to accommodate LED strip. In this way the light is confined to the spiral form itself i.e. it comes out of it into the surrounding space. The light normally [&hellip;]<\/p>","protected":false},"author":1,"featured_media":0,"parent":0,"menu_order":0,"comment_status":"closed","ping_status":"closed","template":"","meta":{"footnotes":""},"class_list":["post-1208","page","type-page","status-publish","hentry"],"_links":{"self":[{"href":"https:\/\/lucijatomicic.com\/sr\/wp-json\/wp\/v2\/pages\/1208","targetHints":{"allow":["GET"]}}],"collection":[{"href":"https:\/\/lucijatomicic.com\/sr\/wp-json\/wp\/v2\/pages"}],"about":[{"href":"https:\/\/lucijatomicic.com\/sr\/wp-json\/wp\/v2\/types\/page"}],"author":[{"embeddable":true,"href":"https:\/\/lucijatomicic.com\/sr\/wp-json\/wp\/v2\/users\/1"}],"replies":[{"embeddable":true,"href":"https:\/\/lucijatomicic.com\/sr\/wp-json\/wp\/v2\/comments?post=1208"}],"version-history":[{"count":39,"href":"https:\/\/lucijatomicic.com\/sr\/wp-json\/wp\/v2\/pages\/1208\/revisions"}],"predecessor-version":[{"id":2907,"href":"https:\/\/lucijatomicic.com\/sr\/wp-json\/wp\/v2\/pages\/1208\/revisions\/2907"}],"wp:attachment":[{"href":"https:\/\/lucijatomicic.com\/sr\/wp-json\/wp\/v2\/media?parent=1208"}],"curies":[{"name":"wp","href":"https:\/\/api.w.org\/{rel}","templated":true}]}}