{"id":1067,"date":"2022-07-16T10:42:10","date_gmt":"2022-07-16T10:42:10","guid":{"rendered":"https:\/\/lucijatomicic.com\/?page_id=1067"},"modified":"2024-06-25T10:41:47","modified_gmt":"2024-06-25T10:41:47","slug":"wooden","status":"publish","type":"page","link":"https:\/\/lucijatomicic.com\/sr\/wooden\/","title":{"rendered":"drveni"},"content":{"rendered":"<div data-elementor-type=\"wp-page\" data-elementor-id=\"1067\" class=\"elementor elementor-1067\">\n\t\t\t\t\t\t<section class=\"elementor-section elementor-top-section elementor-element elementor-element-b5afe4a elementor-section-boxed elementor-section-height-default elementor-section-height-default\" data-id=\"b5afe4a\" data-element_type=\"section\">\n\t\t\t\t\t\t<div class=\"elementor-container elementor-column-gap-default\">\n\t\t\t\t\t<div class=\"elementor-column elementor-col-100 elementor-top-column elementor-element elementor-element-6627a34\" data-id=\"6627a34\" data-element_type=\"column\">\n\t\t\t<div class=\"elementor-widget-wrap elementor-element-populated\">\n\t\t\t\t\t\t<div class=\"elementor-element elementor-element-4c5312b elementor-widget elementor-widget-text-editor\" data-id=\"4c5312b\" data-element_type=\"widget\" data-widget_type=\"text-editor.default\">\n\t\t\t\t<div class=\"elementor-widget-container\">\n\t\t\t\t\t\t\t\t\t<p><strong>DRVENI sto\u010di\u0107 2008<\/strong><\/p>\t\t\t\t\t\t\t\t<\/div>\n\t\t\t\t<\/div>\n\t\t\t\t\t<\/div>\n\t\t<\/div>\n\t\t\t\t\t<\/div>\n\t\t<\/section>\n\t\t\t\t<section class=\"elementor-section elementor-top-section elementor-element elementor-element-0b3e87c elementor-section-content-middle elementor-section-boxed elementor-section-height-default elementor-section-height-default\" data-id=\"0b3e87c\" data-element_type=\"section\">\n\t\t\t\t\t\t<div class=\"elementor-container elementor-column-gap-default\">\n\t\t\t\t\t<div class=\"elementor-column elementor-col-50 elementor-top-column elementor-element elementor-element-1d1d860\" data-id=\"1d1d860\" data-element_type=\"column\">\n\t\t\t<div class=\"elementor-widget-wrap elementor-element-populated\">\n\t\t\t\t\t\t<div class=\"elementor-element elementor-element-28c1097 elementor-widget elementor-widget-text-editor\" data-id=\"28c1097\" data-element_type=\"widget\" data-widget_type=\"text-editor.default\">\n\t\t\t\t<div class=\"elementor-widget-container\">\n\t\t\t\t\t\t\t\t\t<h4><span lang=\"EN-US\" style=\"font-family: 'Segoe UI',sans-serif; color: black;\">Ovaj sto\u010di\u0107  slu\u017ei kao pomo\u0107ni  pored sofe za odlaganje  sitnih predmeta.<\/span><\/h4><h4 style=\"margin-bottom: .0001pt; background: white;\"><span lang=\"EN-US\" style=\"font-family: 'Segoe UI',sans-serif; color: black;\">Ispod plo\u010de stola  nalazi se ladica koja zauzima pola du\u017eine sto\u010di\u0107a i slu\u017ei za odlaganje: olovaka, notesa\u2026 a druga polovina slu\u017ei za odlaganje daljinskih upravlja\u010da.<\/span><\/h4><h4 style=\"background: white;\"><span lang=\"EN-US\" style=\"font-family: 'Segoe UI',sans-serif; color: black;\">Sto\u010di\u0107 je napravljen od punog bukovog drveta, ru\u010dno ra\u0111en.<\/span><\/h4><h4 style=\"margin-bottom: .0001pt; background: white;\">\u00a0<\/h4>\t\t\t\t\t\t\t\t<\/div>\n\t\t\t\t<\/div>\n\t\t\t\t<div class=\"elementor-element elementor-element-89f1060 elementor-widget elementor-widget-text-editor\" data-id=\"89f1060\" data-element_type=\"widget\" data-widget_type=\"text-editor.default\">\n\t\t\t\t<div class=\"elementor-widget-container\">\n\t\t\t\t\t\t\t\t\t<p style=\"background: white;\"><span lang=\"EN-US\" style=\"font-family: 'Segoe UI',sans-serif; color: black;\">Dimenzije<\/span><em><span lang=\"EN-US\" style=\"font-family: 'Segoe UI',sans-serif; color: black;\">:<\/span><\/em><\/p><p style=\"background: white;\"><span lang=\"EN-US\" style=\"font-family: 'Segoe UI',sans-serif; color: black;\">V 39cm<\/span><\/p><p style=\"background: white;\"><span lang=\"EN-US\" style=\"font-family: 'Segoe UI',sans-serif; color: black;\">\u0160 27cm<\/span><\/p><p style=\"background: white;\"><span lang=\"EN-US\" style=\"font-family: 'Segoe UI',sans-serif; color: black;\">D\u00a0 5 cm<\/span><\/p><p style=\"margin-bottom: .0001pt; background: white;\"><span lang=\"EN-US\" style=\"font-family: 'Segoe UI',sans-serif; color: black;\">Fotografije  Vladimir Popovi\u0107<\/span><\/p><p style=\"margin-bottom: .0001pt; background: white;\">\u00a0<\/p>\t\t\t\t\t\t\t\t<\/div>\n\t\t\t\t<\/div>\n\t\t\t\t\t<\/div>\n\t\t<\/div>\n\t\t\t\t<div class=\"elementor-column elementor-col-50 elementor-top-column elementor-element elementor-element-c38f95a\" data-id=\"c38f95a\" data-element_type=\"column\">\n\t\t\t<div class=\"elementor-widget-wrap elementor-element-populated\">\n\t\t\t\t\t\t<div class=\"elementor-element elementor-element-000e5d3 elementor-widget elementor-widget-image\" data-id=\"000e5d3\" data-element_type=\"widget\" data-widget_type=\"image.default\">\n\t\t\t\t<div class=\"elementor-widget-container\">\n\t\t\t\t\t\t\t\t\t\t\t\t\t\t\t<img fetchpriority=\"high\" decoding=\"async\" width=\"619\" height=\"651\" src=\"https:\/\/lucijatomicic.com\/wp-content\/uploads\/2022\/07\/stolic-684x1024-2.jpg\" class=\"attachment-large size-large wp-image-303\" alt=\"\" srcset=\"https:\/\/lucijatomicic.com\/wp-content\/uploads\/2022\/07\/stolic-684x1024-2.jpg 619w, https:\/\/lucijatomicic.com\/wp-content\/uploads\/2022\/07\/stolic-684x1024-2-285x300.jpg 285w\" sizes=\"(max-width: 619px) 100vw, 619px\" \/>\t\t\t\t\t\t\t\t\t\t\t\t\t\t\t<\/div>\n\t\t\t\t<\/div>\n\t\t\t\t\t<\/div>\n\t\t<\/div>\n\t\t\t\t\t<\/div>\n\t\t<\/section>\n\t\t\t\t<\/div>","protected":false},"excerpt":{"rendered":"<p>WOODEN table 2008 This table serves as an auxiliary sofa table for storing small items. Below the table top there is a drawer which extends half the length of the table and serves for storing pencils, notepads and the like, while the other half serves for storing remote controls. The table is handmade of beech [&hellip;]<\/p>","protected":false},"author":1,"featured_media":0,"parent":0,"menu_order":0,"comment_status":"closed","ping_status":"closed","template":"","meta":{"footnotes":""},"class_list":["post-1067","page","type-page","status-publish","hentry"],"_links":{"self":[{"href":"https:\/\/lucijatomicic.com\/sr\/wp-json\/wp\/v2\/pages\/1067","targetHints":{"allow":["GET"]}}],"collection":[{"href":"https:\/\/lucijatomicic.com\/sr\/wp-json\/wp\/v2\/pages"}],"about":[{"href":"https:\/\/lucijatomicic.com\/sr\/wp-json\/wp\/v2\/types\/page"}],"author":[{"embeddable":true,"href":"https:\/\/lucijatomicic.com\/sr\/wp-json\/wp\/v2\/users\/1"}],"replies":[{"embeddable":true,"href":"https:\/\/lucijatomicic.com\/sr\/wp-json\/wp\/v2\/comments?post=1067"}],"version-history":[{"count":16,"href":"https:\/\/lucijatomicic.com\/sr\/wp-json\/wp\/v2\/pages\/1067\/revisions"}],"predecessor-version":[{"id":2913,"href":"https:\/\/lucijatomicic.com\/sr\/wp-json\/wp\/v2\/pages\/1067\/revisions\/2913"}],"wp:attachment":[{"href":"https:\/\/lucijatomicic.com\/sr\/wp-json\/wp\/v2\/media?parent=1067"}],"curies":[{"name":"wp","href":"https:\/\/api.w.org\/{rel}","templated":true}]}}