{"id":1046,"date":"2022-07-16T10:13:46","date_gmt":"2022-07-16T10:13:46","guid":{"rendered":"https:\/\/lucijatomicic.com\/?page_id=1046"},"modified":"2025-03-23T16:10:36","modified_gmt":"2025-03-23T16:10:36","slug":"moved","status":"publish","type":"page","link":"https:\/\/lucijatomicic.com\/sr\/moved\/","title":{"rendered":"pomereno"},"content":{"rendered":"<div data-elementor-type=\"wp-page\" data-elementor-id=\"1046\" class=\"elementor elementor-1046\">\n\t\t\t\t\t\t<section class=\"elementor-section elementor-top-section elementor-element elementor-element-bb19526 elementor-section-boxed elementor-section-height-default elementor-section-height-default\" data-id=\"bb19526\" data-element_type=\"section\">\n\t\t\t\t\t\t<div class=\"elementor-container elementor-column-gap-default\">\n\t\t\t\t\t<div class=\"elementor-column elementor-col-100 elementor-top-column elementor-element elementor-element-7a74d92\" data-id=\"7a74d92\" data-element_type=\"column\">\n\t\t\t<div class=\"elementor-widget-wrap elementor-element-populated\">\n\t\t\t\t\t\t<div class=\"elementor-element elementor-element-52defd9 elementor-widget elementor-widget-text-editor\" data-id=\"52defd9\" data-element_type=\"widget\" data-widget_type=\"text-editor.default\">\n\t\t\t\t<div class=\"elementor-widget-container\">\n\t\t\t\t\t\t\t\t\t<p><strong>klub sto POMERENO<\/strong> \u00a0\u00a0<strong>2015<\/strong><\/p>\t\t\t\t\t\t\t\t<\/div>\n\t\t\t\t<\/div>\n\t\t\t\t\t<\/div>\n\t\t<\/div>\n\t\t\t\t\t<\/div>\n\t\t<\/section>\n\t\t\t\t<section class=\"elementor-section elementor-top-section elementor-element elementor-element-7c2d71e elementor-section-boxed elementor-section-height-default elementor-section-height-default\" data-id=\"7c2d71e\" data-element_type=\"section\">\n\t\t\t\t\t\t<div class=\"elementor-container elementor-column-gap-default\">\n\t\t\t\t\t<div class=\"elementor-column elementor-col-50 elementor-top-column elementor-element elementor-element-2bebb11\" data-id=\"2bebb11\" data-element_type=\"column\">\n\t\t\t<div class=\"elementor-widget-wrap elementor-element-populated\">\n\t\t\t\t\t\t<div class=\"elementor-element elementor-element-e511ae8 elementor-widget elementor-widget-image\" data-id=\"e511ae8\" data-element_type=\"widget\" data-widget_type=\"image.default\">\n\t\t\t\t<div class=\"elementor-widget-container\">\n\t\t\t\t\t\t\t\t\t\t\t\t\t\t\t<img fetchpriority=\"high\" decoding=\"async\" width=\"800\" height=\"534\" src=\"https:\/\/lucijatomicic.com\/wp-content\/uploads\/2022\/07\/Img26451.jpg\" class=\"attachment-large size-large wp-image-1050\" alt=\"\" srcset=\"https:\/\/lucijatomicic.com\/wp-content\/uploads\/2022\/07\/Img26451.jpg 1000w, https:\/\/lucijatomicic.com\/wp-content\/uploads\/2022\/07\/Img26451-300x200.jpg 300w, https:\/\/lucijatomicic.com\/wp-content\/uploads\/2022\/07\/Img26451-768x513.jpg 768w\" sizes=\"(max-width: 800px) 100vw, 800px\" \/>\t\t\t\t\t\t\t\t\t\t\t\t\t\t\t<\/div>\n\t\t\t\t<\/div>\n\t\t\t\t\t<\/div>\n\t\t<\/div>\n\t\t\t\t<div class=\"elementor-column elementor-col-50 elementor-top-column elementor-element elementor-element-5a86801\" data-id=\"5a86801\" data-element_type=\"column\">\n\t\t\t<div class=\"elementor-widget-wrap elementor-element-populated\">\n\t\t\t\t\t\t<div class=\"elementor-element elementor-element-b938bdd elementor-widget elementor-widget-text-editor\" data-id=\"b938bdd\" data-element_type=\"widget\" data-widget_type=\"text-editor.default\">\n\t\t\t\t<div class=\"elementor-widget-container\">\n\t\t\t\t\t\t\t\t\t<h5>Pomeranjem bo\u010dnih stranica stvara se opti\u010dka igra. Sa koje god strane posmatramo sto on uvek deluje da je pomeren u levu ili desnu stranu, kao da je razvu\u010den i u pokretu.<\/h5><h5>Dimenzije: V  38cm \u0160  60cm  D  36.5cm<\/h5><h5>Sto je ru\u010dno ra\u0111en od punog drveta oraha i bresta. Povr\u0161inski za\u0161ti\u0107en uljem.<\/h5><h5>Fotografije  Vladimir Popovi\u0107<\/h5><h5><strong>Sto  izlagan na:<\/strong><\/h5><h5><strong>\"IDENTITET\" godi\u0161nja izlo\u017eba ULUPUDSa, 2016., Beograd<\/strong><\/h5>\t\t\t\t\t\t\t\t<\/div>\n\t\t\t\t<\/div>\n\t\t\t\t\t<\/div>\n\t\t<\/div>\n\t\t\t\t\t<\/div>\n\t\t<\/section>\n\t\t\t\t<section class=\"elementor-section elementor-top-section elementor-element elementor-element-55b6d61 elementor-section-boxed elementor-section-height-default elementor-section-height-default\" data-id=\"55b6d61\" data-element_type=\"section\">\n\t\t\t\t\t\t<div class=\"elementor-container elementor-column-gap-default\">\n\t\t\t\t\t<div class=\"elementor-column elementor-col-100 elementor-top-column elementor-element elementor-element-87db386\" data-id=\"87db386\" data-element_type=\"column\">\n\t\t\t<div class=\"elementor-widget-wrap elementor-element-populated\">\n\t\t\t\t\t\t<div class=\"elementor-element elementor-element-bdf124d elementor-widget-divider--view-line elementor-widget elementor-widget-divider\" data-id=\"bdf124d\" data-element_type=\"widget\" data-widget_type=\"divider.default\">\n\t\t\t\t<div class=\"elementor-widget-container\">\n\t\t\t\t\t\t\t<div class=\"elementor-divider\">\n\t\t\t<span class=\"elementor-divider-separator\">\n\t\t\t\t\t\t<\/span>\n\t\t<\/div>\n\t\t\t\t\t\t<\/div>\n\t\t\t\t<\/div>\n\t\t\t\t\t<\/div>\n\t\t<\/div>\n\t\t\t\t\t<\/div>\n\t\t<\/section>\n\t\t\t\t<section class=\"elementor-section elementor-top-section elementor-element elementor-element-c055945 elementor-section-boxed elementor-section-height-default elementor-section-height-default\" data-id=\"c055945\" data-element_type=\"section\">\n\t\t\t\t\t\t<div class=\"elementor-container elementor-column-gap-default\">\n\t\t\t\t\t<div class=\"elementor-column elementor-col-66 elementor-top-column elementor-element elementor-element-2a1216a\" data-id=\"2a1216a\" data-element_type=\"column\">\n\t\t\t<div class=\"elementor-widget-wrap elementor-element-populated\">\n\t\t\t\t\t\t<div class=\"elementor-element elementor-element-2fd3e12 elementor-widget elementor-widget-image\" data-id=\"2fd3e12\" data-element_type=\"widget\" data-widget_type=\"image.default\">\n\t\t\t\t<div class=\"elementor-widget-container\">\n\t\t\t\t\t\t\t\t\t\t\t\t\t\t\t<img decoding=\"async\" width=\"629\" height=\"599\" src=\"https:\/\/lucijatomicic.com\/wp-content\/uploads\/2022\/07\/Img26429-1.jpg\" class=\"attachment-large size-large wp-image-1054\" alt=\"\" srcset=\"https:\/\/lucijatomicic.com\/wp-content\/uploads\/2022\/07\/Img26429-1.jpg 629w, https:\/\/lucijatomicic.com\/wp-content\/uploads\/2022\/07\/Img26429-1-300x286.jpg 300w\" sizes=\"(max-width: 629px) 100vw, 629px\" \/>\t\t\t\t\t\t\t\t\t\t\t\t\t\t\t<\/div>\n\t\t\t\t<\/div>\n\t\t\t\t\t<\/div>\n\t\t<\/div>\n\t\t\t\t<div class=\"elementor-column elementor-col-33 elementor-top-column elementor-element elementor-element-0a7e95c\" data-id=\"0a7e95c\" data-element_type=\"column\">\n\t\t\t<div class=\"elementor-widget-wrap elementor-element-populated\">\n\t\t\t\t\t\t<div class=\"elementor-element elementor-element-0b6fec4 elementor-widget elementor-widget-image\" data-id=\"0b6fec4\" data-element_type=\"widget\" data-widget_type=\"image.default\">\n\t\t\t\t<div class=\"elementor-widget-container\">\n\t\t\t\t\t\t\t\t\t\t\t\t\t\t\t<img decoding=\"async\" width=\"668\" height=\"1000\" src=\"https:\/\/lucijatomicic.com\/wp-content\/uploads\/2022\/07\/Img26427-1.jpg\" class=\"attachment-large size-large wp-image-1055\" alt=\"\" srcset=\"https:\/\/lucijatomicic.com\/wp-content\/uploads\/2022\/07\/Img26427-1.jpg 668w, https:\/\/lucijatomicic.com\/wp-content\/uploads\/2022\/07\/Img26427-1-200x300.jpg 200w\" sizes=\"(max-width: 668px) 100vw, 668px\" \/>\t\t\t\t\t\t\t\t\t\t\t\t\t\t\t<\/div>\n\t\t\t\t<\/div>\n\t\t\t\t\t<\/div>\n\t\t<\/div>\n\t\t\t\t\t<\/div>\n\t\t<\/section>\n\t\t\t\t<section class=\"elementor-section elementor-top-section elementor-element elementor-element-198cf9c elementor-section-boxed elementor-section-height-default elementor-section-height-default\" data-id=\"198cf9c\" data-element_type=\"section\">\n\t\t\t\t\t\t<div class=\"elementor-container elementor-column-gap-default\">\n\t\t\t\t\t<div class=\"elementor-column elementor-col-50 elementor-top-column elementor-element elementor-element-e3fde93\" data-id=\"e3fde93\" data-element_type=\"column\">\n\t\t\t<div class=\"elementor-widget-wrap elementor-element-populated\">\n\t\t\t\t\t\t<div class=\"elementor-element elementor-element-4e9c207 elementor-widget elementor-widget-image\" data-id=\"4e9c207\" data-element_type=\"widget\" data-widget_type=\"image.default\">\n\t\t\t\t<div class=\"elementor-widget-container\">\n\t\t\t\t\t\t\t\t\t\t\t\t\t\t\t<img loading=\"lazy\" decoding=\"async\" width=\"800\" height=\"490\" src=\"https:\/\/lucijatomicic.com\/wp-content\/uploads\/2022\/07\/1-jpg.jpg\" class=\"attachment-large size-large wp-image-1059\" alt=\"\" srcset=\"https:\/\/lucijatomicic.com\/wp-content\/uploads\/2022\/07\/1-jpg.jpg 1000w, https:\/\/lucijatomicic.com\/wp-content\/uploads\/2022\/07\/1-jpg-300x184.jpg 300w, https:\/\/lucijatomicic.com\/wp-content\/uploads\/2022\/07\/1-jpg-768x470.jpg 768w\" sizes=\"(max-width: 800px) 100vw, 800px\" \/>\t\t\t\t\t\t\t\t\t\t\t\t\t\t\t<\/div>\n\t\t\t\t<\/div>\n\t\t\t\t\t<\/div>\n\t\t<\/div>\n\t\t\t\t<div class=\"elementor-column elementor-col-50 elementor-top-column elementor-element elementor-element-2ab7e7a\" data-id=\"2ab7e7a\" data-element_type=\"column\">\n\t\t\t<div class=\"elementor-widget-wrap elementor-element-populated\">\n\t\t\t\t\t\t<div class=\"elementor-element elementor-element-0d37b6d elementor-widget elementor-widget-image\" data-id=\"0d37b6d\" data-element_type=\"widget\" data-widget_type=\"image.default\">\n\t\t\t\t<div class=\"elementor-widget-container\">\n\t\t\t\t\t\t\t\t\t\t\t\t\t\t\t<img loading=\"lazy\" decoding=\"async\" width=\"800\" height=\"534\" src=\"https:\/\/lucijatomicic.com\/wp-content\/uploads\/2022\/07\/Img26430.jpg\" class=\"attachment-large size-large wp-image-1060\" alt=\"\" srcset=\"https:\/\/lucijatomicic.com\/wp-content\/uploads\/2022\/07\/Img26430.jpg 1000w, https:\/\/lucijatomicic.com\/wp-content\/uploads\/2022\/07\/Img26430-300x200.jpg 300w, https:\/\/lucijatomicic.com\/wp-content\/uploads\/2022\/07\/Img26430-768x513.jpg 768w\" sizes=\"(max-width: 800px) 100vw, 800px\" \/>\t\t\t\t\t\t\t\t\t\t\t\t\t\t\t<\/div>\n\t\t\t\t<\/div>\n\t\t\t\t\t<\/div>\n\t\t<\/div>\n\t\t\t\t\t<\/div>\n\t\t<\/section>\n\t\t\t\t<\/div>","protected":false},"excerpt":{"rendered":"<p>Penile exercises for hardness aim to enhance vascular flow and tissue elasticity, thus improving erectile function. Techniques like Kegel routines focus on strengthening the pelvic floor muscles, which can go a long way in addressing erectile dysfunction effectively. coffee table MOVED \u00a0\u00a02015 Moved side panels create an optical illusion. Regardless of the viewpoint, it always [&hellip;]<\/p>","protected":false},"author":1,"featured_media":0,"parent":0,"menu_order":0,"comment_status":"closed","ping_status":"closed","template":"","meta":{"footnotes":""},"class_list":["post-1046","page","type-page","status-publish","hentry"],"_links":{"self":[{"href":"https:\/\/lucijatomicic.com\/sr\/wp-json\/wp\/v2\/pages\/1046","targetHints":{"allow":["GET"]}}],"collection":[{"href":"https:\/\/lucijatomicic.com\/sr\/wp-json\/wp\/v2\/pages"}],"about":[{"href":"https:\/\/lucijatomicic.com\/sr\/wp-json\/wp\/v2\/types\/page"}],"author":[{"embeddable":true,"href":"https:\/\/lucijatomicic.com\/sr\/wp-json\/wp\/v2\/users\/1"}],"replies":[{"embeddable":true,"href":"https:\/\/lucijatomicic.com\/sr\/wp-json\/wp\/v2\/comments?post=1046"}],"version-history":[{"count":23,"href":"https:\/\/lucijatomicic.com\/sr\/wp-json\/wp\/v2\/pages\/1046\/revisions"}],"predecessor-version":[{"id":3311,"href":"https:\/\/lucijatomicic.com\/sr\/wp-json\/wp\/v2\/pages\/1046\/revisions\/3311"}],"wp:attachment":[{"href":"https:\/\/lucijatomicic.com\/sr\/wp-json\/wp\/v2\/media?parent=1046"}],"curies":[{"name":"wp","href":"https:\/\/api.w.org\/{rel}","templated":true}]}}