{"id":1022,"date":"2022-07-16T09:55:46","date_gmt":"2022-07-16T09:55:46","guid":{"rendered":"https:\/\/lucijatomicic.com\/?page_id=1022"},"modified":"2024-06-24T14:03:24","modified_gmt":"2024-06-24T14:03:24","slug":"zigzag","status":"publish","type":"page","link":"https:\/\/lucijatomicic.com\/sr\/zigzag\/","title":{"rendered":"cikcak"},"content":{"rendered":"<div data-elementor-type=\"wp-page\" data-elementor-id=\"1022\" class=\"elementor elementor-1022\">\n\t\t\t\t\t\t<section class=\"elementor-section elementor-top-section elementor-element elementor-element-b1786ef elementor-section-boxed elementor-section-height-default elementor-section-height-default\" data-id=\"b1786ef\" data-element_type=\"section\">\n\t\t\t\t\t\t<div class=\"elementor-container elementor-column-gap-default\">\n\t\t\t\t\t<div class=\"elementor-column elementor-col-100 elementor-top-column elementor-element elementor-element-b8eb13e\" data-id=\"b8eb13e\" data-element_type=\"column\">\n\t\t\t<div class=\"elementor-widget-wrap elementor-element-populated\">\n\t\t\t\t\t\t<div class=\"elementor-element elementor-element-d02ddaf elementor-widget elementor-widget-text-editor\" data-id=\"d02ddaf\" data-element_type=\"widget\" data-widget_type=\"text-editor.default\">\n\t\t\t\t<div class=\"elementor-widget-container\">\n\t\t\t\t\t\t\t\t\t<p><strong>polica CIKCAK<\/strong> <strong>2016<\/strong><\/p>\t\t\t\t\t\t\t\t<\/div>\n\t\t\t\t<\/div>\n\t\t\t\t\t<\/div>\n\t\t<\/div>\n\t\t\t\t\t<\/div>\n\t\t<\/section>\n\t\t\t\t<section class=\"elementor-section elementor-top-section elementor-element elementor-element-8da5f59 elementor-section-content-middle elementor-section-boxed elementor-section-height-default elementor-section-height-default\" data-id=\"8da5f59\" data-element_type=\"section\">\n\t\t\t\t\t\t<div class=\"elementor-container elementor-column-gap-default\">\n\t\t\t\t\t<div class=\"elementor-column elementor-col-50 elementor-top-column elementor-element elementor-element-5b3069d\" data-id=\"5b3069d\" data-element_type=\"column\">\n\t\t\t<div class=\"elementor-widget-wrap elementor-element-populated\">\n\t\t\t\t\t\t<div class=\"elementor-element elementor-element-85d10d5 elementor-widget elementor-widget-image\" data-id=\"85d10d5\" data-element_type=\"widget\" data-widget_type=\"image.default\">\n\t\t\t\t<div class=\"elementor-widget-container\">\n\t\t\t\t\t\t\t\t\t\t\t\t\t\t\t<img fetchpriority=\"high\" decoding=\"async\" width=\"633\" height=\"1000\" src=\"https:\/\/lucijatomicic.com\/wp-content\/uploads\/2022\/07\/VPO2301.jpg\" class=\"attachment-large size-large wp-image-215\" alt=\"\" srcset=\"https:\/\/lucijatomicic.com\/wp-content\/uploads\/2022\/07\/VPO2301.jpg 633w, https:\/\/lucijatomicic.com\/wp-content\/uploads\/2022\/07\/VPO2301-190x300.jpg 190w\" sizes=\"(max-width: 633px) 100vw, 633px\" \/>\t\t\t\t\t\t\t\t\t\t\t\t\t\t\t<\/div>\n\t\t\t\t<\/div>\n\t\t\t\t\t<\/div>\n\t\t<\/div>\n\t\t\t\t<div class=\"elementor-column elementor-col-50 elementor-top-column elementor-element elementor-element-a0f0ece\" data-id=\"a0f0ece\" data-element_type=\"column\">\n\t\t\t<div class=\"elementor-widget-wrap elementor-element-populated\">\n\t\t\t\t\t\t<div class=\"elementor-element elementor-element-2e87d9a elementor-widget elementor-widget-text-editor\" data-id=\"2e87d9a\" data-element_type=\"widget\" data-widget_type=\"text-editor.default\">\n\t\t\t\t<div class=\"elementor-widget-container\">\n\t\t\t\t\t\t\t\t\t<h5>Ideja ovih polica je usko povezana sa dizajnom klub stola POMERENO.<\/h5><h5>Svaki segment police je nezavisan o drugom segmentu.<\/h5><h5>Oni se sastoje iz dva oblika, oba su istih dimenzija sa razli\u010ditim smerom polo\u017eaja na zidu.<\/h5><h5>Jedan segment police je nako\u0161en na levu stranu a drugi na desnu stranu.<\/h5><h5>Uglovi njihovi bo\u010dnih stranica prate to zako\u0161enje te njihov ugao nije 90 stepeni, nego se menja prema uglu zako\u0161enja police.<\/h5><h5>Re\u0111aju\u0107i  segmente jedan do drugog, u istom smeru, posti\u017eemo izgled klasi\u010dne police.<\/h5><h5>Re\u0111aju\u0107i ih naizmeni\u010dno, levi pa desni segment, dobijemo razigranu kompoziciju sa isprekidanim poljima za nosivost stvari.<\/h5><h5>Mogu se re\u0111ati u raznim smerovima: u horizontalnom i vertikalnom.<\/h5><h5>Tako\u0111e je zami\u0161ljeno da jedan segment bude sam za sebe na zidu i da slu\u017ei kao konzola ili sto.<\/h5><h5>Mogu se praviti od raznih vrsta punog drveta i drugih materijala.<\/h5>\t\t\t\t\t\t\t\t<\/div>\n\t\t\t\t<\/div>\n\t\t\t\t\t<\/div>\n\t\t<\/div>\n\t\t\t\t\t<\/div>\n\t\t<\/section>\n\t\t\t\t<section class=\"elementor-section elementor-top-section elementor-element elementor-element-673c28b elementor-section-boxed elementor-section-height-default elementor-section-height-default\" data-id=\"673c28b\" data-element_type=\"section\">\n\t\t\t\t\t\t<div class=\"elementor-container elementor-column-gap-default\">\n\t\t\t\t\t<div class=\"elementor-column elementor-col-100 elementor-top-column elementor-element elementor-element-b92ae0e\" data-id=\"b92ae0e\" data-element_type=\"column\">\n\t\t\t<div class=\"elementor-widget-wrap elementor-element-populated\">\n\t\t\t\t\t\t<div class=\"elementor-element elementor-element-98c8fb0 elementor-widget-divider--view-line elementor-widget elementor-widget-divider\" data-id=\"98c8fb0\" data-element_type=\"widget\" data-widget_type=\"divider.default\">\n\t\t\t\t<div class=\"elementor-widget-container\">\n\t\t\t\t\t\t\t<div class=\"elementor-divider\">\n\t\t\t<span class=\"elementor-divider-separator\">\n\t\t\t\t\t\t<\/span>\n\t\t<\/div>\n\t\t\t\t\t\t<\/div>\n\t\t\t\t<\/div>\n\t\t\t\t\t<\/div>\n\t\t<\/div>\n\t\t\t\t\t<\/div>\n\t\t<\/section>\n\t\t\t\t<section class=\"elementor-section elementor-top-section elementor-element elementor-element-9e74f0e elementor-section-boxed elementor-section-height-default elementor-section-height-default\" data-id=\"9e74f0e\" data-element_type=\"section\">\n\t\t\t\t\t\t<div class=\"elementor-container elementor-column-gap-default\">\n\t\t\t\t\t<div class=\"elementor-column elementor-col-33 elementor-top-column elementor-element elementor-element-9f84be5\" data-id=\"9f84be5\" data-element_type=\"column\">\n\t\t\t<div class=\"elementor-widget-wrap elementor-element-populated\">\n\t\t\t\t\t\t<div class=\"elementor-element elementor-element-df8e460 elementor-widget elementor-widget-image\" data-id=\"df8e460\" data-element_type=\"widget\" data-widget_type=\"image.default\">\n\t\t\t\t<div class=\"elementor-widget-container\">\n\t\t\t\t\t\t\t\t\t\t\t\t\t\t\t<img decoding=\"async\" width=\"668\" height=\"1000\" src=\"https:\/\/lucijatomicic.com\/wp-content\/uploads\/2022\/07\/VPO2290.jpg\" class=\"attachment-large size-large wp-image-1025\" alt=\"\" srcset=\"https:\/\/lucijatomicic.com\/wp-content\/uploads\/2022\/07\/VPO2290.jpg 668w, https:\/\/lucijatomicic.com\/wp-content\/uploads\/2022\/07\/VPO2290-200x300.jpg 200w\" sizes=\"(max-width: 668px) 100vw, 668px\" \/>\t\t\t\t\t\t\t\t\t\t\t\t\t\t\t<\/div>\n\t\t\t\t<\/div>\n\t\t\t\t\t<\/div>\n\t\t<\/div>\n\t\t\t\t<div class=\"elementor-column elementor-col-33 elementor-top-column elementor-element elementor-element-25794c4\" data-id=\"25794c4\" data-element_type=\"column\">\n\t\t\t<div class=\"elementor-widget-wrap elementor-element-populated\">\n\t\t\t\t\t\t<div class=\"elementor-element elementor-element-e2af612 elementor-widget elementor-widget-text-editor\" data-id=\"e2af612\" data-element_type=\"widget\" data-widget_type=\"text-editor.default\">\n\t\t\t\t<div class=\"elementor-widget-container\">\n\t\t\t\t\t\t\t\t\t<p>Dimenzije:<\/p><p>V 33cm\u00a0\u00a0<\/p><p>\u0160 30cm<\/p><p>D\u00a0 26cm<\/p><p>Ru\u010dno pravljene od medijapana, bojenog u mat belu boju<\/p><p>Fotografije  Vladimir Popovi\u0107<\/p><p><strong>Police izlagane na<\/strong><\/p><p><strong>,,DESIGN2017,, <\/strong><\/p><p><strong>\u00a0godi\u0161nja  izlo\u017eba<\/strong><\/p><p><strong> dizajn sekcije ULUPUDSa, 2017., Beograd<\/strong><\/p>\t\t\t\t\t\t\t\t<\/div>\n\t\t\t\t<\/div>\n\t\t\t\t\t<\/div>\n\t\t<\/div>\n\t\t\t\t<div class=\"elementor-column elementor-col-33 elementor-top-column elementor-element elementor-element-74c8939\" data-id=\"74c8939\" data-element_type=\"column\">\n\t\t\t<div class=\"elementor-widget-wrap elementor-element-populated\">\n\t\t\t\t\t\t<div class=\"elementor-element elementor-element-c2d2cde elementor-widget elementor-widget-image\" data-id=\"c2d2cde\" data-element_type=\"widget\" data-widget_type=\"image.default\">\n\t\t\t\t<div class=\"elementor-widget-container\">\n\t\t\t\t\t\t\t\t\t\t\t\t\t\t\t<img decoding=\"async\" width=\"668\" height=\"1000\" src=\"https:\/\/lucijatomicic.com\/wp-content\/uploads\/2022\/07\/VPO2295.jpg\" class=\"attachment-large size-large wp-image-1027\" alt=\"\" srcset=\"https:\/\/lucijatomicic.com\/wp-content\/uploads\/2022\/07\/VPO2295.jpg 668w, https:\/\/lucijatomicic.com\/wp-content\/uploads\/2022\/07\/VPO2295-200x300.jpg 200w\" sizes=\"(max-width: 668px) 100vw, 668px\" \/>\t\t\t\t\t\t\t\t\t\t\t\t\t\t\t<\/div>\n\t\t\t\t<\/div>\n\t\t\t\t\t<\/div>\n\t\t<\/div>\n\t\t\t\t\t<\/div>\n\t\t<\/section>\n\t\t\t\t<\/div>","protected":false},"excerpt":{"rendered":"<p>ZIGZAG \u00a0shelves 2016 The concept of these shelves is closely related to the design of the coffee table MOVED. Each shelf segment is independent of the other segments. They consist of two shapes, both of which are of the same dimensions but with different direction of the position on the wall. One shelf segment is [&hellip;]<\/p>","protected":false},"author":1,"featured_media":0,"parent":0,"menu_order":0,"comment_status":"closed","ping_status":"closed","template":"","meta":{"footnotes":""},"class_list":["post-1022","page","type-page","status-publish","hentry"],"_links":{"self":[{"href":"https:\/\/lucijatomicic.com\/sr\/wp-json\/wp\/v2\/pages\/1022","targetHints":{"allow":["GET"]}}],"collection":[{"href":"https:\/\/lucijatomicic.com\/sr\/wp-json\/wp\/v2\/pages"}],"about":[{"href":"https:\/\/lucijatomicic.com\/sr\/wp-json\/wp\/v2\/types\/page"}],"author":[{"embeddable":true,"href":"https:\/\/lucijatomicic.com\/sr\/wp-json\/wp\/v2\/users\/1"}],"replies":[{"embeddable":true,"href":"https:\/\/lucijatomicic.com\/sr\/wp-json\/wp\/v2\/comments?post=1022"}],"version-history":[{"count":31,"href":"https:\/\/lucijatomicic.com\/sr\/wp-json\/wp\/v2\/pages\/1022\/revisions"}],"predecessor-version":[{"id":2787,"href":"https:\/\/lucijatomicic.com\/sr\/wp-json\/wp\/v2\/pages\/1022\/revisions\/2787"}],"wp:attachment":[{"href":"https:\/\/lucijatomicic.com\/sr\/wp-json\/wp\/v2\/media?parent=1022"}],"curies":[{"name":"wp","href":"https:\/\/api.w.org\/{rel}","templated":true}]}}